{"id":57,"date":"2018-11-30T09:30:56","date_gmt":"2018-11-30T09:30:56","guid":{"rendered":"https:\/\/greenly-demo.pbminfotech.com\/greenly-datasite-6\/?page_id=8549"},"modified":"2024-07-30T17:21:35","modified_gmt":"2024-07-30T14:21:35","slug":"konsorsiyum","status":"publish","type":"page","link":"https:\/\/www.sumpizmir.org\/tr\/konsorsiyum\/","title":{"rendered":"Konsorsiyum"},"content":{"rendered":"<div class=\"wpb-content-wrapper\"><p>[vc_row full_width=&#8221;stretch_row&#8221; cspt-responsive-css=&#8221;99458424|colbreak_yes|||||||||colbreak_no|||||||||colbreak_no||||||||||colbreak_no|||||||||&#8221; css=&#8221;.vc_custom_1715868229688{margin-top: -150px !important;}&#8221;][vc_column width=&#8221;5\/12&#8243; css=&#8221;.vc_custom_1646375394294{background-position: center !important;background-repeat: no-repeat !important;background-size: cover !important;}&#8221; cspt-responsive-css=&#8221;86122254|colbreak_no||||||30px||30px|colbreak_no|||||||||colbreak_no||||||||||colbreak_no|||||||||&#8221; offset=&#8221;vc_col-lg-7 vc_col-md-7&#8243;][vc_single_image image=&#8221;725&#8243; img_size=&#8221;576&#215;579&#8243; css_animation=&#8221;rotateInDownLeft&#8221;][\/vc_column][vc_column width=&#8221;7\/12&#8243; css=&#8221;.vc_custom_1646375612214{margin-left: -15px !important;padding-top: 50px !important;padding-bottom: 0px !important;padding-left: 0px !important;}&#8221; cspt-responsive-css=&#8221;34198916|colbreak_no||0||0||30px||30px|colbreak_no|||||||||colbreak_no||||||||||colbreak_no|||||||||&#8221; offset=&#8221;vc_col-lg-5 vc_col-md-5&#8243;][vc_column_text css=&#8221;.vc_custom_1715868329934{margin-top: -8px !important;}&#8221;]Konsorsiyumumuzda ula\u015ft\u0131rma, SKUp geli\u015ftirme, politika geli\u015ftirme, hareketlilik planlamas\u0131 ve yerel planlama konular\u0131nda \u00f6nc\u00fc olan Avrupal\u0131 \u015firketlerin yan\u0131 s\u0131ra T\u00fcrk \u015firketler de yer almaktad\u0131r.[\/vc_column_text]<div  class=\"creativesplanet-ul-list cspt-list-padding-0 cspt-ul-type-icon\"><ul><li><i class=\"cspt-globalcolor entypo-icon entypo-icon-check\"><\/i> Kurumsal Geli\u015fim, Ekonomi ve Sosyal \u0130leti\u015fim <\/li><li><i class=\"cspt-globalcolor entypo-icon entypo-icon-check\"><\/i> Yapay Zeka, B\u00fcy\u00fck Veri ve Bulut Bili\u015fim <\/li><li><i class=\"cspt-globalcolor entypo-icon entypo-icon-check\"><\/i> Ak\u0131ll\u0131 Ula\u015f\u0131m Sistemleri (AUS)<\/li><li><i class=\"cspt-globalcolor entypo-icon entypo-icon-check\"><\/i> Hareketlilik Y\u00f6netimi<\/li><li><i class=\"cspt-globalcolor entypo-icon entypo-icon-check\"><\/i> Analitik ve Modelleme<\/li><li><i class=\"cspt-globalcolor entypo-icon entypo-icon-check\"><\/i> Ula\u015ft\u0131rma M\u00fchendisli\u011fi<\/li><\/ul><\/div>[\/vc_column][\/vc_row][vc_row cspt-bg-image-position=&#8221;center-center&#8221; full_width=&#8221;stretch_row&#8221; css=&#8221;.vc_custom_1715958313824{padding-top: 100px !important;padding-bottom: 30px !important;}&#8221; el_class=&#8221;cspt-bgimg-ipad-hide cspt-bgimg-mobi-hide&#8221; cspt-responsive-css=&#8221;66978882|colbreak_no||||||30px||30px|colbreak_no|||||||80||colbreak_no|||||||70|||colbreak_no|||||||||&#8221;][vc_column el_class=&#8221;cspt-steps-counter-line-about&#8221; css=&#8221;.vc_custom_1646375878810{padding-right: 0px !important;padding-left: 0px !important;}&#8221;]<div  class=\"creativesplanet-element creativesplanet-element-static_box cspt-element-static_box-style-1 creativesplanet-element-viewtype-row-column\" data-show=\"3\" data-columns=\"3\" data-loop=\"false\" data-autoplay=\"false\" data-center=\"false\" data-nav=\"false\" data-dots=\"false\" data-autoplayspeed=\"1000\" data-margin=\"\"><div class=\"creativesplanet-element-inner\"><div class=\"cspt-element-posts-wrapper row multi-columns-row\"><div class=\"cspt-ele cspt-staticbox-ele col-md-4 \"><div class=\"row cspt-static-box cspt-static-box-style-1\">\r\n\t<div class=\"col-lg-6 col-md-12 cspt-contentbox\">\r\n\t    <img decoding=\"async\" width=\"180\" height=\"200\" src=\"https:\/\/www.sumpizmir.org\/tr\/wp-content\/uploads\/2024\/05\/6.png\" class=\"cspt_vc_single_image-img attachment-full\" alt=\"\" title=\"6\" data-id=\"755\" \/>\t<\/div>\r\n\t<div class=\"col-lg-6 col-md-12 cspt-contentbox\">\r\n\t\t<div class=\"cspt-static-box-inner\">\r\n\t\t    <div class=\"creativesplanet-box-title\"><h4>MuConsult<\/h4><\/div>\t\t    <div class=\"creativesplanet-static-box-desc\">Hollanda<\/div>\t\t\t<a class=\"cspt-staticbox-more-link cspt-more-bt\" href=\"https:\/\/muconsult.nl\/\" title=\"\" target=\"_blank\">&gt;<\/a>\t\t<\/div>\r\n\t<\/div>\r\n<\/div><\/div><div class=\"cspt-ele cspt-staticbox-ele col-md-4 \"><div class=\"row cspt-static-box cspt-static-box-style-1\">\r\n\t<div class=\"col-lg-6 col-md-12 cspt-contentbox\">\r\n\t    <img decoding=\"async\" width=\"180\" height=\"200\" src=\"https:\/\/www.sumpizmir.org\/tr\/wp-content\/uploads\/2024\/05\/4.png\" class=\"cspt_vc_single_image-img attachment-full\" alt=\"\" title=\"4\" data-id=\"753\" \/>\t<\/div>\r\n\t<div class=\"col-lg-6 col-md-12 cspt-contentbox\">\r\n\t\t<div class=\"cspt-static-box-inner\">\r\n\t\t    <div class=\"creativesplanet-box-title\"><h4>Panteia<\/h4><\/div>\t\t    <div class=\"creativesplanet-static-box-desc\">Hollanda<\/div>\t\t\t<a class=\"cspt-staticbox-more-link cspt-more-bt\" href=\"https:\/\/panteia.nl\/\" title=\"\" target=\"_blank\">&gt;<\/a>\t\t<\/div>\r\n\t<\/div>\r\n<\/div><\/div><div class=\"cspt-ele cspt-staticbox-ele col-md-4 \"><div class=\"row cspt-static-box cspt-static-box-style-1\">\r\n\t<div class=\"col-lg-6 col-md-12 cspt-contentbox\">\r\n\t    <img decoding=\"async\" width=\"180\" height=\"200\" src=\"https:\/\/www.sumpizmir.org\/tr\/wp-content\/uploads\/2024\/05\/2.png\" class=\"cspt_vc_single_image-img attachment-full\" alt=\"\" title=\"2\" data-id=\"751\" \/>\t<\/div>\r\n\t<div class=\"col-lg-6 col-md-12 cspt-contentbox\">\r\n\t\t<div class=\"cspt-static-box-inner\">\r\n\t\t    <div class=\"creativesplanet-box-title\"><h4>Rupprecht Consult<\/h4><\/div>\t\t    <div class=\"creativesplanet-static-box-desc\">Almanya<\/div>\t\t\t<a class=\"cspt-staticbox-more-link cspt-more-bt\" href=\"https:\/\/www.rupprecht-consult.eu\/\" title=\"\" target=\"_blank\">&gt;<\/a>\t\t<\/div>\r\n\t<\/div>\r\n<\/div><\/div><div class=\"cspt-ele cspt-staticbox-ele col-md-4 \"><div class=\"row cspt-static-box cspt-static-box-style-1\">\r\n\t<div class=\"col-lg-6 col-md-12 cspt-contentbox\">\r\n\t    <img decoding=\"async\" width=\"180\" height=\"200\" src=\"https:\/\/www.sumpizmir.org\/tr\/wp-content\/uploads\/2024\/05\/3.png\" class=\"cspt_vc_single_image-img attachment-full\" alt=\"\" title=\"3\" data-id=\"752\" \/>\t<\/div>\r\n\t<div class=\"col-lg-6 col-md-12 cspt-contentbox\">\r\n\t\t<div class=\"cspt-static-box-inner\">\r\n\t\t    <div class=\"creativesplanet-box-title\"><h4>Parabol<\/h4><\/div>\t\t    <div class=\"creativesplanet-static-box-desc\">T\u00fcrkiye<\/div>\t\t\t<a class=\"cspt-staticbox-more-link cspt-more-bt\" href=\"https:\/\/www.paraboly.com\/tr\" title=\"\" target=\"_blank\">&gt;<\/a>\t\t<\/div>\r\n\t<\/div>\r\n<\/div><\/div><div class=\"cspt-ele cspt-staticbox-ele col-md-4 \"><div class=\"row cspt-static-box cspt-static-box-style-1\">\r\n\t<div class=\"col-lg-6 col-md-12 cspt-contentbox\">\r\n\t    <img decoding=\"async\" width=\"180\" height=\"200\" src=\"https:\/\/www.sumpizmir.org\/tr\/wp-content\/uploads\/2024\/05\/5.png\" class=\"cspt_vc_single_image-img attachment-full\" alt=\"\" title=\"5\" data-id=\"754\" \/>\t<\/div>\r\n\t<div class=\"col-lg-6 col-md-12 cspt-contentbox\">\r\n\t\t<div class=\"cspt-static-box-inner\">\r\n\t\t    <div class=\"creativesplanet-box-title\"><h4>BNN<\/h4><\/div>\t\t    <div class=\"creativesplanet-static-box-desc\">T\u00fcrkiye<\/div>\t\t\t<a class=\"cspt-staticbox-more-link cspt-more-bt\" href=\"https:\/\/bnn.com.tr\/\" title=\"\" target=\"_blank\">&gt;<\/a>\t\t<\/div>\r\n\t<\/div>\r\n<\/div><\/div><div class=\"cspt-ele cspt-staticbox-ele col-md-4 \"><div class=\"row cspt-static-box cspt-static-box-style-1\">\r\n\t<div class=\"col-lg-6 col-md-12 cspt-contentbox\">\r\n\t    <img decoding=\"async\" width=\"180\" height=\"200\" src=\"https:\/\/www.sumpizmir.org\/tr\/wp-content\/uploads\/2024\/05\/1.png\" class=\"cspt_vc_single_image-img attachment-full\" alt=\"\" title=\"1\" data-id=\"750\" \/>\t<\/div>\r\n\t<div class=\"col-lg-6 col-md-12 cspt-contentbox\">\r\n\t\t<div class=\"cspt-static-box-inner\">\r\n\t\t    <div class=\"creativesplanet-box-title\"><h4>POLIS<\/h4><\/div>\t\t    <div class=\"creativesplanet-static-box-desc\">Bel\u00e7ika<\/div>\t\t\t<a class=\"cspt-staticbox-more-link cspt-more-bt\" href=\"https:\/\/www.polisnetwork.eu\/\" title=\"\" target=\"_blank\">&gt;<\/a>\t\t<\/div>\r\n\t<\/div>\r\n<\/div><\/div><\/div><!-- .row multi-columns-row creativesplanet-boxes-row-wrapper -->  <\/div><!-- .creativesplanet-element-inner -->   <\/div><!-- .creativesplanet-element -->  [\/vc_column][\/vc_row][vc_row cspt-responsive-css=&#8221;49792010|colbreak_no|||||||||colbreak_no|||||||||colbreak_no||||||||||colbreak_no|||||||||&#8221; css=&#8221;.vc_custom_1715958262232{padding-bottom: 10px !important;}&#8221;][vc_column cspt-responsive-css=&#8221;79376412|colbreak_no||||||30px||30px|colbreak_no|||||||||colbreak_no||||||||||colbreak_no|||||||||&#8221;][vc_column_text]\u0130zmir B\u00fcy\u00fck\u015fehir Belediyesi&#8217;ne dan\u0131\u015fmanl\u0131k hizmeti veren <strong>MuConsult-Panteia<\/strong> (Hollanda), kurumsal geli\u015fim, ekonomi ve sosyal ileti\u015fim \u00fczerine yo\u011funla\u015farak s\u00fcrd\u00fcr\u00fclebilir hareketlili\u011fin geli\u015ftirilmesi konusunda uzmanla\u015fm\u0131\u015ft\u0131r. <strong>Rupprecht Consult<\/strong> (Almanya), SKUp k\u0131lavuzlar\u0131n\u0131n geli\u015ftirici \u015firketlerinden ve yazarlar\u0131ndan biridir ve \u00e7e\u015fitli b\u00f6lgeleri ve \u015fehirleri (kat\u0131l\u0131mc\u0131) geli\u015ftirme ve uygulama konusunda desteklemi\u015ftir. <strong>Parabol<\/strong> (T\u00fcrkiye), Ak\u0131ll\u0131 Ula\u015f\u0131m Sistemleri (AUS) ve hareketlilik y\u00f6netim merkezli yaz\u0131l\u0131mlar alan\u0131nda T\u00fcrkiye&#8217;de %70 pazar pay\u0131 ile lider konumdad\u0131r. Parabol; hareketlilik y\u00f6netimi, analitik ve modelleme konular\u0131nda geni\u015f bir uzmanl\u0131\u011fa sahiptir. Yapay zeka, b\u00fcy\u00fck veri ve bulut bili\u015fim alanlar\u0131ndaki en son teknolojileri kullanarak \u00e7e\u015fitli kaynaklardan hareketlilikle ilgili verileri toplamakta ve i\u015flemektedir. <strong>BNN<\/strong> (T\u00fcrkiye), ula\u015ft\u0131rma alan\u0131nda Kamu Sekt\u00f6r\u00fc M\u00fc\u015fterilerine ihtiyaca \u00f6zel \u00e7\u00f6z\u00fcmler sunan T\u00fcrkiye&#8217;nin \u00f6nde gelen m\u00fchendislik ve dan\u0131\u015fmanl\u0131k \u015firketlerinden biridir. <strong>POLIS<\/strong> (Bel\u00e7ika), kentsel hareketlilik alan\u0131nda yeniliklere odaklanan 150 \u015fehir ve b\u00f6lgeden olu\u015fan bir a\u011fd\u0131r. \u0130zmir S\u00fcrd\u00fcr\u00fclebilir Kentsel Ula\u015f\u0131m Plan\u0131na \u00f6nemli \u00f6l\u00e7\u00fcde destek sa\u011flayarak S\u00fcrd\u00fcr\u00fclebilir Kentsel Ula\u015f\u0131m Planlar\u0131n\u0131n (SKUp) kavramsalla\u015ft\u0131r\u0131lmas\u0131nda kilit bir role sahiptir. Konsorsiyum, SKUp ve SKUp tedbirleri konusunda kurumsal ve profesyonel kapasite geli\u015ftirme faaliyetleri ve bilgi al\u0131\u015fveri\u015fi sa\u011flamaktad\u0131r.[\/vc_column_text][\/vc_column][\/vc_row]<\/p>\n<\/div>","protected":false},"excerpt":{"rendered":"<p>[vc_row full_width=&#8221;stretch_row&#8221; cspt-responsive-css=&#8221;99458424|colbreak_yes|||||||||colbreak_no|||||||||colbreak_no||||||||||colbreak_no|||||||||&#8221; css=&#8221;.vc_custom_1715868229688{margin-top: -150px !important;}&#8221;][vc_column width=&#8221;5\/12&#8243; css=&#8221;.vc_custom_1646375394294{background-position: center !important;background-repeat: no-repeat !important;background-size: cover !important;}&#8221; cspt-responsive-css=&#8221;86122254|colbreak_no||||||30px||30px|colbreak_no|||||||||colbreak_no||||||||||colbreak_no|||||||||&#8221; offset=&#8221;vc_col-lg-7 vc_col-md-7&#8243;][vc_single_image image=&#8221;725&#8243; img_size=&#8221;576&#215;579&#8243; css_animation=&#8221;rotateInDownLeft&#8221;][\/vc_column][vc_column width=&#8221;7\/12&#8243; css=&#8221;.vc_custom_1646375612214{margin-left: -15px !important;padding-top: 50px !important;padding-bottom: 0px !important;padding-left: 0px !important;}&#8221; cspt-responsive-css=&#8221;34198916|colbreak_no||0||0||30px||30px|colbreak_no|||||||||colbreak_no||||||||||colbreak_no|||||||||&#8221; offset=&#8221;vc_col-lg-5 vc_col-md-5&#8243;][vc_column_text css=&#8221;.vc_custom_1715868329934{margin-top: -8px !important;}&#8221;]Konsorsiyumumuzda ula\u015ft\u0131rma, SKUp geli\u015ftirme, politika geli\u015ftirme, hareketlilik planlamas\u0131 ve yerel planlama konular\u0131nda \u00f6nc\u00fc olan Avrupal\u0131 \u015firketlerin yan\u0131 s\u0131ra T\u00fcrk \u015firketler de yer almaktad\u0131r.[\/vc_column_text][\/vc_column][\/vc_row][vc_row cspt-bg-image-position=&#8221;center-center&#8221; full_width=&#8221;stretch_row&#8221; css=&#8221;.vc_custom_1715958313824{padding-top: 100px !important;padding-bottom: 30px !important;}&#8221; el_class=&#8221;cspt-bgimg-ipad-hide cspt-bgimg-mobi-hide&#8221; cspt-responsive-css=&#8221;66978882|colbreak_no||||||30px||30px|colbreak_no|||||||80||colbreak_no|||||||70|||colbreak_no|||||||||&#8221;][vc_column el_class=&#8221;cspt-steps-counter-line-about&#8221; css=&#8221;.vc_custom_1646375878810{padding-right:[&hellip;]<\/p>\n","protected":false},"author":1,"featured_media":0,"parent":0,"menu_order":12,"comment_status":"closed","ping_status":"closed","template":"","meta":{"_acf_changed":false,"footnotes":""},"class_list":["post-57","page","type-page","status-publish","hentry"],"acf":[],"_links":{"self":[{"href":"https:\/\/www.sumpizmir.org\/tr\/wp-json\/wp\/v2\/pages\/57","targetHints":{"allow":["GET"]}}],"collection":[{"href":"https:\/\/www.sumpizmir.org\/tr\/wp-json\/wp\/v2\/pages"}],"about":[{"href":"https:\/\/www.sumpizmir.org\/tr\/wp-json\/wp\/v2\/types\/page"}],"author":[{"embeddable":true,"href":"https:\/\/www.sumpizmir.org\/tr\/wp-json\/wp\/v2\/users\/1"}],"replies":[{"embeddable":true,"href":"https:\/\/www.sumpizmir.org\/tr\/wp-json\/wp\/v2\/comments?post=57"}],"version-history":[{"count":42,"href":"https:\/\/www.sumpizmir.org\/tr\/wp-json\/wp\/v2\/pages\/57\/revisions"}],"predecessor-version":[{"id":987,"href":"https:\/\/www.sumpizmir.org\/tr\/wp-json\/wp\/v2\/pages\/57\/revisions\/987"}],"wp:attachment":[{"href":"https:\/\/www.sumpizmir.org\/tr\/wp-json\/wp\/v2\/media?parent=57"}],"curies":[{"name":"wp","href":"https:\/\/api.w.org\/{rel}","templated":true}]}}