{"id":52,"date":"2018-11-30T10:48:57","date_gmt":"2018-11-30T10:48:57","guid":{"rendered":"https:\/\/greenly-demo.pbminfotech.com\/greenly-datasite-6\/?page_id=8593"},"modified":"2025-08-19T15:20:43","modified_gmt":"2025-08-19T12:20:43","slug":"iletisim","status":"publish","type":"page","link":"https:\/\/www.sumpizmir.org\/tr\/iletisim\/","title":{"rendered":"\u0130leti\u015fim"},"content":{"rendered":"<div class=\"wpb-content-wrapper\"><p>[vc_row full_width=&#8221;stretch_row_content_no_spaces&#8221;][vc_column][vc_raw_html css=&#8221;.vc_custom_1753879633293{margin-bottom: 0px !important;}&#8221;]JTNDZGl2JTIwc3R5bGUlM0QlMjJoZWlnaHQlM0E0NTBweCUzQiUyMiUzRSUwQSUzQ2lmcmFtZSUyMHNyYyUzRCUyMmh0dHBzJTNBJTJGJTJGd3d3Lmdvb2dsZS5jb20lMkZtYXBzJTJGZW1iZWQlM0ZwYiUzRCUyMTFtMTglMjExbTEyJTIxMW0zJTIxMWQxODU4LjU1NDYxNjIwOTg3NTElMjEyZDI3LjE0MjkzODQxMDI4MTMxNCUyMTNkMzguNDI1MjA4ODY5NzIyOTE1JTIxMm0zJTIxMWYwJTIxMmYwJTIxM2YwJTIxM20yJTIxMWkxMDI0JTIxMmk3NjglMjE0ZjEzLjElMjEzbTMlMjExbTIlMjExczB4MTRiYmQ4ZTI0OGNmYmU3ZiUyNTNBMHhlNmUxMGZjOTQ0MGM5YmI0JTIxMnp4TEI2YldseUlFTER2SG5Edkd2Rm4yVm9hWElnUW1Wc1pXUnBlV1Z6YVElMjE1ZTAlMjEzbTIlMjExc3RyJTIxMnN0ciUyMTR2MTc1Mzg3OTQwMjE4OCUyMTVtMiUyMTFzdHIlMjEyc3RyJTIyJTIwd2lkdGglM0QlMjIyMDAwJTIyJTIwaGVpZ2h0JTNEJTIyNTAwJTIyJTIwc3R5bGUlM0QlMjJib3JkZXIlM0EwJTNCJTIyJTIwYWxsb3dmdWxsc2NyZWVuJTNEJTIyJTIyJTIwbG9hZGluZyUzRCUyMmxhenklMjIlMjByZWZlcnJlcnBvbGljeSUzRCUyMm5vLXJlZmVycmVyLXdoZW4tZG93bmdyYWRlJTIyJTNFJTNDJTJGaWZyYW1lJTNFJTNDJTJGZGl2JTNF[\/vc_raw_html][\/vc_column][\/vc_row][vc_row cspt-bg-color=&#8221;white&#8221; cspt-zindex=&#8221;2&#8243; cspt-responsive-css=&#8221;80506668|colbreak_no||30px||30px|||60px||colbreak_yes|||||||||colbreak_no|||||10px|10px||10px||colbreak_no|||||||||&#8221; css=&#8221;.vc_custom_1722865400255{padding-top: 0px !important;}&#8221;][vc_column cspt-text-color=&#8221;white&#8221; cspt-bg-color=&#8221;globalcolor&#8221; width=&#8221;5\/12&#8243; cspt-responsive-css=&#8221;73834559|colbreak_no||0||0|||||colbreak_no||0||0|||||colbreak_no||||||||||colbreak_no|||||||||&#8221; css=&#8221;.vc_custom_1646109657472{margin-top: -100px !important;margin-left: 15px !important;padding-top: 70px !important;padding-right: 60px !important;padding-bottom: 60px !important;padding-left: 60px !important;}&#8221;][vc_custom_heading text=&#8221;Sorunuz mu var?&#8221; font_container=&#8221;tag:h2|font_size:50px|text_align:left|line_height:65px&#8221; use_theme_fonts=&#8221;yes&#8221;][vc_row_inner css=&#8221;.vc_custom_1543579464029{padding-top: 45px !important;}&#8221;][vc_column_inner][vc_custom_heading text=&#8221;Adres&#8221; font_container=&#8221;tag:h5|font_size:20px|text_align:left&#8221; use_theme_fonts=&#8221;yes&#8221;][vc_column_text]\u0130zmir B\u00fcy\u00fck\u015fehir Belediyesi | Ula\u015f\u0131m Dairesi Ba\u015fkanl\u0131\u011f\u0131<br \/>\nMimar Sinan Mah. 9 Eyl\u00fcl Meydan\u0131 No:9\/1 K\u00fclt\u00fcrpark i\u00e7i 1 Nolu Hol, Konak\/\u0130zmir[\/vc_column_text][\/vc_column_inner][\/vc_row_inner][vc_row_inner css=&#8221;.vc_custom_1543579470108{padding-top: 15px !important;}&#8221;][vc_column_inner][vc_custom_heading text=&#8221;Telefon&#8221; font_container=&#8221;tag:h5|font_size:20px|text_align:left&#8221; use_theme_fonts=&#8221;yes&#8221;][vc_column_text](+90) 232 2936084[\/vc_column_text][\/vc_column_inner][\/vc_row_inner][vc_row_inner css=&#8221;.vc_custom_1543579475796{padding-top: 15px !important;}&#8221;][vc_column_inner][vc_custom_heading text=&#8221;E-posta&#8221; font_container=&#8221;tag:h5|font_size:20px|text_align:left&#8221; use_theme_fonts=&#8221;yes&#8221;][vc_column_text]sumpizmir@izmir.bel.tr[\/vc_column_text][\/vc_column_inner][\/vc_row_inner][vc_column_text css=&#8221;.vc_custom_1543579258561{margin-bottom: 0px !important;}&#8221;]<ul class=\"cspt-social-links\"><li class=\"cspt-social-li cspt-social-facebook \"><a  href=\"https:\/\/facebook.com\/sumpizmir\" target=\"_blank\"><span><i class=\"cspt-base-icon-facebook-squared\"><\/i><\/span><\/a><\/li><li class=\"cspt-social-li cspt-social-twitter \"><a  href=\"https:\/\/twitter.com\/sumpizmir\" target=\"_blank\"><span><i class=\"cspt-base-icon-twitter\"><\/i><\/span><\/a><\/li><li class=\"cspt-social-li cspt-social-linkedin \"><a  href=\"https:\/\/www.linkedin.com\/company\/sumpizmir\/\" target=\"_blank\"><span><i class=\"cspt-base-icon-linkedin-squared\"><\/i><\/span><\/a><\/li><li class=\"cspt-social-li cspt-social-youtube \"><a  href=\"https:\/\/www.youtube.com\/channel\/UCQn3j_t9x0kAW-SGcsmWQ_A\" target=\"_blank\"><span><i class=\"cspt-base-icon-youtube-play\"><\/i><\/span><\/a><\/li><li class=\"cspt-social-li cspt-social-instagram \"><a  href=\"https:\/\/www.instagram.com\/sumpizmir\/\" target=\"_blank\"><span><i class=\"cspt-base-icon-instagram\"><\/i><\/span><\/a><\/li><\/ul>[\/vc_column_text][\/vc_column][vc_column width=&#8221;7\/12&#8243; cspt-responsive-css=&#8221;65164017|colbreak_no|||||80px|0||50px|colbreak_no||0||0||0||0|colbreak_no|||||50px|||||colbreak_no|||||||||&#8221; css=&#8221;.vc_custom_1646109765087{padding-top: 90px !important;padding-left: 70px !important;}&#8221;][vc_custom_heading text=&#8221;Bize Ula\u015f\u0131n&#8221; font_container=&#8221;tag:h4|text_align:left&#8221; use_theme_fonts=&#8221;yes&#8221; css=&#8221;.vc_custom_1715866482946{margin-bottom: 30px !important;}&#8221;]\n<div class=\"wpcf7 no-js\" id=\"wpcf7-f46-o1\" lang=\"en-US\" dir=\"ltr\" data-wpcf7-id=\"46\">\n<div class=\"screen-reader-response\"><p role=\"status\" aria-live=\"polite\" aria-atomic=\"true\"><\/p> <ul><\/ul><\/div>\n<form action=\"\/tr\/wp-json\/wp\/v2\/pages\/52#wpcf7-f46-o1\" method=\"post\" class=\"wpcf7-form init\" aria-label=\"Contact form\" novalidate=\"novalidate\" data-status=\"init\">\n<fieldset class=\"hidden-fields-container\"><input type=\"hidden\" name=\"_wpcf7\" value=\"46\" \/><input type=\"hidden\" name=\"_wpcf7_version\" value=\"6.1.5\" \/><input type=\"hidden\" name=\"_wpcf7_locale\" value=\"en_US\" \/><input type=\"hidden\" name=\"_wpcf7_unit_tag\" value=\"wpcf7-f46-o1\" \/><input type=\"hidden\" name=\"_wpcf7_container_post\" value=\"0\" \/><input type=\"hidden\" name=\"_wpcf7_posted_data_hash\" value=\"\" \/>\n<\/fieldset>\n<div class=\"cspt-main-form\">\n\t<div class=\"row\">\n\t\t<div class=\"col-sm-12\">\n\t\t\t<div class=\"input-group\">\n\t\t\t\t<p><span class=\"wpcf7-form-control-wrap\" data-name=\"your-name\"><input size=\"40\" maxlength=\"400\" class=\"wpcf7-form-control wpcf7-text\" aria-invalid=\"false\" placeholder=\"Ad\u0131n\u0131z Soyad\u0131n\u0131z *\" value=\"\" type=\"text\" name=\"your-name\" \/><\/span>\n\t\t\t\t<\/p>\n\t\t\t<\/div>\n\t\t<\/div>\n\t\t<div class=\"col-sm-12\">\n\t\t\t<div class=\"input-group\">\n\t\t\t\t<p><span class=\"wpcf7-form-control-wrap\" data-name=\"your-email\"><input size=\"40\" maxlength=\"400\" class=\"wpcf7-form-control wpcf7-email wpcf7-validates-as-required wpcf7-text wpcf7-validates-as-email\" aria-required=\"true\" aria-invalid=\"false\" placeholder=\"E-posta Adresiniz *\" value=\"\" type=\"email\" name=\"your-email\" \/><\/span>\n\t\t\t\t<\/p>\n\t\t\t<\/div>\n\t\t<\/div>\n\t\t<div class=\"col-sm-12\">\n\t\t\t<div class=\"input-group input-button\">\n\t\t\t\t<p><span class=\"wpcf7-form-control-wrap\" data-name=\"message\"><textarea cols=\"40\" rows=\"5\" maxlength=\"2000\" class=\"wpcf7-form-control wpcf7-textarea\" aria-invalid=\"false\" placeholder=\"Mesaj\u0131n\u0131z\" name=\"message\"><\/textarea><\/span>\n\t\t\t\t<\/p>\n\t\t\t<\/div>\n\t\t<\/div>\n\t\t<div class=\"col-sm-12\">\n\t\t\t<div class=\"input-group input-button\">\n\t\t\t\t<p><input class=\"wpcf7-form-control wpcf7-submit has-spinner\" type=\"submit\" value=\"G\u00f6nder\" \/>\n\t\t\t\t<\/p>\n\t\t\t<\/div>\n\t\t<\/div>\n\t<\/div>\n<\/div><div class=\"wpcf7-response-output\" aria-hidden=\"true\"><\/div>\n<\/form>\n<\/div>\n[\/vc_column][\/vc_row]<\/p>\n<\/div>","protected":false},"excerpt":{"rendered":"<p>[vc_row full_width=&#8221;stretch_row_content_no_spaces&#8221;][vc_column][vc_raw_html css=&#8221;.vc_custom_1753879633293{margin-bottom: 0px !important;}&#8221;]JTNDZGl2JTIwc3R5bGUlM0QlMjJoZWlnaHQlM0E0NTBweCUzQiUyMiUzRSUwQSUzQ2lmcmFtZSUyMHNyYyUzRCUyMmh0dHBzJTNBJTJGJTJGd3d3Lmdvb2dsZS5jb20lMkZtYXBzJTJGZW1iZWQlM0ZwYiUzRCUyMTFtMTglMjExbTEyJTIxMW0zJTIxMWQxODU4LjU1NDYxNjIwOTg3NTElMjEyZDI3LjE0MjkzODQxMDI4MTMxNCUyMTNkMzguNDI1MjA4ODY5NzIyOTE1JTIxMm0zJTIxMWYwJTIxMmYwJTIxM2YwJTIxM20yJTIxMWkxMDI0JTIxMmk3NjglMjE0ZjEzLjElMjEzbTMlMjExbTIlMjExczB4MTRiYmQ4ZTI0OGNmYmU3ZiUyNTNBMHhlNmUxMGZjOTQ0MGM5YmI0JTIxMnp4TEI2YldseUlFTER2SG5Edkd2Rm4yVm9hWElnUW1Wc1pXUnBlV1Z6YVElMjE1ZTAlMjEzbTIlMjExc3RyJTIxMnN0ciUyMTR2MTc1Mzg3OTQwMjE4OCUyMTVtMiUyMTFzdHIlMjEyc3RyJTIyJTIwd2lkdGglM0QlMjIyMDAwJTIyJTIwaGVpZ2h0JTNEJTIyNTAwJTIyJTIwc3R5bGUlM0QlMjJib3JkZXIlM0EwJTNCJTIyJTIwYWxsb3dmdWxsc2NyZWVuJTNEJTIyJTIyJTIwbG9hZGluZyUzRCUyMmxhenklMjIlMjByZWZlcnJlcnBvbGljeSUzRCUyMm5vLXJlZmVycmVyLXdoZW4tZG93bmdyYWRlJTIyJTNFJTNDJTJGaWZyYW1lJTNFJTNDJTJGZGl2JTNF[\/vc_raw_html][\/vc_column][\/vc_row][vc_row cspt-bg-color=&#8221;white&#8221; cspt-zindex=&#8221;2&#8243; cspt-responsive-css=&#8221;80506668|colbreak_no||30px||30px|||60px||colbreak_yes|||||||||colbreak_no|||||10px|10px||10px||colbreak_no|||||||||&#8221; css=&#8221;.vc_custom_1722865400255{padding-top: 0px !important;}&#8221;][vc_column cspt-text-color=&#8221;white&#8221; cspt-bg-color=&#8221;globalcolor&#8221; width=&#8221;5\/12&#8243; cspt-responsive-css=&#8221;73834559|colbreak_no||0||0|||||colbreak_no||0||0|||||colbreak_no||||||||||colbreak_no|||||||||&#8221; css=&#8221;.vc_custom_1646109657472{margin-top: -100px !important;margin-left: 15px !important;padding-top: 70px !important;padding-right: 60px !important;padding-bottom: 60px !important;padding-left: 60px !important;}&#8221;][vc_custom_heading text=&#8221;Sorunuz mu var?&#8221; font_container=&#8221;tag:h2|font_size:50px|text_align:left|line_height:65px&#8221; use_theme_fonts=&#8221;yes&#8221;][vc_row_inner css=&#8221;.vc_custom_1543579464029{padding-top: 45px !important;}&#8221;][vc_column_inner][vc_custom_heading text=&#8221;Adres&#8221; font_container=&#8221;tag:h5|font_size:20px|text_align:left&#8221; use_theme_fonts=&#8221;yes&#8221;][vc_column_text]\u0130zmir B\u00fcy\u00fck\u015fehir Belediyesi | Ula\u015f\u0131m Dairesi Ba\u015fkanl\u0131\u011f\u0131 Mimar Sinan Mah. 9 Eyl\u00fcl Meydan\u0131 No:9\/1 K\u00fclt\u00fcrpark i\u00e7i 1 Nolu Hol, Konak\/\u0130zmir[\/vc_column_text][\/vc_column_inner][\/vc_row_inner][vc_row_inner css=&#8221;.vc_custom_1543579470108{padding-top: 15px !important;}&#8221;][vc_column_inner][vc_custom_heading text=&#8221;Telefon&#8221; font_container=&#8221;tag:h5|font_size:20px|text_align:left&#8221; use_theme_fonts=&#8221;yes&#8221;][vc_column_text](+90) 232 2936084[\/vc_column_text][\/vc_column_inner][\/vc_row_inner][vc_row_inner css=&#8221;.vc_custom_1543579475796{padding-top: 15px !important;}&#8221;][vc_column_inner][vc_custom_heading text=&#8221;E-posta&#8221;[&hellip;]<\/p>\n","protected":false},"author":1,"featured_media":0,"parent":0,"menu_order":23,"comment_status":"closed","ping_status":"closed","template":"","meta":{"_acf_changed":false,"footnotes":""},"class_list":["post-52","page","type-page","status-publish","hentry"],"acf":[],"_links":{"self":[{"href":"https:\/\/www.sumpizmir.org\/tr\/wp-json\/wp\/v2\/pages\/52","targetHints":{"allow":["GET"]}}],"collection":[{"href":"https:\/\/www.sumpizmir.org\/tr\/wp-json\/wp\/v2\/pages"}],"about":[{"href":"https:\/\/www.sumpizmir.org\/tr\/wp-json\/wp\/v2\/types\/page"}],"author":[{"embeddable":true,"href":"https:\/\/www.sumpizmir.org\/tr\/wp-json\/wp\/v2\/users\/1"}],"replies":[{"embeddable":true,"href":"https:\/\/www.sumpizmir.org\/tr\/wp-json\/wp\/v2\/comments?post=52"}],"version-history":[{"count":18,"href":"https:\/\/www.sumpizmir.org\/tr\/wp-json\/wp\/v2\/pages\/52\/revisions"}],"predecessor-version":[{"id":1666,"href":"https:\/\/www.sumpizmir.org\/tr\/wp-json\/wp\/v2\/pages\/52\/revisions\/1666"}],"wp:attachment":[{"href":"https:\/\/www.sumpizmir.org\/tr\/wp-json\/wp\/v2\/media?parent=52"}],"curies":[{"name":"wp","href":"https:\/\/api.w.org\/{rel}","templated":true}]}}