{"id":507,"date":"2024-05-10T18:12:29","date_gmt":"2024-05-10T15:12:29","guid":{"rendered":"https:\/\/www.sumpizmir.org\/tr\/?page_id=507"},"modified":"2024-08-05T16:24:02","modified_gmt":"2024-08-05T13:24:02","slug":"skup-izmir","status":"publish","type":"page","link":"https:\/\/www.sumpizmir.org\/tr\/skup-izmir\/","title":{"rendered":"SKUp \u0130zmir"},"content":{"rendered":"<div class=\"wpb-content-wrapper\"><p>[vc_row cspt-zindex=&#8221;2&#8243; cspt-bg-image-position=&#8221;center-top&#8221; full_width=&#8221;stretch_row&#8221; content_placement=&#8221;middle&#8221; el_class=&#8221;cspt-overflow-visible&#8221; cspt-responsive-css=&#8221;25493811|colbreak_no|||||80|30px||30px|colbreak_no|||||||||colbreak_no|||||70|||||colbreak_no|||||||||&#8221; css=&#8221;.vc_custom_1715861238239{margin-top: -150px !important;}&#8221;][vc_column width=&#8221;1\/3&#8243; css=&#8221;.vc_custom_1715865280572{margin-top: -50px !important;padding-right: 55px !important;}&#8221; cspt-responsive-css=&#8221;78158410|colbreak_no||||||||0|colbreak_no||||||30|||colbreak_no|||20|||||||colbreak_no|||||||||&#8221;][vc_column_text]SKUp \u0130zmir, s\u00fcrd\u00fcr\u00fclebilirli\u011fi oda\u011f\u0131na alan, <strong>\u0130zmir B\u00fcy\u00fck\u015fehir Belediyesi<\/strong>&#8216;nin kentsel hareketlili\u011fine ili\u015fkin stratejik ve kapsaml\u0131 bir planlama arac\u0131d\u0131r. Bu ara\u00e7 kat\u0131l\u0131mc\u0131 bir \u015fekilde geli\u015ftirilmektedir ve i\u00e7erdi\u011fi \u00f6gelerin aras\u0131nda mevcut durumun belirlenmesi, uzun vadeli vizyon, net hedefler ve ama\u00e7lar, gelecek senaryolar, etkili tedbir ve eylem paketleri ve \u0130zmir B\u00fcy\u00fck\u015fehir Belediyesi&#8217;nin s\u00fcrd\u00fcr\u00fclebilir kentsel hareketlili\u011fi i\u00e7in b\u00fct\u00e7e, finansman se\u00e7enekleri ve izleme stratejileri yer almaktad\u0131r.<\/p>\n<p>Plan, \u0130zmir&#8217;de 2040 y\u0131l\u0131na kadar hareketlilik ve trafik geli\u015fimi i\u00e7in k\u0131lavuz ilkelerin yan\u0131 s\u0131ra \u00f6l\u00e7\u00fclebilir hedefleri de belirleyecektir. Bunun yan\u0131 s\u0131ra, \u00e7e\u015fitli faaliyet alanlar\u0131nda (\u00f6rne\u011fin bisiklet, toplu ta\u015f\u0131ma, parklanma, trafik g\u00fcvenli\u011fi vb.) bu hedeflerin ger\u00e7ekle\u015ftirilmesine y\u00f6nelik somut tedbirleri de belirleyecektir. SKUp \u0130zmir&#8217;in en \u00f6nemli \u00f6zelli\u011fi, t\u00fcm ula\u015f\u0131m t\u00fcrlerinin (yaya ve bisiklet trafi\u011fi, toplu ta\u015f\u0131ma, ara\u00e7 trafi\u011fi, demiryolu) ve hareketlilikle ilgili di\u011fer t\u00fcm konular\u0131n (trafik g\u00fcvenli\u011fi, kentsel geli\u015fim, iklim de\u011fi\u015fikli\u011fi, hava kirlili\u011fi) &#8211; \u00e7evre dostu ara\u00e7lar, yeni hareketlilik t\u00fcrleri ve dijital d\u00f6n\u00fc\u015f\u00fcm imkanlar\u0131 gibi &#8211; bir b\u00fct\u00fcn olarak ele al\u0131nmas\u0131d\u0131r.[\/vc_column_text][\/vc_column][vc_column width=&#8221;2\/3&#8243; css=&#8221;.vc_custom_1646374212562{padding-left: 30px !important;}&#8221; cspt-responsive-css=&#8221;33678838|colbreak_no||||||0|||colbreak_no||||||||0|colbreak_no||||||||||colbreak_no|||||||||&#8221;][vc_single_image image=&#8221;636&#8243; img_size=&#8221;full&#8221; alignment=&#8221;center&#8221; css_animation=&#8221;flipInX&#8221; css=&#8221;.vc_custom_1715865947901{margin-top: 20px !important;}&#8221;][\/vc_column][\/vc_row][vc_row cspt-bg-color=&#8221;white&#8221; cspt-extended-column=&#8221;last&#8221; cspt-extended-bg-image-repeat=&#8221;no&#8221; cspt-extended-bg-size=&#8221;contain&#8221; full_width=&#8221;stretch_row&#8221; content_placement=&#8221;middle&#8221; css=&#8221;.vc_custom_1715861404324{margin-bottom: 150px !important;padding-bottom: 100px !important;}&#8221; el_class=&#8221;cspt-top-pattern&#8221; cspt-responsive-css=&#8221;79807688|colbreak_no||||||30px||30px|colbreak_no|||||||||colbreak_no||||||||||colbreak_no|||||||||&#8221;][vc_column css=&#8221;.vc_custom_1715862528431{padding-right: 35px !important;}&#8221; cspt-responsive-css=&#8221;54196835|colbreak_no||||||||0|colbreak_no|||||||||colbreak_no||||||0||||colbreak_no|||||||||&#8221; offset=&#8221;vc_col-lg-12 vc_col-md-12&#8243;][vc_column_text]\u0130zmir&#8217;in stratejik ticari yap\u0131s\u0131 onu \u00fclkenin en m\u00fcreffeh kentlerinden biri haline getirmektedir. Ancak bu durum, kent genelinde ve fonksiyonel kentsel alanda ula\u015f\u0131mla ilgili \u00e7e\u015fitli sorunlara yol a\u00e7maktad\u0131r. \u015eehirdeki en b\u00fcy\u00fck ikinci emisyon kayna\u011f\u0131 (toplam emisyonlar\u0131n yakla\u015f\u0131k %23,1&#8217;i) ula\u015ft\u0131rma sekt\u00f6r\u00fcd\u00fcr.[\/vc_column_text][vc_row_inner][vc_column_inner width=&#8221;1\/2&#8243;][vc_single_image image=&#8221;657&#8243; img_size=&#8221;full&#8221; css_animation=&#8221;fadeInLeft&#8221; css=&#8221;.vc_custom_1715865893836{margin-top: 20px !important;}&#8221;][\/vc_column_inner][vc_column_inner width=&#8221;1\/2&#8243; css=&#8221;.vc_custom_1715862643584{margin-top: 30px !important;}&#8221;]<div  class=\"creativesplanet-ul-list cspt-list-padding-0 cspt-ul-type-icon wpb_animate_when_almost_visible wpb_bounceInRight bounceInRight \"><ul><li><i class=\"cspt-globalcolor entypo-icon entypo-icon-check\"><\/i> Fonksiyonel kentsel alan i\u00e7inde s\u00fcrd\u00fcr\u00fclebilir hareketlilik plan\u0131<\/li><li><i class=\"cspt-globalcolor entypo-icon entypo-icon-check\"><\/i> Kurumlar aras\u0131 i\u015f birli\u011fi olu\u015fturulmas\u0131<\/li><li><i class=\"cspt-globalcolor entypo-icon entypo-icon-check\"><\/i> Vatanda\u015flar\u0131n ve payda\u015flar\u0131n dahil edilmesi<\/li><li><i class=\"cspt-globalcolor entypo-icon entypo-icon-check\"><\/i> Mevcut ve gelecekteki durumun de\u011ferlendirilmesi<\/li><li><i class=\"cspt-globalcolor entypo-icon entypo-icon-check\"><\/i> Uzun vadeli vizyon ve net bir uygulama plan\u0131<\/li><li><i class=\"cspt-globalcolor entypo-icon entypo-icon-check\"><\/i> Ula\u015f\u0131m y\u00f6ntemlerinin entegre bir \u015fekilde geli\u015ftirilmesi<\/li><li><i class=\"cspt-globalcolor entypo-icon entypo-icon-check\"><\/i> \u0130zleme ve de\u011ferlendirme d\u00fczenlenmesi<\/li><li><i class=\"cspt-globalcolor entypo-icon entypo-icon-check\"><\/i> Kalitenin sa\u011flanmas\u0131<\/li><\/ul><\/div>[\/vc_column_inner][\/vc_row_inner][\/vc_column][\/vc_row][vc_row cspt-zindex=&#8221;2&#8243; cspt-bg-image-position=&#8221;center-top&#8221; full_width=&#8221;stretch_row&#8221; content_placement=&#8221;middle&#8221; el_class=&#8221;cspt-overflow-visible&#8221; cspt-responsive-css=&#8221;35352720|colbreak_no||||||30px||30px|colbreak_no|||||||||colbreak_yes||||||||||colbreak_no|||||||||&#8221;][vc_column width=&#8221;1\/2&#8243; css=&#8221;.vc_custom_1715865672770{margin-top: -100px !important;}&#8221;][vc_column_text]\u0130zmir, Ege B\u00f6lgesi&#8217;nin en b\u00fcy\u00fck liman\u0131na sahip olmas\u0131 ve Avrupa, Orta Do\u011fu ve Asya aras\u0131ndaki deniz ticaret yollar\u0131n\u0131n kesi\u015fti\u011fi noktadaki stratejik konumu nedeniyle T\u00fcrkiye&#8217;nin en m\u00fcreffeh \u015fehirlerinden biri olarak bilinmektedir. Ayn\u0131 zamanda, \u00fclkenin di\u011fer t\u00fcm b\u00fcy\u00fck \u015fehirlerine karayolu, demiryolu veya havayolu ba\u011flant\u0131lar\u0131 bulunan \u00fclkenin en \u00f6nemli d\u00fc\u011f\u00fcm noktalar\u0131ndan biridir. Giderek b\u00fcy\u00fcyen bir \u015fehir olan \u0130zmir&#8217;de trafik s\u0131k\u0131\u015f\u0131kl\u0131\u011f\u0131, i\u015fe gidip gelme s\u00fcrelerinin artmas\u0131, park yerlerinin azl\u0131\u011f\u0131, toplu ta\u015f\u0131man\u0131n yetersiz olmas\u0131, bisiklet trafi\u011fi i\u00e7in altyap\u0131n\u0131n tamamlanmam\u0131\u015f olmas\u0131, \u00e7evre kirlili\u011finin ve enerji t\u00fcketiminin artmas\u0131 gibi sorunlar ya\u015fanmaktad\u0131r. Bu sorunlar\u0131n ele al\u0131nmas\u0131 ve T\u00fcrkiye&#8217;nin ulusal stratejileri\/hedefleri \u0131\u015f\u0131\u011f\u0131nda s\u00fcrd\u00fcr\u00fclebilir ve insan merkezli kalk\u0131nman\u0131n te\u015fvik edilmesi \u0130zmir i\u00e7in ka\u00e7\u0131n\u0131lmaz hale gelmi\u015ftir. Buradaki anahtar konu, \u0130zmir&#8217;in kentsel yap\u0131s\u0131na uygun bir ye\u015fil hareketlilik geli\u015ftirme yolunun nas\u0131l belirlenece\u011fidir.[\/vc_column_text][\/vc_column][vc_column width=&#8221;1\/2&#8243; offset=&#8221;vc_hidden-xs&#8221;][vc_raw_html css=&#8221;.vc_custom_1715865716034{margin-top: -200px !important;}&#8221;]JTNDc2NyaXB0JTIwc3JjJTNEJTIyaHR0cHMlM0ElMkYlMkZ1bnBrZy5jb20lMkYlNDBkb3Rsb3R0aWUlMkZwbGF5ZXItY29tcG9uZW50JTQwbGF0ZXN0JTJGZGlzdCUyRmRvdGxvdHRpZS1wbGF5ZXIubWpzJTIyJTIwdHlwZSUzRCUyMm1vZHVsZSUyMiUzRSUzQyUyRnNjcmlwdCUzRSUyMCUwQSUwQSUyMCUyMCUyMCUyMCUzQ2RvdGxvdHRpZS1wbGF5ZXIlMjBzcmMlM0QlMjJodHRwcyUzQSUyRiUyRmxvdHRpZS5ob3N0JTJGYTIyOGVlOWQtMzgxYS00YzU3LWEyOTYtZWM2ZWJiNTkxM2IyJTJGMEZqRk9VcTBBbC5qc29uJTIyJTIwYmFja2dyb3VuZCUzRCUyMnRyYW5zcGFyZW50JTIyJTIwc3BlZWQlM0QlMjIxJTIyJTIwc3R5bGUlM0QlMjJ3aWR0aCUzQSUyMDUwMHB4JTNCJTIwaGVpZ2h0JTNBJTIwNTAwcHglM0IlMjIlMjBsb29wJTIwYXV0b3BsYXklM0UlM0MlMkZkb3Rsb3R0aWUtcGxheWVyJTNF[\/vc_raw_html][\/vc_column][\/vc_row][vc_row cspt-zindex=&#8221;2&#8243; cspt-bg-image-position=&#8221;center-top&#8221; full_width=&#8221;stretch_row&#8221; el_class=&#8221;cspt-overflow-visible&#8221; cspt-responsive-css=&#8221;13764567|colbreak_no|50px|||||30px||30px|colbreak_no|50px||||||||colbreak_no|50px|||||||||colbreak_no|||||||||&#8221;][vc_column css=&#8221;.vc_custom_1715865647221{margin-top: -50px !important;}&#8221;][vc_column_text]SKUp \u0130zmir, yeni ve farkl\u0131 bir plan olarak olu\u015fturulmak yerine, mevcut planlama uygulamalar\u0131 ve politikalar\u0131 \u00fczerine in\u015fa edilecek ve entegrasyon, kat\u0131l\u0131m ve s\u00fcrekli izleme ilkelerini g\u00f6zetecektir.[\/vc_column_text][\/vc_column][\/vc_row]<\/p>\n<\/div>","protected":false},"excerpt":{"rendered":"<p>[vc_row cspt-zindex=&#8221;2&#8243; cspt-bg-image-position=&#8221;center-top&#8221; full_width=&#8221;stretch_row&#8221; content_placement=&#8221;middle&#8221; el_class=&#8221;cspt-overflow-visible&#8221; cspt-responsive-css=&#8221;25493811|colbreak_no|||||80|30px||30px|colbreak_no|||||||||colbreak_no|||||70|||||colbreak_no|||||||||&#8221; css=&#8221;.vc_custom_1715861238239{margin-top: -150px !important;}&#8221;][vc_column width=&#8221;1\/3&#8243; css=&#8221;.vc_custom_1715865280572{margin-top: -50px !important;padding-right: 55px !important;}&#8221; cspt-responsive-css=&#8221;78158410|colbreak_no||||||||0|colbreak_no||||||30|||colbreak_no|||20|||||||colbreak_no|||||||||&#8221;][vc_column_text]SKUp \u0130zmir, s\u00fcrd\u00fcr\u00fclebilirli\u011fi oda\u011f\u0131na alan, \u0130zmir B\u00fcy\u00fck\u015fehir Belediyesi&#8216;nin kentsel hareketlili\u011fine ili\u015fkin stratejik ve kapsaml\u0131 bir planlama arac\u0131d\u0131r. Bu ara\u00e7 kat\u0131l\u0131mc\u0131 bir \u015fekilde geli\u015ftirilmektedir ve i\u00e7erdi\u011fi \u00f6gelerin aras\u0131nda mevcut durumun belirlenmesi, uzun vadeli vizyon, net hedefler ve ama\u00e7lar, gelecek senaryolar, etkili tedbir ve eylem paketleri ve \u0130zmir B\u00fcy\u00fck\u015fehir Belediyesi&#8217;nin s\u00fcrd\u00fcr\u00fclebilir kentsel hareketlili\u011fi i\u00e7in b\u00fct\u00e7e, finansman[&hellip;]<\/p>\n","protected":false},"author":1,"featured_media":0,"parent":0,"menu_order":11,"comment_status":"closed","ping_status":"closed","template":"","meta":{"_acf_changed":false,"footnotes":""},"class_list":["post-507","page","type-page","status-publish","hentry"],"acf":[],"_links":{"self":[{"href":"https:\/\/www.sumpizmir.org\/tr\/wp-json\/wp\/v2\/pages\/507","targetHints":{"allow":["GET"]}}],"collection":[{"href":"https:\/\/www.sumpizmir.org\/tr\/wp-json\/wp\/v2\/pages"}],"about":[{"href":"https:\/\/www.sumpizmir.org\/tr\/wp-json\/wp\/v2\/types\/page"}],"author":[{"embeddable":true,"href":"https:\/\/www.sumpizmir.org\/tr\/wp-json\/wp\/v2\/users\/1"}],"replies":[{"embeddable":true,"href":"https:\/\/www.sumpizmir.org\/tr\/wp-json\/wp\/v2\/comments?post=507"}],"version-history":[{"count":159,"href":"https:\/\/www.sumpizmir.org\/tr\/wp-json\/wp\/v2\/pages\/507\/revisions"}],"predecessor-version":[{"id":1105,"href":"https:\/\/www.sumpizmir.org\/tr\/wp-json\/wp\/v2\/pages\/507\/revisions\/1105"}],"wp:attachment":[{"href":"https:\/\/www.sumpizmir.org\/tr\/wp-json\/wp\/v2\/media?parent=507"}],"curies":[{"name":"wp","href":"https:\/\/api.w.org\/{rel}","templated":true}]}}