{"id":49,"date":"2022-01-08T07:32:12","date_gmt":"2022-01-08T07:32:12","guid":{"rendered":"https:\/\/greenly-demo.pbminfotech.com\/greenly-datasite-6\/greenly-site6\/?page_id=19354"},"modified":"2025-07-30T16:56:26","modified_gmt":"2025-07-30T13:56:26","slug":"homepage-6","status":"publish","type":"page","link":"https:\/\/www.sumpizmir.org\/tr\/","title":{"rendered":"Ana Sayfa"},"content":{"rendered":"<div class=\"wpb-content-wrapper\"><p>[vc_row cspt-bg-image-position=&#8221;center-top&#8221; cspt-extended-column=&#8221;last&#8221; cspt-extended-bg-image-repeat=&#8221;no&#8221; full_width=&#8221;stretch_row&#8221; full_height=&#8221;yes&#8221; css=&#8221;.vc_custom_1722605189598{padding-top: 230px !important;padding-bottom: 0px !important;background-image: url(http:\/\/www.sumpizmir.org\/tr\/wp-content\/uploads\/2024\/04\/City_of_Izmir.png?id=295) !important;background-position: 0 0 !important;background-repeat: no-repeat !important;}&#8221; cspt-responsive-css=&#8221;64985953|colbreak_yes|||||130|30px||30px|colbreak_no|||||80||||colbreak_yes|||||70|||||colbreak_no|||||||||&#8221;][vc_column cspt-bg-image-position=&#8221;center-top&#8221; css=&#8221;.vc_custom_1722862047461{padding-top: 15px !important;}&#8221; cspt-responsive-css=&#8221;35774095|colbreak_no|||||0|0||0|colbreak_no|||||||||colbreak_no||||||||||colbreak_no|||||||||&#8221; offset=&#8221;vc_hidden-md vc_hidden-sm vc_hidden-xs&#8221;][vc_custom_heading text=&#8221;<b>\u0130zmir S\u00fcrd\u00fcr\u00fclebilir Kentsel Ula\u015f\u0131m Plan\u0131<\/b> ile bunu ba\u015farabiliriz.&#8221; font_container=&#8221;tag:div|font_size:20px|text_align:left|color:%230e2f44|line_height:26px&#8221; use_theme_fonts=&#8221;yes&#8221;][vc_raw_html css=&#8221;.vc_custom_1712306067809{margin-top: -920px !important;margin-bottom: 0px !important;margin-left: -200px !important;background-position: center !important;background-repeat: no-repeat !important;background-size: contain !important;}&#8221; el_class=&#8221;lottie-player-img-1&#8243;]JTNDc2NyaXB0JTIwc3JjJTNEJTIyaHR0cHMlM0ElMkYlMkZ1bnBrZy5jb20lMkYlNDBsb3R0aWVmaWxlcyUyRmxvdHRpZS1wbGF5ZXIlNDBsYXRlc3QlMkZkaXN0JTJGbG90dGllLXBsYXllci5qcyUyMiUzRSUzQyUyRnNjcmlwdCUzRSUzQ2xvdHRpZS1wbGF5ZXIlMjBzcmMlM0QlMjJodHRwcyUzQSUyRiUyRmxvdHRpZS5ob3N0JTJGMDlhMzlhY2UtODA1ZC00YTA1LTlkOGYtY2FiOGUyMjU0MWQyJTJGZVRTT2N0cDkxNi5qc29uJTIyJTIwYmFja2dyb3VuZCUzRCUyMnRyYW5zcGFyZW50JTIyJTIwc3BlZWQlM0QlMjIxJTIyJTIwc3R5bGUlM0QlMjJ3aWR0aCUzQSUyMDE0ODBweCUzQiUyMGhlaWdodCUzQSUyMDE0ODBweCUyMiUyMGRpcmVjdGlvbiUzRCUyMjElMjIlMjBtb2RlJTNEJTIybm9ybWFsJTIyJTIwbG9vcCUyMGF1dG9wbGF5JTNFJTNDJTJGbG90dGllLXBsYXllciUzRQ==[\/vc_raw_html][\/vc_column][\/vc_row][vc_row cspt-bg-image-position=&#8221;left-center&#8221; cspt-extended-column=&#8221;last&#8221; full_width=&#8221;stretch_row&#8221; css=&#8221;.vc_custom_1722862377253{margin-top: -300px !important;padding-bottom: 0px !important;background-image: url(http:\/\/www.sumpizmir.org\/tr\/wp-content\/uploads\/2022\/04\/new-bg-03.png?id=22) !important;background-position: 0 0 !important;background-repeat: no-repeat !important;}&#8221; cspt-responsive-css=&#8221;64985953|colbreak_yes||||||30px||30px|colbreak_no|||||80||||colbreak_no|||||70|||||colbreak_no|||||||||&#8221;][vc_column width=&#8221;7\/12&#8243; css=&#8221;.vc_custom_1722861528590{padding-top: 15px !important;}&#8221; cspt-responsive-css=&#8221;35774095|colbreak_no|||||0|0||0|colbreak_no|||||||||colbreak_no||||||||||colbreak_no|||||||||&#8221;][vc_custom_heading text=&#8221;<b>S\u00fcrd\u00fcr\u00fclebilir Kentsel Ula\u015f\u0131m Plan\u0131 (SKUp)<\/b> , Avrupa Birli\u011fi taraf\u0131ndan olu\u015fturulan ve \u015fehirlerimizi daha ya\u015fanabilir, verimli ve insan dostu hale getirmeyi hedefleyen devrim niteli\u011finde bir ula\u015f\u0131m planlama yakla\u015f\u0131m\u0131d\u0131r. SKUp, hepimizin hayat\u0131n\u0131 kolayla\u015ft\u0131racak \u015fekilde toplu ta\u015f\u0131ma, y\u00fcr\u00fcme ve bisiklet gibi ula\u015f\u0131m se\u00e7eneklerini geli\u015ftirmeye odaklan\u0131r.&#8221; font_container=&#8221;tag:div|font_size:20px|text_align:left|color:%230e2f44|line_height:26px&#8221; use_theme_fonts=&#8221;yes&#8221;][vc_btn title=&#8221;Nedir?&#8221; shape=&#8221;round&#8221; size=&#8221;lg&#8221; css=&#8221;.vc_custom_1717235367243{margin-top: 40px !important;margin-right: 15px !important;}&#8221; link=&#8221;url:https%3A%2F%2Fwww.sumpizmir.org%2Ftr%2Fkisaca-skup%2F&#8221; el_class=&#8221;cspt-shadow-btn&#8221;][vc_btn title=&#8221;Neden \u00d6nemli?&#8221; shape=&#8221;round&#8221; color=&#8221;secondarycolor&#8221; size=&#8221;lg&#8221; css=&#8221;.vc_custom_1717235299414{margin-top: 40px !important;}&#8221; link=&#8221;url:https%3A%2F%2Fwww.sumpizmir.org%2Ftr%2Fskup-izmir%2F&#8221; el_class=&#8221;cspt-shadow-btn&#8221;][\/vc_column][vc_column width=&#8221;5\/12&#8243; cspt-responsive-css=&#8221;18382393|colbreak_no||||||0||0|colbreak_no|||||||||colbreak_no||||||||||colbreak_no|||||||||&#8221;]<div  class=\"cspt-single-image-w cspt-single-hover-yes  vc_custom_1712321521879\"><img decoding=\"async\" width=\"2200\" height=\"733\" src=\"https:\/\/www.sumpizmir.org\/tr\/wp-content\/uploads\/2024\/04\/izmir-siluet4.png\" class=\"cspt_vc_single_image-img attachment-full\" alt=\"\" title=\"izmir-siluet4\" srcset=\"https:\/\/www.sumpizmir.org\/tr\/wp-content\/uploads\/2024\/04\/izmir-siluet4.png 2200w, https:\/\/www.sumpizmir.org\/tr\/wp-content\/uploads\/2024\/04\/izmir-siluet4-300x100.png 300w, https:\/\/www.sumpizmir.org\/tr\/wp-content\/uploads\/2024\/04\/izmir-siluet4-1024x341.png 1024w, https:\/\/www.sumpizmir.org\/tr\/wp-content\/uploads\/2024\/04\/izmir-siluet4-768x256.png 768w, https:\/\/www.sumpizmir.org\/tr\/wp-content\/uploads\/2024\/04\/izmir-siluet4-1536x512.png 1536w, https:\/\/www.sumpizmir.org\/tr\/wp-content\/uploads\/2024\/04\/izmir-siluet4-2048x682.png 2048w, https:\/\/www.sumpizmir.org\/tr\/wp-content\/uploads\/2024\/04\/izmir-siluet4-770x257.png 770w\" sizes=\"(max-width: 2200px) 100vw, 2200px\" data-id=\"305\" \/><\/div>[\/vc_column][\/vc_row][vc_row css=&#8221;.vc_custom_1646304226746{padding-bottom: 80px !important;}&#8221; cspt-responsive-css=&#8221;89215097|colbreak_no||||||30px||30px|colbreak_no|||||||||colbreak_no|||||||60|||colbreak_no|||||||||&#8221;][vc_column cspt-responsive-css=&#8221;76538201|colbreak_no|||||||||colbreak_no|||||||||colbreak_no||||||||||colbreak_no|||||||||&#8221; css=&#8221;.vc_custom_1712321814558{margin-top: 100px !important;}&#8221;][vc_row_inner css=&#8221;.vc_custom_1643865079464{margin-bottom: 60px !important;}&#8221;][vc_column_inner width=&#8221;1\/4&#8243; cspt-responsive-css=&#8221;90878785|colbreak_no|||||||||colbreak_no|||||||||colbreak_no|||30|||||||colbreak_no|||||||||&#8221;][\/vc_column_inner][vc_column_inner width=&#8221;1\/4&#8243; cspt-responsive-css=&#8221;47172371|colbreak_no|||||||||colbreak_no|||||||||colbreak_no|||30|||||||colbreak_no|||||||||&#8221;][\/vc_column_inner][vc_column_inner width=&#8221;1\/4&#8243; cspt-responsive-css=&#8221;49121402|colbreak_no|||||||||colbreak_no|||||||||colbreak_no|||30|||||||colbreak_no|||||||||&#8221;][\/vc_column_inner][vc_column_inner width=&#8221;1\/4&#8243; cspt-responsive-css=&#8221;83838150|colbreak_no|||||||||colbreak_no|||||||||colbreak_no||||||||||colbreak_no|||||||||&#8221;][\/vc_column_inner][\/vc_row_inner][vc_btn title=&#8221;DETAYLI B\u0130LG\u0130&#8221; shape=&#8221;round&#8221; color=&#8221;secondarycolor&#8221; size=&#8221;lg&#8221; align=&#8221;center&#8221; link=&#8221;url:https%3A%2F%2Fwww.sumpizmir.org%2Ftr%2Fproje-hakkinda%2F&#8221; el_class=&#8221;cspt-shadow-btn&#8221;][\/vc_column][\/vc_row][vc_row cspt-responsive-css=&#8221;99458424|colbreak_yes|||||||||colbreak_no|||||||||colbreak_no||||||||||colbreak_no|||||||||&#8221; el_class=&#8221;cspt-res-fid-5&#8243;][vc_column cspt-bg-image-color-order=&#8221;image-over-color&#8221; cspt-extended-column=&#8221;left&#8221; css=&#8221;.vc_custom_1649160815797{padding-top: 20px !important;padding-right: 100px !important;padding-bottom: 50px !important;background-image: url(http:\/\/www.sumpizmir.org\/tr\/wp-content\/uploads\/2022\/04\/new-bg-01.png?id=17) !important;background-position: center !important;background-repeat: no-repeat !important;background-size: cover !important;}&#8221; cspt-responsive-css=&#8221;86122254|colbreak_no|||||||||colbreak_no|||||||||colbreak_no||||||||||colbreak_no|||||||||&#8221; offset=&#8221;vc_col-lg-6 vc_col-md-6&#8243;]<div  class=\"creativesplanet-ele creativesplanet-ele-fid creativesplanet-ele-fid-style-1 vc_custom_1713193533652\"><div class=\"cspt-fld-contents\">\r\n\t<div class=\"cspt-sbox-icon-wrapper\"><i class=\"cspt-greenly-icon cspt-greenly-icon-leaf\"><\/i><\/div>\t<h4 class=\"cspt-fid-inner\">\r\n\t\t<span>%<\/span>\t\t<span\r\n\t\t\tclass\t\t\t\t  = \"cspt-number-rotate\"\r\n\t\t\tdata-appear-animation = \"animateDigits\"\r\n\t\t\tdata-from             = \"0\"\r\n\t\t\tdata-to               = \"23\"\r\n\t\t\tdata-interval         = \"1\"\r\n\t\t\tdata-before           = \"\"\r\n\t\t\tdata-before-style     = \"\"\r\n\t\t\tdata-after            = \"\"\r\n\t\t\tdata-after-style      = \"\"\r\n\t\t\t>\r\n\t\t\t\t23\t\t<\/span>\r\n\t\t<span class=\"cspt-fid-sub\"><\/span>\r\n\t<\/h4>\r\n\t\t<h3 class=\"cspt-fid-title\"><span>Ula\u015f\u0131m Sekt\u00f6r\u00fc<br><\/span><\/h3>\r\n\t<\/div><!-- .cspt-fld-contents -->\r\n\r\n<\/div>[vc_raw_html css=&#8221;.vc_custom_1685430233796{margin-left: -110px !important;}&#8221; el_class=&#8221;lottie-player-img-2&#8243;]JTNDbG90dGllLXBsYXllciUyMHNyYyUzRCUyMmh0dHBzJTNBJTJGJTJGbG90dGllLmhvc3QlMkYyZGVjZjFhMy1mNzRmLTRjOTgtODgzZi1iNzc1ZDEyYjU5YmYlMkZJd3RGN3dHdGRsLmpzb24lMjIlMjBiYWNrZ3JvdW5kJTNEJTIydHJhbnNwYXJlbnQlMjIlMjBzcGVlZCUzRCUyMjElMjIlMjBzdHlsZSUzRCUyMndpZHRoJTNBJTIwMTAwJTI1JTNCJTIwaGVpZ2h0JTNBJTIwMTAwJTI1JTNCJTIyJTIwbG9vcCUyMGF1dG9wbGF5JTNFJTNDJTJGbG90dGllLXBsYXllciUzRQ==[\/vc_raw_html][\/vc_column][vc_column css=&#8221;.vc_custom_1646304268599{padding-top: 50px !important;padding-bottom: 0px !important;padding-left: 70px !important;}&#8221; cspt-responsive-css=&#8221;34198916|colbreak_no||||||45px||45px|colbreak_no|||||||||colbreak_no||||||||||colbreak_no|||||||||&#8221; offset=&#8221;vc_col-lg-6 vc_col-md-6&#8243;][vc_column_text css=&#8221;.vc_custom_1713193580200{margin-top: -8px !important;}&#8221;]Stratejik ticari konumu \u0130zmir\u2019i T\u00fcrkiye\u2019nin en ba\u015far\u0131l\u0131 ve kazan\u00e7l\u0131 \u015fehirlerinden bir tanesi haline getirmektedir. Ancak bu avantaj ayn\u0131 zamanda, \u015fehir genelinde ve fonksiyonel kentsel alanda ula\u015f\u0131m kaynakl\u0131 farkl\u0131 sorunlar\u0131 da beraberinde getirmektedir.[\/vc_column_text][\/vc_column][\/vc_row][vc_row css=&#8221;.vc_custom_1646303877133{padding-top: 100px !important;padding-bottom: 70px !important;}&#8221; cspt-responsive-css=&#8221;91974105|colbreak_no||||||45px||45px|colbreak_no|||||80||70||colbreak_no|||||70||60|||colbreak_no|||||||||&#8221;][vc_column cspt-responsive-css=&#8221;25042788|colbreak_no||||||0||0|colbreak_no|||||||||colbreak_no||||||||||colbreak_no|||||||||&#8221;]<div  class=\"creativesplanet-element creativesplanet-element-blog cspt-element-blog-style-5 creativesplanet-element-viewtype-row-column cspt-sortable-no\" data-show=\"3\" data-columns=\"3\" data-loop=\"false\" data-autoplay=\"false\" data-center=\"false\" data-nav=\"false\" data-dots=\"false\" data-autoplayspeed=\"1000\" data-margin=\"\"><div class=\"creativesplanet-element-inner\"><div class=\"cspt-ele-header-area\"><\/div><div class=\"cspt-element-posts-wrapper row multi-columns-row\"><div class=\"cspt-ele cspt-blog-ele col-md-4 skup-izmir\"><article class=\"creativesplanet-ele creativesplanet-ele-blog cspt-blogbox-style-5 post-1628 post type-post status-publish format-standard has-post-thumbnail hentry category-skup-izmir\">\r\n\t<div class=\"post-item\">\r\n\t\t<div class=\"cspt-featured-container\">\r\n\t\t\t<div class=\"cspt-featured-wrapper\"><a href=\"https:\/\/www.sumpizmir.org\/tr\/2025\/04\/25\/skup-izmir-proje-kapanis-etkinligi\/\"><img decoding=\"async\" width=\"770\" height=\"580\" src=\"https:\/\/www.sumpizmir.org\/tr\/wp-content\/uploads\/2025\/04\/01-770x580.jpg\" class=\"attachment-cspt-img-770x580 size-cspt-img-770x580 wp-post-image\" alt=\"\" data-id=\"1629\" \/><\/a><\/div>\t\t\t\r\n\t\t<\/div>\r\n\t\t<div class=\"creativesplanet-box-content\">\t\r\n\t\t\t<div class=\"cspt-meta-container\">\r\n\t\t\t\t\t\t\t\t<div class=\"cspt-meta-category-wrapper cspt-meta-line\">\t\t\t\t\t\r\n\t\t\t\t\t<div class=\"cspt-meta-category\"><a href=\"https:\/\/www.sumpizmir.org\/tr\/category\/skup-izmir\/\" rel=\"category tag\">SKUp \u0130zmir<\/a><\/div>\r\n\t\t\t\t<\/div>\r\n\t\t\t\t\t\t\t<\/div>\r\n\t\t\t<h3 class=\"cspt-post-title\"><a href=\"https:\/\/www.sumpizmir.org\/tr\/2025\/04\/25\/skup-izmir-proje-kapanis-etkinligi\/\">SKUp \u0130zmir Proje Kapan\u0131\u015f Etkinli\u011fi<\/a><\/h3>\r\n\t\t\t<div class=\"creativesplanet-box-desc d-flex\">\r\n\t\t\t\t<div class=\"cspt-meta-date-wrapper cspt-meta-line\">\t\t\t\t\t\r\n\t\t\t\t\t<div class=\"cspt-meta-date\">Nis 25, 2025<\/div>\r\n\t\t\t\t<\/div>\t\t\t\t\r\n\t\t\t\t<div class=\"cspt-meta-comment-wrapper cspt-meta-line\">\t\r\n\t\t\t\t\t <span class=\"cspt-meta cspt-meta-comments\">0 Comments<\/span>\r\n\t\t\t\t<\/div>\r\n\t\t\t<\/div>\r\n\t\t<\/div>\r\n\t<\/div>\r\n<\/article>\r\n<\/div><div class=\"cspt-ele cspt-blog-ele col-md-4 skup-izmir\"><article class=\"creativesplanet-ele creativesplanet-ele-blog cspt-blogbox-style-5 post-1632 post type-post status-publish format-standard has-post-thumbnail hentry category-skup-izmir\">\r\n\t<div class=\"post-item\">\r\n\t\t<div class=\"cspt-featured-container\">\r\n\t\t\t<div class=\"cspt-featured-wrapper\"><a href=\"https:\/\/www.sumpizmir.org\/tr\/2025\/04\/24\/kentsel-hareketlilik-ve-akilli-sehirler-egitimi\/\"><img decoding=\"async\" width=\"770\" height=\"580\" src=\"https:\/\/www.sumpizmir.org\/tr\/wp-content\/uploads\/2025\/04\/01-1-770x580.jpg\" class=\"attachment-cspt-img-770x580 size-cspt-img-770x580 wp-post-image\" alt=\"\" data-id=\"1633\" \/><\/a><\/div>\t\t\t\r\n\t\t<\/div>\r\n\t\t<div class=\"creativesplanet-box-content\">\t\r\n\t\t\t<div class=\"cspt-meta-container\">\r\n\t\t\t\t\t\t\t\t<div class=\"cspt-meta-category-wrapper cspt-meta-line\">\t\t\t\t\t\r\n\t\t\t\t\t<div class=\"cspt-meta-category\"><a href=\"https:\/\/www.sumpizmir.org\/tr\/category\/skup-izmir\/\" rel=\"category tag\">SKUp \u0130zmir<\/a><\/div>\r\n\t\t\t\t<\/div>\r\n\t\t\t\t\t\t\t<\/div>\r\n\t\t\t<h3 class=\"cspt-post-title\"><a href=\"https:\/\/www.sumpizmir.org\/tr\/2025\/04\/24\/kentsel-hareketlilik-ve-akilli-sehirler-egitimi\/\">Kentsel Hareketlilik ve Ak\u0131ll\u0131 \u015eehirler E\u011fitimi<\/a><\/h3>\r\n\t\t\t<div class=\"creativesplanet-box-desc d-flex\">\r\n\t\t\t\t<div class=\"cspt-meta-date-wrapper cspt-meta-line\">\t\t\t\t\t\r\n\t\t\t\t\t<div class=\"cspt-meta-date\">Nis 24, 2025<\/div>\r\n\t\t\t\t<\/div>\t\t\t\t\r\n\t\t\t\t<div class=\"cspt-meta-comment-wrapper cspt-meta-line\">\t\r\n\t\t\t\t\t <span class=\"cspt-meta cspt-meta-comments\">0 Comments<\/span>\r\n\t\t\t\t<\/div>\r\n\t\t\t<\/div>\r\n\t\t<\/div>\r\n\t<\/div>\r\n<\/article>\r\n<\/div><div class=\"cspt-ele cspt-blog-ele col-md-4 skup-izmir\"><article class=\"creativesplanet-ele creativesplanet-ele-blog cspt-blogbox-style-5 post-1618 post type-post status-publish format-standard has-post-thumbnail hentry category-skup-izmir\">\r\n\t<div class=\"post-item\">\r\n\t\t<div class=\"cspt-featured-container\">\r\n\t\t\t<div class=\"cspt-featured-wrapper\"><a href=\"https:\/\/www.sumpizmir.org\/tr\/2025\/03\/28\/izleme-ve-degerlendirme-teknik-calistayi\/\"><img decoding=\"async\" width=\"770\" height=\"580\" src=\"https:\/\/www.sumpizmir.org\/tr\/wp-content\/uploads\/2025\/03\/Izleme-ve-Degerlendirme-Teknik-Calistayi-01-770x580.jpg\" class=\"attachment-cspt-img-770x580 size-cspt-img-770x580 wp-post-image\" alt=\"\" data-id=\"1619\" \/><\/a><\/div>\t\t\t\r\n\t\t<\/div>\r\n\t\t<div class=\"creativesplanet-box-content\">\t\r\n\t\t\t<div class=\"cspt-meta-container\">\r\n\t\t\t\t\t\t\t\t<div class=\"cspt-meta-category-wrapper cspt-meta-line\">\t\t\t\t\t\r\n\t\t\t\t\t<div class=\"cspt-meta-category\"><a href=\"https:\/\/www.sumpizmir.org\/tr\/category\/skup-izmir\/\" rel=\"category tag\">SKUp \u0130zmir<\/a><\/div>\r\n\t\t\t\t<\/div>\r\n\t\t\t\t\t\t\t<\/div>\r\n\t\t\t<h3 class=\"cspt-post-title\"><a href=\"https:\/\/www.sumpizmir.org\/tr\/2025\/03\/28\/izleme-ve-degerlendirme-teknik-calistayi\/\">\u0130zleme ve De\u011ferlendirme Teknik \u00c7al\u0131\u015ftay\u0131<\/a><\/h3>\r\n\t\t\t<div class=\"creativesplanet-box-desc d-flex\">\r\n\t\t\t\t<div class=\"cspt-meta-date-wrapper cspt-meta-line\">\t\t\t\t\t\r\n\t\t\t\t\t<div class=\"cspt-meta-date\">Mar 28, 2025<\/div>\r\n\t\t\t\t<\/div>\t\t\t\t\r\n\t\t\t\t<div class=\"cspt-meta-comment-wrapper cspt-meta-line\">\t\r\n\t\t\t\t\t <span class=\"cspt-meta cspt-meta-comments\">0 Comments<\/span>\r\n\t\t\t\t<\/div>\r\n\t\t\t<\/div>\r\n\t\t<\/div>\r\n\t<\/div>\r\n<\/article>\r\n<\/div><\/div><\/div><!-- .creativesplanet-element-inner -->   <\/div><!-- .creativesplanet-element -->  [vc_btn title=&#8221;T\u00fcm Haberler&#8221; shape=&#8221;round&#8221; color=&#8221;secondarycolor&#8221; size=&#8221;lg&#8221; align=&#8221;center&#8221; css=&#8221;.vc_custom_1715692422045{margin-top: 5px !important;}&#8221; el_class=&#8221;cspt-shadow-btn&#8221; link=&#8221;url:https%3A%2F%2Fwww.sumpizmir.org%2Ftr%2Fhaberler%2F|title:Geli%C5%9Fmeler&#8221;][\/vc_column][\/vc_row][vc_row cspt-bg-color=&#8221;white&#8221; full_width=&#8221;stretch_row_content_no_spaces&#8221; gap=&#8221;15&#8243; css=&#8221;.vc_custom_1722865158881{margin-bottom: -100px !important;padding-right: 90px !important;padding-left: 90px !important;}&#8221; cspt-responsive-css=&#8221;32001171|colbreak_no|||||||||colbreak_no||||||5px||5px|colbreak_no||||||15px||15px||colbreak_no|||||||||&#8221;][vc_column width=&#8221;1\/3&#8243;][vc_column_text]<\/p>\n<h2>Gelece\u011fe Hareket Et!<\/h2>\n<p><img decoding=\"async\" class=\"cspt-footerlogo\" src=\"http:\/\/www.sumpizmir.org\/tr\/wp-content\/uploads\/2024\/04\/skup-izmir-s-300x85.png\" alt=\"SKUp \u0130zmir\" \/>[\/vc_column_text][vc_column_text]<a href=\"https:\/\/www.instagram.com\/sumpizmir\/\" target=\"_blank\" rel=\"noopener\"><img decoding=\"async\" class=\"alignnone wp-image-407\" src=\"http:\/\/www.sumpizmir.org\/tr\/wp-content\/uploads\/2024\/04\/006-instagram.png\" alt=\"\" width=\"36\" height=\"36\" srcset=\"https:\/\/www.sumpizmir.org\/tr\/wp-content\/uploads\/2024\/04\/006-instagram.png 256w, https:\/\/www.sumpizmir.org\/tr\/wp-content\/uploads\/2024\/04\/006-instagram-150x150.png 150w\" sizes=\"(max-width: 36px) 100vw, 36px\" \/><\/a><a href=\"https:\/\/www.linkedin.com\/company\/sumpizmir\/\" target=\"_blank\" rel=\"noopener\"><img decoding=\"async\" class=\"alignnone wp-image-408\" src=\"http:\/\/www.sumpizmir.org\/tr\/wp-content\/uploads\/2024\/04\/007-linkedin.png\" alt=\"\" width=\"36\" height=\"36\" srcset=\"https:\/\/www.sumpizmir.org\/tr\/wp-content\/uploads\/2024\/04\/007-linkedin.png 256w, https:\/\/www.sumpizmir.org\/tr\/wp-content\/uploads\/2024\/04\/007-linkedin-150x150.png 150w\" sizes=\"(max-width: 36px) 100vw, 36px\" \/><\/a><a href=\"https:\/\/www.youtube.com\/channel\/UCQn3j_t9x0kAW-SGcsmWQ_A\" target=\"_blank\" rel=\"noopener\"><img decoding=\"async\" class=\"alignnone wp-image-409\" src=\"http:\/\/www.sumpizmir.org\/tr\/wp-content\/uploads\/2024\/04\/008-youtube.png\" alt=\"\" width=\"36\" height=\"36\" srcset=\"https:\/\/www.sumpizmir.org\/tr\/wp-content\/uploads\/2024\/04\/008-youtube.png 256w, https:\/\/www.sumpizmir.org\/tr\/wp-content\/uploads\/2024\/04\/008-youtube-150x150.png 150w\" sizes=\"(max-width: 36px) 100vw, 36px\" \/><\/a><a href=\"https:\/\/twitter.com\/sumpizmir\" target=\"_blank\" rel=\"noopener\"><img decoding=\"async\" class=\"alignnone wp-image-410\" src=\"http:\/\/www.sumpizmir.org\/tr\/wp-content\/uploads\/2024\/04\/009-twitter.png\" alt=\"\" width=\"36\" height=\"36\" srcset=\"https:\/\/www.sumpizmir.org\/tr\/wp-content\/uploads\/2024\/04\/009-twitter.png 256w, https:\/\/www.sumpizmir.org\/tr\/wp-content\/uploads\/2024\/04\/009-twitter-150x150.png 150w\" sizes=\"(max-width: 36px) 100vw, 36px\" \/><\/a>[\/vc_column_text][\/vc_column][vc_column width=&#8221;1\/3&#8243;][\/vc_column][vc_column width=&#8221;1\/3&#8243; css=&#8221;.vc_custom_1713191442429{padding-left: 40px !important;}&#8221;][vc_column_text]<\/p>\n<p style=\"text-align: center;\"><script>(function() {\n\twindow.mc4wp = window.mc4wp || {\n\t\tlisteners: [],\n\t\tforms: {\n\t\t\ton: function(evt, cb) {\n\t\t\t\twindow.mc4wp.listeners.push(\n\t\t\t\t\t{\n\t\t\t\t\t\tevent   : evt,\n\t\t\t\t\t\tcallback: cb\n\t\t\t\t\t}\n\t\t\t\t);\n\t\t\t}\n\t\t}\n\t}\n})();\n<\/script><!-- Mailchimp for WordPress v4.12.5 - https:\/\/wordpress.org\/plugins\/mailchimp-for-wp\/ --><form id=\"mc4wp-form-1\" class=\"mc4wp-form mc4wp-form-99 mc4wp-form-theme mc4wp-form-theme-light\" method=\"post\" data-id=\"99\" data-name=\"Mailchimp Form\" ><div class=\"mc4wp-form-fields\"><div class=\"mc4wp-form-style-1\">\r\n  <p>\r\n    B\u00fcltenimize kay\u0131t ol, geli\u015fmeleri ka\u00e7\u0131rma!\r\n  <\/p>\r\n  <input type=\"email\" name=\"EMAIL\" placeholder=\"E-posta Adresi\" required \/>\r\n  <button class=\"btn\" type=\"submit\">Kay\u0131t Ol<\/button>\r\n<\/div><\/div><label style=\"display: none !important;\">Leave this field empty if you're human: <input type=\"text\" name=\"_mc4wp_honeypot\" value=\"\" tabindex=\"-1\" autocomplete=\"off\" \/><\/label><input type=\"hidden\" name=\"_mc4wp_timestamp\" value=\"1778327969\" \/><input type=\"hidden\" name=\"_mc4wp_form_id\" value=\"99\" \/><input type=\"hidden\" name=\"_mc4wp_form_element_id\" value=\"mc4wp-form-1\" \/><div class=\"mc4wp-response\"><\/div><\/form><!-- \/ Mailchimp for WordPress Plugin --><\/p>\n<p>[\/vc_column_text][\/vc_column][\/vc_row]<\/p>\n<\/div>","protected":false},"excerpt":{"rendered":"<p>[vc_row cspt-bg-image-position=&#8221;center-top&#8221; cspt-extended-column=&#8221;last&#8221; cspt-extended-bg-image-repeat=&#8221;no&#8221; full_width=&#8221;stretch_row&#8221; full_height=&#8221;yes&#8221; css=&#8221;.vc_custom_1722605189598{padding-top: 230px !important;padding-bottom: 0px !important;background-image: url(http:\/\/www.sumpizmir.org\/tr\/wp-content\/uploads\/2024\/04\/City_of_Izmir.png?id=295) !important;background-position: 0 0 !important;background-repeat: no-repeat !important;}&#8221; cspt-responsive-css=&#8221;64985953|colbreak_yes|||||130|30px||30px|colbreak_no|||||80||||colbreak_yes|||||70|||||colbreak_no|||||||||&#8221;][vc_column cspt-bg-image-position=&#8221;center-top&#8221; css=&#8221;.vc_custom_1722862047461{padding-top: 15px !important;}&#8221; cspt-responsive-css=&#8221;35774095|colbreak_no|||||0|0||0|colbreak_no|||||||||colbreak_no||||||||||colbreak_no|||||||||&#8221; offset=&#8221;vc_hidden-md vc_hidden-sm vc_hidden-xs&#8221;][vc_custom_heading text=&#8221;\u0130zmir S\u00fcrd\u00fcr\u00fclebilir Kentsel Ula\u015f\u0131m Plan\u0131 ile bunu ba\u015farabiliriz.&#8221; font_container=&#8221;tag:div|font_size:20px|text_align:left|color:%230e2f44|line_height:26px&#8221; use_theme_fonts=&#8221;yes&#8221;][vc_raw_html css=&#8221;.vc_custom_1712306067809{margin-top: -920px !important;margin-bottom: 0px !important;margin-left: -200px !important;background-position: center !important;background-repeat: no-repeat !important;background-size: contain !important;}&#8221; el_class=&#8221;lottie-player-img-1&#8243;]JTNDc2NyaXB0JTIwc3JjJTNEJTIyaHR0cHMlM0ElMkYlMkZ1bnBrZy5jb20lMkYlNDBsb3R0aWVmaWxlcyUyRmxvdHRpZS1wbGF5ZXIlNDBsYXRlc3QlMkZkaXN0JTJGbG90dGllLXBsYXllci5qcyUyMiUzRSUzQyUyRnNjcmlwdCUzRSUzQ2xvdHRpZS1wbGF5ZXIlMjBzcmMlM0QlMjJodHRwcyUzQSUyRiUyRmxvdHRpZS5ob3N0JTJGMDlhMzlhY2UtODA1ZC00YTA1LTlkOGYtY2FiOGUyMjU0MWQyJTJGZVRTT2N0cDkxNi5qc29uJTIyJTIwYmFja2dyb3VuZCUzRCUyMnRyYW5zcGFyZW50JTIyJTIwc3BlZWQlM0QlMjIxJTIyJTIwc3R5bGUlM0QlMjJ3aWR0aCUzQSUyMDE0ODBweCUzQiUyMGhlaWdodCUzQSUyMDE0ODBweCUyMiUyMGRpcmVjdGlvbiUzRCUyMjElMjIlMjBtb2RlJTNEJTIybm9ybWFsJTIyJTIwbG9vcCUyMGF1dG9wbGF5JTNFJTNDJTJGbG90dGllLXBsYXllciUzRQ==[\/vc_raw_html][\/vc_column][\/vc_row][vc_row cspt-bg-image-position=&#8221;left-center&#8221; cspt-extended-column=&#8221;last&#8221; full_width=&#8221;stretch_row&#8221; css=&#8221;.vc_custom_1722862377253{margin-top: -300px !important;padding-bottom: 0px !important;background-image: url(http:\/\/www.sumpizmir.org\/tr\/wp-content\/uploads\/2022\/04\/new-bg-03.png?id=22) !important;background-position: 0 0 !important;background-repeat: no-repeat !important;}&#8221; cspt-responsive-css=&#8221;64985953|colbreak_yes||||||30px||30px|colbreak_no|||||80||||colbreak_no|||||70|||||colbreak_no|||||||||&#8221;][vc_column width=&#8221;7\/12&#8243; css=&#8221;.vc_custom_1722861528590{padding-top: 15px[&hellip;]<\/p>\n","protected":false},"author":1,"featured_media":0,"parent":0,"menu_order":6,"comment_status":"closed","ping_status":"closed","template":"","meta":{"_acf_changed":false,"footnotes":""},"class_list":["post-49","page","type-page","status-publish","hentry"],"acf":[],"_links":{"self":[{"href":"https:\/\/www.sumpizmir.org\/tr\/wp-json\/wp\/v2\/pages\/49","targetHints":{"allow":["GET"]}}],"collection":[{"href":"https:\/\/www.sumpizmir.org\/tr\/wp-json\/wp\/v2\/pages"}],"about":[{"href":"https:\/\/www.sumpizmir.org\/tr\/wp-json\/wp\/v2\/types\/page"}],"author":[{"embeddable":true,"href":"https:\/\/www.sumpizmir.org\/tr\/wp-json\/wp\/v2\/users\/1"}],"replies":[{"embeddable":true,"href":"https:\/\/www.sumpizmir.org\/tr\/wp-json\/wp\/v2\/comments?post=49"}],"version-history":[{"count":167,"href":"https:\/\/www.sumpizmir.org\/tr\/wp-json\/wp\/v2\/pages\/49\/revisions"}],"predecessor-version":[{"id":1662,"href":"https:\/\/www.sumpizmir.org\/tr\/wp-json\/wp\/v2\/pages\/49\/revisions\/1662"}],"wp:attachment":[{"href":"https:\/\/www.sumpizmir.org\/tr\/wp-json\/wp\/v2\/media?parent=49"}],"curies":[{"name":"wp","href":"https:\/\/api.w.org\/{rel}","templated":true}]}}