{"id":1458,"date":"2018-11-30T10:41:35","date_gmt":"2018-11-30T07:41:35","guid":{"rendered":"https:\/\/www.sumpizmir.org\/tr\/haberler\/"},"modified":"2025-01-09T17:56:36","modified_gmt":"2025-01-09T14:56:36","slug":"news","status":"publish","type":"page","link":"https:\/\/www.sumpizmir.org\/tr\/news\/?lang=en","title":{"rendered":"News"},"content":{"rendered":"<div class=\"wpb-content-wrapper\"><p>[vc_row cspt-bg-color=&#8221;light&#8221; css=&#8221;.vc_custom_1715611019942{padding-top: 0px !important;padding-bottom: 70px !important;}&#8221; cspt-responsive-css=&#8221;13189943|colbreak_no|||||80px|45px|50px|45px|colbreak_no|||||||||colbreak_no|||||60px||30px|||colbreak_no|||||||||&#8221;][vc_column cspt-responsive-css=&#8221;40474062|colbreak_no||||||0||0|colbreak_no|||||||||colbreak_no||||||||||colbreak_no|||||||||&#8221;]<div  class=\"creativesplanet-element creativesplanet-element-blog cspt-element-blog-style-1 creativesplanet-element-viewtype-row-column cspt-sortable-no\" data-show=\"12\" data-columns=\"3\" data-loop=\"false\" data-autoplay=\"false\" data-center=\"false\" data-nav=\"false\" data-dots=\"false\" data-autoplayspeed=\"1000\" data-margin=\"\"><div class=\"creativesplanet-element-inner\"><div class=\"cspt-ele-header-area\"><\/div><div class=\"cspt-element-posts-wrapper row multi-columns-row\"><div class=\"cspt-ele cspt-blog-ele col-md-4 skup-izmir\"><article class=\"creativesplanet-ele creativesplanet-ele-blog cspt-blogbox-style-1 post-1628 post type-post status-publish format-standard has-post-thumbnail hentry category-skup-izmir\">\r\n\t<div class=\"post-item\">\r\n\t\t<div class=\"cspt-featured-container\">\r\n\t\t\t<div class=\"cspt-featured-wrapper\"><a href=\"https:\/\/www.sumpizmir.org\/tr\/2025\/04\/25\/skup-izmir-proje-kapanis-etkinligi\/\"><img decoding=\"async\" width=\"770\" height=\"500\" src=\"https:\/\/www.sumpizmir.org\/tr\/wp-content\/uploads\/2025\/04\/01-770x500.jpg\" class=\"attachment-cspt-img-770x500 size-cspt-img-770x500 wp-post-image\" alt=\"\" data-id=\"1629\" \/><\/a><\/div>\t\t\t\r\n\t\t<\/div>\r\n\t\t<div class=\"creativesplanet-box-content\">\t\r\n\t\t\t<div class=\"cspt-meta-container\">\r\n\t\t\t\t<div class=\"cspt-meta-date-wrapper cspt-meta-line\">\t\t\t\t\t\r\n\t\t\t\t\t<div class=\"cspt-meta-date\">25 Nis, 2025<\/div>\r\n\t\t\t\t<\/div>\r\n\t\t\t\t\t\t\t\t<div class=\"cspt-meta-category-wrapper cspt-meta-line\">\t\t\t\t\t\r\n\t\t\t\t\t<div class=\"cspt-meta-category\"><a href=\"https:\/\/www.sumpizmir.org\/tr\/category\/skup-izmir\/\" rel=\"category tag\">SKUp \u0130zmir<\/a><\/div>\r\n\t\t\t\t<\/div>\r\n\t\t\t\t\t\t\t<\/div>\r\n\t\t\t<h3 class=\"cspt-post-title\"><a href=\"https:\/\/www.sumpizmir.org\/tr\/2025\/04\/25\/skup-izmir-proje-kapanis-etkinligi\/\">SKUp \u0130zmir Proje Kapan\u0131\u015f Etkinli\u011fi<\/a><\/h3>\r\n\t\t\t<div class=\"creativesplanet-box-desc\">\r\n\t\t\t\t<div class=\"creativesplanet-box-desc-footer\">\r\n\t\t\t\t\t<div class=\"cspt-read-more-link\">\r\n\t\t\t\t\t\t<a href=\"https:\/\/www.sumpizmir.org\/tr\/2025\/04\/25\/skup-izmir-proje-kapanis-etkinligi\/\">Devam\u0131n\u0131 Oku<\/a>\r\n\t\t\t\t\t<\/div>\r\n\t\t\t\t<\/div>\r\n\t\t\t<\/div>\r\n\t\t<\/div>\r\n\t<\/div>\r\n<\/article><\/div><div class=\"cspt-ele cspt-blog-ele col-md-4 skup-izmir\"><article class=\"creativesplanet-ele creativesplanet-ele-blog cspt-blogbox-style-1 post-1632 post type-post status-publish format-standard has-post-thumbnail hentry category-skup-izmir\">\r\n\t<div class=\"post-item\">\r\n\t\t<div class=\"cspt-featured-container\">\r\n\t\t\t<div class=\"cspt-featured-wrapper\"><a href=\"https:\/\/www.sumpizmir.org\/tr\/2025\/04\/24\/kentsel-hareketlilik-ve-akilli-sehirler-egitimi\/\"><img decoding=\"async\" width=\"770\" height=\"500\" src=\"https:\/\/www.sumpizmir.org\/tr\/wp-content\/uploads\/2025\/04\/01-1-770x500.jpg\" class=\"attachment-cspt-img-770x500 size-cspt-img-770x500 wp-post-image\" alt=\"\" data-id=\"1633\" \/><\/a><\/div>\t\t\t\r\n\t\t<\/div>\r\n\t\t<div class=\"creativesplanet-box-content\">\t\r\n\t\t\t<div class=\"cspt-meta-container\">\r\n\t\t\t\t<div class=\"cspt-meta-date-wrapper cspt-meta-line\">\t\t\t\t\t\r\n\t\t\t\t\t<div class=\"cspt-meta-date\">24 Nis, 2025<\/div>\r\n\t\t\t\t<\/div>\r\n\t\t\t\t\t\t\t\t<div class=\"cspt-meta-category-wrapper cspt-meta-line\">\t\t\t\t\t\r\n\t\t\t\t\t<div class=\"cspt-meta-category\"><a href=\"https:\/\/www.sumpizmir.org\/tr\/category\/skup-izmir\/\" rel=\"category tag\">SKUp \u0130zmir<\/a><\/div>\r\n\t\t\t\t<\/div>\r\n\t\t\t\t\t\t\t<\/div>\r\n\t\t\t<h3 class=\"cspt-post-title\"><a href=\"https:\/\/www.sumpizmir.org\/tr\/2025\/04\/24\/kentsel-hareketlilik-ve-akilli-sehirler-egitimi\/\">Kentsel Hareketlilik ve Ak\u0131ll\u0131 \u015eehirler E\u011fitimi<\/a><\/h3>\r\n\t\t\t<div class=\"creativesplanet-box-desc\">\r\n\t\t\t\t<div class=\"creativesplanet-box-desc-footer\">\r\n\t\t\t\t\t<div class=\"cspt-read-more-link\">\r\n\t\t\t\t\t\t<a href=\"https:\/\/www.sumpizmir.org\/tr\/2025\/04\/24\/kentsel-hareketlilik-ve-akilli-sehirler-egitimi\/\">Devam\u0131n\u0131 Oku<\/a>\r\n\t\t\t\t\t<\/div>\r\n\t\t\t\t<\/div>\r\n\t\t\t<\/div>\r\n\t\t<\/div>\r\n\t<\/div>\r\n<\/article><\/div><div class=\"cspt-ele cspt-blog-ele col-md-4 skup-izmir\"><article class=\"creativesplanet-ele creativesplanet-ele-blog cspt-blogbox-style-1 post-1618 post type-post status-publish format-standard has-post-thumbnail hentry category-skup-izmir\">\r\n\t<div class=\"post-item\">\r\n\t\t<div class=\"cspt-featured-container\">\r\n\t\t\t<div class=\"cspt-featured-wrapper\"><a href=\"https:\/\/www.sumpizmir.org\/tr\/2025\/03\/28\/izleme-ve-degerlendirme-teknik-calistayi\/\"><img decoding=\"async\" width=\"770\" height=\"500\" src=\"https:\/\/www.sumpizmir.org\/tr\/wp-content\/uploads\/2025\/03\/Izleme-ve-Degerlendirme-Teknik-Calistayi-01-770x500.jpg\" class=\"attachment-cspt-img-770x500 size-cspt-img-770x500 wp-post-image\" alt=\"\" data-id=\"1619\" \/><\/a><\/div>\t\t\t\r\n\t\t<\/div>\r\n\t\t<div class=\"creativesplanet-box-content\">\t\r\n\t\t\t<div class=\"cspt-meta-container\">\r\n\t\t\t\t<div class=\"cspt-meta-date-wrapper cspt-meta-line\">\t\t\t\t\t\r\n\t\t\t\t\t<div class=\"cspt-meta-date\">28 Mar, 2025<\/div>\r\n\t\t\t\t<\/div>\r\n\t\t\t\t\t\t\t\t<div class=\"cspt-meta-category-wrapper cspt-meta-line\">\t\t\t\t\t\r\n\t\t\t\t\t<div class=\"cspt-meta-category\"><a href=\"https:\/\/www.sumpizmir.org\/tr\/category\/skup-izmir\/\" rel=\"category tag\">SKUp \u0130zmir<\/a><\/div>\r\n\t\t\t\t<\/div>\r\n\t\t\t\t\t\t\t<\/div>\r\n\t\t\t<h3 class=\"cspt-post-title\"><a href=\"https:\/\/www.sumpizmir.org\/tr\/2025\/03\/28\/izleme-ve-degerlendirme-teknik-calistayi\/\">\u0130zleme ve De\u011ferlendirme Teknik \u00c7al\u0131\u015ftay\u0131<\/a><\/h3>\r\n\t\t\t<div class=\"creativesplanet-box-desc\">\r\n\t\t\t\t<div class=\"creativesplanet-box-desc-footer\">\r\n\t\t\t\t\t<div class=\"cspt-read-more-link\">\r\n\t\t\t\t\t\t<a href=\"https:\/\/www.sumpizmir.org\/tr\/2025\/03\/28\/izleme-ve-degerlendirme-teknik-calistayi\/\">Devam\u0131n\u0131 Oku<\/a>\r\n\t\t\t\t\t<\/div>\r\n\t\t\t\t<\/div>\r\n\t\t\t<\/div>\r\n\t\t<\/div>\r\n\t<\/div>\r\n<\/article><\/div><div class=\"cspt-ele cspt-blog-ele col-md-4 skup-izmir\"><article class=\"creativesplanet-ele creativesplanet-ele-blog cspt-blogbox-style-1 post-1613 post type-post status-publish format-standard has-post-thumbnail hentry category-skup-izmir\">\r\n\t<div class=\"post-item\">\r\n\t\t<div class=\"cspt-featured-container\">\r\n\t\t\t<div class=\"cspt-featured-wrapper\"><a href=\"https:\/\/www.sumpizmir.org\/tr\/2025\/03\/13\/hareketlilik-ve-farkindalik-egitimi\/\"><img decoding=\"async\" width=\"770\" height=\"500\" src=\"https:\/\/www.sumpizmir.org\/tr\/wp-content\/uploads\/2025\/03\/Hareketlilik-ve-Farkindalik-Egitimi-00-770x500.jpg\" class=\"attachment-cspt-img-770x500 size-cspt-img-770x500 wp-post-image\" alt=\"\" data-id=\"1614\" \/><\/a><\/div>\t\t\t\r\n\t\t<\/div>\r\n\t\t<div class=\"creativesplanet-box-content\">\t\r\n\t\t\t<div class=\"cspt-meta-container\">\r\n\t\t\t\t<div class=\"cspt-meta-date-wrapper cspt-meta-line\">\t\t\t\t\t\r\n\t\t\t\t\t<div class=\"cspt-meta-date\">13 Mar, 2025<\/div>\r\n\t\t\t\t<\/div>\r\n\t\t\t\t\t\t\t\t<div class=\"cspt-meta-category-wrapper cspt-meta-line\">\t\t\t\t\t\r\n\t\t\t\t\t<div class=\"cspt-meta-category\"><a href=\"https:\/\/www.sumpizmir.org\/tr\/category\/skup-izmir\/\" rel=\"category tag\">SKUp \u0130zmir<\/a><\/div>\r\n\t\t\t\t<\/div>\r\n\t\t\t\t\t\t\t<\/div>\r\n\t\t\t<h3 class=\"cspt-post-title\"><a href=\"https:\/\/www.sumpizmir.org\/tr\/2025\/03\/13\/hareketlilik-ve-farkindalik-egitimi\/\">Hareketlilik ve Fark\u0131ndal\u0131k E\u011fitimi<\/a><\/h3>\r\n\t\t\t<div class=\"creativesplanet-box-desc\">\r\n\t\t\t\t<div class=\"creativesplanet-box-desc-footer\">\r\n\t\t\t\t\t<div class=\"cspt-read-more-link\">\r\n\t\t\t\t\t\t<a href=\"https:\/\/www.sumpizmir.org\/tr\/2025\/03\/13\/hareketlilik-ve-farkindalik-egitimi\/\">Devam\u0131n\u0131 Oku<\/a>\r\n\t\t\t\t\t<\/div>\r\n\t\t\t\t<\/div>\r\n\t\t\t<\/div>\r\n\t\t<\/div>\r\n\t<\/div>\r\n<\/article><\/div><div class=\"cspt-ele cspt-blog-ele col-md-4 skup-izmir\"><article class=\"creativesplanet-ele creativesplanet-ele-blog cspt-blogbox-style-1 post-1601 post type-post status-publish format-standard has-post-thumbnail hentry category-skup-izmir\">\r\n\t<div class=\"post-item\">\r\n\t\t<div class=\"cspt-featured-container\">\r\n\t\t\t<div class=\"cspt-featured-wrapper\"><a href=\"https:\/\/www.sumpizmir.org\/tr\/2025\/03\/12\/izmir-surdurulebilir-kentsel-ulasim-plani-skup-izmir-kapsaminda-gelistirilen-mavi-yesil-koridor-onerilerine-yonelik-tasarim-atolyesi-ve-poster-sergisi-cagrisi\/\"><img decoding=\"async\" width=\"770\" height=\"500\" src=\"https:\/\/www.sumpizmir.org\/tr\/wp-content\/uploads\/2025\/03\/SKUp-Izmir-Poster-Cagrisi-01-770x500.jpg\" class=\"attachment-cspt-img-770x500 size-cspt-img-770x500 wp-post-image\" alt=\"\" data-id=\"1606\" \/><\/a><\/div>\t\t\t\r\n\t\t<\/div>\r\n\t\t<div class=\"creativesplanet-box-content\">\t\r\n\t\t\t<div class=\"cspt-meta-container\">\r\n\t\t\t\t<div class=\"cspt-meta-date-wrapper cspt-meta-line\">\t\t\t\t\t\r\n\t\t\t\t\t<div class=\"cspt-meta-date\">12 Mar, 2025<\/div>\r\n\t\t\t\t<\/div>\r\n\t\t\t\t\t\t\t\t<div class=\"cspt-meta-category-wrapper cspt-meta-line\">\t\t\t\t\t\r\n\t\t\t\t\t<div class=\"cspt-meta-category\"><a href=\"https:\/\/www.sumpizmir.org\/tr\/category\/skup-izmir\/\" rel=\"category tag\">SKUp \u0130zmir<\/a><\/div>\r\n\t\t\t\t<\/div>\r\n\t\t\t\t\t\t\t<\/div>\r\n\t\t\t<h3 class=\"cspt-post-title\"><a href=\"https:\/\/www.sumpizmir.org\/tr\/2025\/03\/12\/izmir-surdurulebilir-kentsel-ulasim-plani-skup-izmir-kapsaminda-gelistirilen-mavi-yesil-koridor-onerilerine-yonelik-tasarim-atolyesi-ve-poster-sergisi-cagrisi\/\">\u0130ZM\u0130R S\u00dcRD\u00dcR\u00dcLEB\u0130L\u0130R KENTSEL ULA\u015eIM PLANI (SKUp \u0130ZM\u0130R) KAPSAMINDA GEL\u0130\u015eT\u0130R\u0130LEN MAV\u0130 YE\u015e\u0130L KOR\u0130DOR \u00d6NER\u0130LER\u0130NE Y\u00d6NEL\u0130K TASARIM AT\u00d6LYES\u0130 VE POSTER SERG\u0130S\u0130 \u00c7A\u011eRISI<\/a><\/h3>\r\n\t\t\t<div class=\"creativesplanet-box-desc\">\r\n\t\t\t\t<div class=\"creativesplanet-box-desc-footer\">\r\n\t\t\t\t\t<div class=\"cspt-read-more-link\">\r\n\t\t\t\t\t\t<a href=\"https:\/\/www.sumpizmir.org\/tr\/2025\/03\/12\/izmir-surdurulebilir-kentsel-ulasim-plani-skup-izmir-kapsaminda-gelistirilen-mavi-yesil-koridor-onerilerine-yonelik-tasarim-atolyesi-ve-poster-sergisi-cagrisi\/\">Devam\u0131n\u0131 Oku<\/a>\r\n\t\t\t\t\t<\/div>\r\n\t\t\t\t<\/div>\r\n\t\t\t<\/div>\r\n\t\t<\/div>\r\n\t<\/div>\r\n<\/article><\/div><div class=\"cspt-ele cspt-blog-ele col-md-4 skup-izmir\"><article class=\"creativesplanet-ele creativesplanet-ele-blog cspt-blogbox-style-1 post-1596 post type-post status-publish format-standard has-post-thumbnail hentry category-skup-izmir\">\r\n\t<div class=\"post-item\">\r\n\t\t<div class=\"cspt-featured-container\">\r\n\t\t\t<div class=\"cspt-featured-wrapper\"><a href=\"https:\/\/www.sumpizmir.org\/tr\/2025\/03\/01\/15-birimler-arasi-calisma-grubu\/\"><img decoding=\"async\" width=\"770\" height=\"500\" src=\"https:\/\/www.sumpizmir.org\/tr\/wp-content\/uploads\/2025\/03\/15.BACG-01-770x500.jpg\" class=\"attachment-cspt-img-770x500 size-cspt-img-770x500 wp-post-image\" alt=\"\" data-id=\"1597\" \/><\/a><\/div>\t\t\t\r\n\t\t<\/div>\r\n\t\t<div class=\"creativesplanet-box-content\">\t\r\n\t\t\t<div class=\"cspt-meta-container\">\r\n\t\t\t\t<div class=\"cspt-meta-date-wrapper cspt-meta-line\">\t\t\t\t\t\r\n\t\t\t\t\t<div class=\"cspt-meta-date\">01 Mar, 2025<\/div>\r\n\t\t\t\t<\/div>\r\n\t\t\t\t\t\t\t\t<div class=\"cspt-meta-category-wrapper cspt-meta-line\">\t\t\t\t\t\r\n\t\t\t\t\t<div class=\"cspt-meta-category\"><a href=\"https:\/\/www.sumpizmir.org\/tr\/category\/skup-izmir\/\" rel=\"category tag\">SKUp \u0130zmir<\/a><\/div>\r\n\t\t\t\t<\/div>\r\n\t\t\t\t\t\t\t<\/div>\r\n\t\t\t<h3 class=\"cspt-post-title\"><a href=\"https:\/\/www.sumpizmir.org\/tr\/2025\/03\/01\/15-birimler-arasi-calisma-grubu\/\">15. Birimler Aras\u0131 \u00c7al\u0131\u015fma Grubu<\/a><\/h3>\r\n\t\t\t<div class=\"creativesplanet-box-desc\">\r\n\t\t\t\t<div class=\"creativesplanet-box-desc-footer\">\r\n\t\t\t\t\t<div class=\"cspt-read-more-link\">\r\n\t\t\t\t\t\t<a href=\"https:\/\/www.sumpizmir.org\/tr\/2025\/03\/01\/15-birimler-arasi-calisma-grubu\/\">Devam\u0131n\u0131 Oku<\/a>\r\n\t\t\t\t\t<\/div>\r\n\t\t\t\t<\/div>\r\n\t\t\t<\/div>\r\n\t\t<\/div>\r\n\t<\/div>\r\n<\/article><\/div><div class=\"cspt-ele cspt-blog-ele col-md-4 skup-izmir\"><article class=\"creativesplanet-ele creativesplanet-ele-blog cspt-blogbox-style-1 post-1592 post type-post status-publish format-standard has-post-thumbnail hentry category-skup-izmir\">\r\n\t<div class=\"post-item\">\r\n\t\t<div class=\"cspt-featured-container\">\r\n\t\t\t<div class=\"cspt-featured-wrapper\"><a href=\"https:\/\/www.sumpizmir.org\/tr\/2025\/02\/28\/10-proje-yonlendirme-komitesi-toplantisi\/\"><img decoding=\"async\" width=\"770\" height=\"500\" src=\"https:\/\/www.sumpizmir.org\/tr\/wp-content\/uploads\/2025\/03\/IKT-01-770x500.jpg\" class=\"attachment-cspt-img-770x500 size-cspt-img-770x500 wp-post-image\" alt=\"\" data-id=\"1593\" \/><\/a><\/div>\t\t\t\r\n\t\t<\/div>\r\n\t\t<div class=\"creativesplanet-box-content\">\t\r\n\t\t\t<div class=\"cspt-meta-container\">\r\n\t\t\t\t<div class=\"cspt-meta-date-wrapper cspt-meta-line\">\t\t\t\t\t\r\n\t\t\t\t\t<div class=\"cspt-meta-date\">28 \u015eub, 2025<\/div>\r\n\t\t\t\t<\/div>\r\n\t\t\t\t\t\t\t\t<div class=\"cspt-meta-category-wrapper cspt-meta-line\">\t\t\t\t\t\r\n\t\t\t\t\t<div class=\"cspt-meta-category\"><a href=\"https:\/\/www.sumpizmir.org\/tr\/category\/skup-izmir\/\" rel=\"category tag\">SKUp \u0130zmir<\/a><\/div>\r\n\t\t\t\t<\/div>\r\n\t\t\t\t\t\t\t<\/div>\r\n\t\t\t<h3 class=\"cspt-post-title\"><a href=\"https:\/\/www.sumpizmir.org\/tr\/2025\/02\/28\/10-proje-yonlendirme-komitesi-toplantisi\/\">10. Proje Y\u00f6nlendirme Komitesi Toplant\u0131s\u0131<\/a><\/h3>\r\n\t\t\t<div class=\"creativesplanet-box-desc\">\r\n\t\t\t\t<div class=\"creativesplanet-box-desc-footer\">\r\n\t\t\t\t\t<div class=\"cspt-read-more-link\">\r\n\t\t\t\t\t\t<a href=\"https:\/\/www.sumpizmir.org\/tr\/2025\/02\/28\/10-proje-yonlendirme-komitesi-toplantisi\/\">Devam\u0131n\u0131 Oku<\/a>\r\n\t\t\t\t\t<\/div>\r\n\t\t\t\t<\/div>\r\n\t\t\t<\/div>\r\n\t\t<\/div>\r\n\t<\/div>\r\n<\/article><\/div><div class=\"cspt-ele cspt-blog-ele col-md-4 skup-izmir\"><article class=\"creativesplanet-ele creativesplanet-ele-blog cspt-blogbox-style-1 post-1588 post type-post status-publish format-standard has-post-thumbnail hentry category-skup-izmir\">\r\n\t<div class=\"post-item\">\r\n\t\t<div class=\"cspt-featured-container\">\r\n\t\t\t<div class=\"cspt-featured-wrapper\"><a href=\"https:\/\/www.sumpizmir.org\/tr\/2025\/02\/18\/ulasimda-direnclilik-egitimi\/\"><img decoding=\"async\" width=\"770\" height=\"500\" src=\"https:\/\/www.sumpizmir.org\/tr\/wp-content\/uploads\/2025\/02\/Ulasimda-Direnclilik-Egitimi-01-770x500.jpg\" class=\"attachment-cspt-img-770x500 size-cspt-img-770x500 wp-post-image\" alt=\"\" data-id=\"1589\" \/><\/a><\/div>\t\t\t\r\n\t\t<\/div>\r\n\t\t<div class=\"creativesplanet-box-content\">\t\r\n\t\t\t<div class=\"cspt-meta-container\">\r\n\t\t\t\t<div class=\"cspt-meta-date-wrapper cspt-meta-line\">\t\t\t\t\t\r\n\t\t\t\t\t<div class=\"cspt-meta-date\">18 \u015eub, 2025<\/div>\r\n\t\t\t\t<\/div>\r\n\t\t\t\t\t\t\t\t<div class=\"cspt-meta-category-wrapper cspt-meta-line\">\t\t\t\t\t\r\n\t\t\t\t\t<div class=\"cspt-meta-category\"><a href=\"https:\/\/www.sumpizmir.org\/tr\/category\/skup-izmir\/\" rel=\"category tag\">SKUp \u0130zmir<\/a><\/div>\r\n\t\t\t\t<\/div>\r\n\t\t\t\t\t\t\t<\/div>\r\n\t\t\t<h3 class=\"cspt-post-title\"><a href=\"https:\/\/www.sumpizmir.org\/tr\/2025\/02\/18\/ulasimda-direnclilik-egitimi\/\">Ula\u015f\u0131mda Diren\u00e7lilik E\u011fitimi<\/a><\/h3>\r\n\t\t\t<div class=\"creativesplanet-box-desc\">\r\n\t\t\t\t<div class=\"creativesplanet-box-desc-footer\">\r\n\t\t\t\t\t<div class=\"cspt-read-more-link\">\r\n\t\t\t\t\t\t<a href=\"https:\/\/www.sumpizmir.org\/tr\/2025\/02\/18\/ulasimda-direnclilik-egitimi\/\">Devam\u0131n\u0131 Oku<\/a>\r\n\t\t\t\t\t<\/div>\r\n\t\t\t\t<\/div>\r\n\t\t\t<\/div>\r\n\t\t<\/div>\r\n\t<\/div>\r\n<\/article><\/div><div class=\"cspt-ele cspt-blog-ele col-md-4 skup-izmir\"><article class=\"creativesplanet-ele creativesplanet-ele-blog cspt-blogbox-style-1 post-1579 post type-post status-publish format-standard has-post-thumbnail hentry category-skup-izmir\">\r\n\t<div class=\"post-item\">\r\n\t\t<div class=\"cspt-featured-container\">\r\n\t\t\t<div class=\"cspt-featured-wrapper\"><a href=\"https:\/\/www.sumpizmir.org\/tr\/2025\/02\/06\/surdurulebilir-kentsel-ulasim-icin-ab-mevzuati-ve-cercevelerine-dair-kilavuz-egitimi\/\"><img decoding=\"async\" width=\"770\" height=\"500\" src=\"https:\/\/www.sumpizmir.org\/tr\/wp-content\/uploads\/2025\/02\/AB_Mevzuati_Cercevelerine-dair_Kilavuz_01-770x500.jpg\" class=\"attachment-cspt-img-770x500 size-cspt-img-770x500 wp-post-image\" alt=\"\" data-id=\"1580\" \/><\/a><\/div>\t\t\t\r\n\t\t<\/div>\r\n\t\t<div class=\"creativesplanet-box-content\">\t\r\n\t\t\t<div class=\"cspt-meta-container\">\r\n\t\t\t\t<div class=\"cspt-meta-date-wrapper cspt-meta-line\">\t\t\t\t\t\r\n\t\t\t\t\t<div class=\"cspt-meta-date\">06 \u015eub, 2025<\/div>\r\n\t\t\t\t<\/div>\r\n\t\t\t\t\t\t\t\t<div class=\"cspt-meta-category-wrapper cspt-meta-line\">\t\t\t\t\t\r\n\t\t\t\t\t<div class=\"cspt-meta-category\"><a href=\"https:\/\/www.sumpizmir.org\/tr\/category\/skup-izmir\/\" rel=\"category tag\">SKUp \u0130zmir<\/a><\/div>\r\n\t\t\t\t<\/div>\r\n\t\t\t\t\t\t\t<\/div>\r\n\t\t\t<h3 class=\"cspt-post-title\"><a href=\"https:\/\/www.sumpizmir.org\/tr\/2025\/02\/06\/surdurulebilir-kentsel-ulasim-icin-ab-mevzuati-ve-cercevelerine-dair-kilavuz-egitimi\/\">S\u00fcrd\u00fcr\u00fclebilir Kentsel Ula\u015f\u0131m i\u00e7in AB Mevzuat\u0131 ve \u00c7er\u00e7evelerine dair K\u0131lavuz E\u011fitimi<\/a><\/h3>\r\n\t\t\t<div class=\"creativesplanet-box-desc\">\r\n\t\t\t\t<div class=\"creativesplanet-box-desc-footer\">\r\n\t\t\t\t\t<div class=\"cspt-read-more-link\">\r\n\t\t\t\t\t\t<a href=\"https:\/\/www.sumpizmir.org\/tr\/2025\/02\/06\/surdurulebilir-kentsel-ulasim-icin-ab-mevzuati-ve-cercevelerine-dair-kilavuz-egitimi\/\">Devam\u0131n\u0131 Oku<\/a>\r\n\t\t\t\t\t<\/div>\r\n\t\t\t\t<\/div>\r\n\t\t\t<\/div>\r\n\t\t<\/div>\r\n\t<\/div>\r\n<\/article><\/div><div class=\"cspt-ele cspt-blog-ele col-md-4 skup-izmir\"><article class=\"creativesplanet-ele creativesplanet-ele-blog cspt-blogbox-style-1 post-1566 post type-post status-publish format-standard has-post-thumbnail hentry category-skup-izmir\">\r\n\t<div class=\"post-item\">\r\n\t\t<div class=\"cspt-featured-container\">\r\n\t\t\t<div class=\"cspt-featured-wrapper\"><a href=\"https:\/\/www.sumpizmir.org\/tr\/2025\/01\/16\/4-ulasim-modellemesi-egitimi\/\"><img decoding=\"async\" width=\"770\" height=\"500\" src=\"https:\/\/www.sumpizmir.org\/tr\/wp-content\/uploads\/2025\/01\/4.Ulasim-Modellemesi-Egitimi-01-770x500.jpg\" class=\"attachment-cspt-img-770x500 size-cspt-img-770x500 wp-post-image\" alt=\"\" data-id=\"1567\" \/><\/a><\/div>\t\t\t\r\n\t\t<\/div>\r\n\t\t<div class=\"creativesplanet-box-content\">\t\r\n\t\t\t<div class=\"cspt-meta-container\">\r\n\t\t\t\t<div class=\"cspt-meta-date-wrapper cspt-meta-line\">\t\t\t\t\t\r\n\t\t\t\t\t<div class=\"cspt-meta-date\">16 Oca, 2025<\/div>\r\n\t\t\t\t<\/div>\r\n\t\t\t\t\t\t\t\t<div class=\"cspt-meta-category-wrapper cspt-meta-line\">\t\t\t\t\t\r\n\t\t\t\t\t<div class=\"cspt-meta-category\"><a href=\"https:\/\/www.sumpizmir.org\/tr\/category\/skup-izmir\/\" rel=\"category tag\">SKUp \u0130zmir<\/a><\/div>\r\n\t\t\t\t<\/div>\r\n\t\t\t\t\t\t\t<\/div>\r\n\t\t\t<h3 class=\"cspt-post-title\"><a href=\"https:\/\/www.sumpizmir.org\/tr\/2025\/01\/16\/4-ulasim-modellemesi-egitimi\/\">4.Ula\u015f\u0131m Modellemesi E\u011fitimi<\/a><\/h3>\r\n\t\t\t<div class=\"creativesplanet-box-desc\">\r\n\t\t\t\t<div class=\"creativesplanet-box-desc-footer\">\r\n\t\t\t\t\t<div class=\"cspt-read-more-link\">\r\n\t\t\t\t\t\t<a href=\"https:\/\/www.sumpizmir.org\/tr\/2025\/01\/16\/4-ulasim-modellemesi-egitimi\/\">Devam\u0131n\u0131 Oku<\/a>\r\n\t\t\t\t\t<\/div>\r\n\t\t\t\t<\/div>\r\n\t\t\t<\/div>\r\n\t\t<\/div>\r\n\t<\/div>\r\n<\/article><\/div><div class=\"cspt-ele cspt-blog-ele col-md-4 skup-izmir\"><article class=\"creativesplanet-ele creativesplanet-ele-blog cspt-blogbox-style-1 post-1571 post type-post status-publish format-standard has-post-thumbnail hentry category-skup-izmir\">\r\n\t<div class=\"post-item\">\r\n\t\t<div class=\"cspt-featured-container\">\r\n\t\t\t<div class=\"cspt-featured-wrapper\"><a href=\"https:\/\/www.sumpizmir.org\/tr\/2025\/01\/15\/14-birimler-arasi-calisma-grubu-bacg\/\"><img decoding=\"async\" width=\"770\" height=\"500\" src=\"https:\/\/www.sumpizmir.org\/tr\/wp-content\/uploads\/2025\/01\/14.Birimler-Arasi-Calisma-Grubu-01-770x500.jpg\" class=\"attachment-cspt-img-770x500 size-cspt-img-770x500 wp-post-image\" alt=\"\" data-id=\"1575\" \/><\/a><\/div>\t\t\t\r\n\t\t<\/div>\r\n\t\t<div class=\"creativesplanet-box-content\">\t\r\n\t\t\t<div class=\"cspt-meta-container\">\r\n\t\t\t\t<div class=\"cspt-meta-date-wrapper cspt-meta-line\">\t\t\t\t\t\r\n\t\t\t\t\t<div class=\"cspt-meta-date\">15 Oca, 2025<\/div>\r\n\t\t\t\t<\/div>\r\n\t\t\t\t\t\t\t\t<div class=\"cspt-meta-category-wrapper cspt-meta-line\">\t\t\t\t\t\r\n\t\t\t\t\t<div class=\"cspt-meta-category\"><a href=\"https:\/\/www.sumpizmir.org\/tr\/category\/skup-izmir\/\" rel=\"category tag\">SKUp \u0130zmir<\/a><\/div>\r\n\t\t\t\t<\/div>\r\n\t\t\t\t\t\t\t<\/div>\r\n\t\t\t<h3 class=\"cspt-post-title\"><a href=\"https:\/\/www.sumpizmir.org\/tr\/2025\/01\/15\/14-birimler-arasi-calisma-grubu-bacg\/\">14. Birimler Aras\u0131 \u00c7al\u0131\u015fma Grubu (BA\u00c7G)<\/a><\/h3>\r\n\t\t\t<div class=\"creativesplanet-box-desc\">\r\n\t\t\t\t<div class=\"creativesplanet-box-desc-footer\">\r\n\t\t\t\t\t<div class=\"cspt-read-more-link\">\r\n\t\t\t\t\t\t<a href=\"https:\/\/www.sumpizmir.org\/tr\/2025\/01\/15\/14-birimler-arasi-calisma-grubu-bacg\/\">Devam\u0131n\u0131 Oku<\/a>\r\n\t\t\t\t\t<\/div>\r\n\t\t\t\t<\/div>\r\n\t\t\t<\/div>\r\n\t\t<\/div>\r\n\t<\/div>\r\n<\/article><\/div><div class=\"cspt-ele cspt-blog-ele col-md-4 skup-izmir\"><article class=\"creativesplanet-ele creativesplanet-ele-blog cspt-blogbox-style-1 post-1418 post type-post status-publish format-standard has-post-thumbnail hentry category-skup-izmir\">\r\n\t<div class=\"post-item\">\r\n\t\t<div class=\"cspt-featured-container\">\r\n\t\t\t<div class=\"cspt-featured-wrapper\"><a href=\"https:\/\/www.sumpizmir.org\/tr\/2024\/12\/27\/skup-izmir-aktivite-bazli-model-abm-egitimi\/\"><img decoding=\"async\" width=\"770\" height=\"500\" src=\"https:\/\/www.sumpizmir.org\/tr\/wp-content\/uploads\/2025\/01\/Aktivite-Tabanli-Model-Egitimi-01-770x500.jpg\" class=\"attachment-cspt-img-770x500 size-cspt-img-770x500 wp-post-image\" alt=\"\" data-id=\"1419\" \/><\/a><\/div>\t\t\t\r\n\t\t<\/div>\r\n\t\t<div class=\"creativesplanet-box-content\">\t\r\n\t\t\t<div class=\"cspt-meta-container\">\r\n\t\t\t\t<div class=\"cspt-meta-date-wrapper cspt-meta-line\">\t\t\t\t\t\r\n\t\t\t\t\t<div class=\"cspt-meta-date\">27 Ara, 2024<\/div>\r\n\t\t\t\t<\/div>\r\n\t\t\t\t\t\t\t\t<div class=\"cspt-meta-category-wrapper cspt-meta-line\">\t\t\t\t\t\r\n\t\t\t\t\t<div class=\"cspt-meta-category\"><a href=\"https:\/\/www.sumpizmir.org\/tr\/category\/skup-izmir\/\" rel=\"category tag\">SKUp \u0130zmir<\/a><\/div>\r\n\t\t\t\t<\/div>\r\n\t\t\t\t\t\t\t<\/div>\r\n\t\t\t<h3 class=\"cspt-post-title\"><a href=\"https:\/\/www.sumpizmir.org\/tr\/2024\/12\/27\/skup-izmir-aktivite-bazli-model-abm-egitimi\/\">SKUp \u0130zmir Aktivite Bazl\u0131 Model (ABM) E\u011fitimi<\/a><\/h3>\r\n\t\t\t<div class=\"creativesplanet-box-desc\">\r\n\t\t\t\t<div class=\"creativesplanet-box-desc-footer\">\r\n\t\t\t\t\t<div class=\"cspt-read-more-link\">\r\n\t\t\t\t\t\t<a href=\"https:\/\/www.sumpizmir.org\/tr\/2024\/12\/27\/skup-izmir-aktivite-bazli-model-abm-egitimi\/\">Devam\u0131n\u0131 Oku<\/a>\r\n\t\t\t\t\t<\/div>\r\n\t\t\t\t<\/div>\r\n\t\t\t<\/div>\r\n\t\t<\/div>\r\n\t<\/div>\r\n<\/article><\/div><\/div><div class=\"clearfix\"><\/div><div class=\"cspt-pagination\"><div class=\"nav-links\"><span class=\"page-numbers current\">1<\/span>\n<a class=\"page-numbers\" href=\"https:\/\/www.sumpizmir.org\/tr\/wp-json\/wp\/v2\/pages\/1458\/page\/2\/\">2<\/a>\n<a class=\"page-numbers\" href=\"https:\/\/www.sumpizmir.org\/tr\/wp-json\/wp\/v2\/pages\/1458\/page\/3\/\">3<\/a>\n<span class=\"page-numbers dots\">&hellip;<\/span>\n<a class=\"page-numbers\" href=\"https:\/\/www.sumpizmir.org\/tr\/wp-json\/wp\/v2\/pages\/1458\/page\/5\/\">5<\/a>\n<a class=\"next page-numbers\" href=\"https:\/\/www.sumpizmir.org\/tr\/wp-json\/wp\/v2\/pages\/1458\/page\/2\/\"><i class=\"cspt-base-icon-right-open\"><\/i><\/a><\/div><\/div><!-- .cspt-pagination --><\/div><!-- .creativesplanet-element-inner -->   <\/div><!-- .creativesplanet-element -->  [\/vc_column][\/vc_row]<\/p>\n<\/div>","protected":false},"excerpt":{"rendered":"<p>[vc_row cspt-bg-color=&#8221;light&#8221; css=&#8221;.vc_custom_1715611019942{padding-top: 0px !important;padding-bottom: 70px !important;}&#8221; cspt-responsive-css=&#8221;13189943|colbreak_no|||||80px|45px|50px|45px|colbreak_no|||||||||colbreak_no|||||60px||30px|||colbreak_no|||||||||&#8221;][vc_column cspt-responsive-css=&#8221;40474062|colbreak_no||||||0||0|colbreak_no|||||||||colbreak_no||||||||||colbreak_no|||||||||&#8221;][\/vc_column][\/vc_row]<\/p>\n","protected":false},"author":1,"featured_media":0,"parent":0,"menu_order":22,"comment_status":"closed","ping_status":"closed","template":"","meta":{"_acf_changed":false,"footnotes":""},"class_list":["post-1458","page","type-page","status-publish","hentry"],"acf":[],"_links":{"self":[{"href":"https:\/\/www.sumpizmir.org\/tr\/wp-json\/wp\/v2\/pages\/1458","targetHints":{"allow":["GET"]}}],"collection":[{"href":"https:\/\/www.sumpizmir.org\/tr\/wp-json\/wp\/v2\/pages"}],"about":[{"href":"https:\/\/www.sumpizmir.org\/tr\/wp-json\/wp\/v2\/types\/page"}],"author":[{"embeddable":true,"href":"https:\/\/www.sumpizmir.org\/tr\/wp-json\/wp\/v2\/users\/1"}],"replies":[{"embeddable":true,"href":"https:\/\/www.sumpizmir.org\/tr\/wp-json\/wp\/v2\/comments?post=1458"}],"version-history":[{"count":1,"href":"https:\/\/www.sumpizmir.org\/tr\/wp-json\/wp\/v2\/pages\/1458\/revisions"}],"predecessor-version":[{"id":1459,"href":"https:\/\/www.sumpizmir.org\/tr\/wp-json\/wp\/v2\/pages\/1458\/revisions\/1459"}],"wp:attachment":[{"href":"https:\/\/www.sumpizmir.org\/tr\/wp-json\/wp\/v2\/media?parent=1458"}],"curies":[{"name":"wp","href":"https:\/\/api.w.org\/{rel}","templated":true}]}}