{"id":1423,"date":"2024-05-16T14:42:49","date_gmt":"2024-05-16T11:42:49","guid":{"rendered":"https:\/\/www.sumpizmir.org\/tr\/?page_id=1423"},"modified":"2025-10-01T14:30:12","modified_gmt":"2025-10-01T11:30:12","slug":"outline-of-the-sump","status":"publish","type":"page","link":"https:\/\/www.sumpizmir.org\/tr\/outline-of-the-sump\/?lang=en","title":{"rendered":"Outline of the SUMP"},"content":{"rendered":"<div class=\"wpb-content-wrapper\"><p>[vc_row full_width=&#8221;stretch_row&#8221; cspt-responsive-css=&#8221;99458424|colbreak_yes||||||30px||30px|colbreak_no|||||20||||colbreak_no||||||||||colbreak_no|||||||||&#8221; el_class=&#8221;cspt-res-fid-5&#8243; css=&#8221;.vc_custom_1715353024463{padding-top: 30px !important;}&#8221;][vc_column cspt-responsive-css=&#8221;86122254|colbreak_no|||||||||colbreak_no|||||||||colbreak_no||||||||||colbreak_no|||||||||&#8221; offset=&#8221;vc_col-lg-6 vc_col-md-6&#8243;][vc_raw_html el_class=&#8221;lottie-player-img-3&#8243; css=&#8221;.vc_custom_1715353326178{margin-top: -145px !important;margin-left: 0px !important;}&#8221;]JTNDc2NyaXB0JTIwc3JjJTNEJTIyaHR0cHMlM0ElMkYlMkZ1bnBrZy5jb20lMkYlNDBkb3Rsb3R0aWUlMkZwbGF5ZXItY29tcG9uZW50JTQwbGF0ZXN0JTJGZGlzdCUyRmRvdGxvdHRpZS1wbGF5ZXIubWpzJTIyJTIwdHlwZSUzRCUyMm1vZHVsZSUyMiUzRSUzQyUyRnNjcmlwdCUzRSUyMCUwQSUzQ2RvdGxvdHRpZS1wbGF5ZXIlMjBzcmMlM0QlMjJodHRwcyUzQSUyRiUyRmxvdHRpZS5ob3N0JTJGYzJhMGU2ZWYtY2E3Yi00NGJiLWE2MjgtYjZlNTk5YjdlMDhmJTJGSnlJMXdtWFZwTi5qc29uJTIyJTIwYmFja2dyb3VuZCUzRCUyMnRyYW5zcGFyZW50JTIyJTIwc3BlZWQlM0QlMjIxJTIyJTIwc3R5bGUlM0QlMjJ3aWR0aCUzQSUyMDU1MHB4JTNCJTIwaGVpZ2h0JTNBJTIwNTUwcHglM0IlMjBtYXJnaW4tbGVmdCUzQTEwcHglM0IlMjIlMjBsb29wJTIwYXV0b3BsYXklM0UlM0MlMkZkb3Rsb3R0aWUtcGxheWVyJTNF[\/vc_raw_html][\/vc_column][vc_column css=&#8221;.vc_custom_1646373060677{padding-left: 70px !important;}&#8221; cspt-responsive-css=&#8221;34198916|colbreak_no||||||||0|colbreak_no|||||||||colbreak_no||||||||||colbreak_no|||||||||&#8221; offset=&#8221;vc_col-lg-6 vc_col-md-6&#8243;][vc_column_text css=&#8221;.vc_custom_1759317441245{margin-top: -8px !important;}&#8221;]Hareketlilik, insanlar\u0131n g\u00fcnl\u00fck ya\u015famlar\u0131 i\u00e7erisinde b\u00fcy\u00fck bir \u00f6neme sahiptir. Ancak g\u00fcn\u00fcm\u00fczde ula\u015f\u0131m, Avrupa&#8217;daki sera gaz\u0131 emisyonlar\u0131n\u0131n neredeyse d\u00f6rtte birini olu\u015fturmaktad\u0131r ve ayn\u0131 zamanda \u015fehirlerdeki hava kirlili\u011finin de ana nedenlerinden biridir. Bu sebeple, kentlerde s\u00fcrd\u00fcr\u00fclebilir hareketlili\u011fe ge\u00e7i\u015fin h\u0131zland\u0131r\u0131lmas\u0131 zorunludur.[\/vc_column_text][\/vc_column][\/vc_row][vc_row cspt-text-color=&#8221;white&#8221; cspt-bg-color=&#8221;blackish&#8221; cspt-extended-column=&#8221;last&#8221; cspt-extended-bg-image-repeat=&#8221;no&#8221; cspt-extended-bg-size=&#8221;contain&#8221; full_width=&#8221;stretch_row&#8221; content_placement=&#8221;middle&#8221; css=&#8221;.vc_custom_1722863385633{margin-top: 150px !important;margin-bottom: 150px !important;padding-top: 20px !important;padding-bottom: 100px !important;}&#8221; el_class=&#8221;cspt-top-pattern&#8221; cspt-responsive-css=&#8221;79807688|colbreak_yes||||||30px||30px|colbreak_yes|||||120px||||colbreak_yes|||||120px|||||colbreak_no|||||||||&#8221;][vc_column width=&#8221;2\/3&#8243; css=&#8221;.vc_custom_1715354685512{padding-top: 20px !important;padding-right: 35px !important;}&#8221; cspt-responsive-css=&#8221;54196835|colbreak_no||||||||0|colbreak_no|||||||||colbreak_no||||||0||||colbreak_no|||||||||&#8221; offset=&#8221;vc_col-lg-8 vc_col-md-8&#8243;][vc_column_text]S\u00fcrd\u00fcr\u00fclebilir bir kentsel hareketlilik plan\u0131n\u0131n hedefleri olduk\u00e7a geni\u015f kapsaml\u0131d\u0131r ve sadece hareketlilik ve ula\u015f\u0131ma odaklanmaz. Ayn\u0131 zamanda kentsel ya\u015fam kalitesine de odaklan\u0131r. SKUp, a\u015fa\u011f\u0131da yer alan hususlar arac\u0131l\u0131\u011f\u0131yla s\u00fcrd\u00fcr\u00fclebilir bir kentsel ula\u015f\u0131m sistemi olu\u015fturmay\u0131 ama\u00e7lamaktad\u0131r:[\/vc_column_text]<div  class=\"creativesplanet-ul-list cspt-list-padding-0 cspt-ul-type-icon\"><ul><li><i class=\"cspt-globalcolor entypo-icon entypo-icon-check\"><\/i> Herkes i\u00e7in hizmetlere eri\u015filebilirli\u011fin art\u0131r\u0131lmas\u0131;<\/li><li><i class=\"cspt-globalcolor entypo-icon entypo-icon-check\"><\/i> Emniyet ve g\u00fcvenli\u011fin iyile\u015ftirilmesi;<\/li><li><i class=\"cspt-globalcolor entypo-icon entypo-icon-check\"><\/i> Kirlilik, sera gaz\u0131 emisyonlar\u0131 ve enerji t\u00fcketiminin azalt\u0131lmas\u0131;<\/li><li><i class=\"cspt-globalcolor entypo-icon entypo-icon-check\"><\/i> \u0130nsan ve mal ta\u015f\u0131mac\u0131l\u0131\u011f\u0131nda verimlili\u011fin ve maliyet etkinli\u011finin art\u0131r\u0131lmas\u0131;<\/li><li><i class=\"cspt-globalcolor entypo-icon entypo-icon-check\"><\/i> Kentsel alan\u0131n cazibesinin ve kalitesinin art\u0131r\u0131lmas\u0131.<\/li><\/ul><\/div>[\/vc_column][vc_column cspt-extended-column=&#8221;right&#8221; width=&#8221;1\/3&#8243; cspt-strech-content=&#8221;yes&#8221; offset=&#8221;vc_col-lg-4 vc_col-md-4 vc_hidden-md vc_hidden-sm vc_hidden-xs&#8221; cspt-responsive-css=&#8221;80039663|colbreak_no||||||0|||colbreak_no||||||||0|colbreak_no||||||||||colbreak_no|||||||||&#8221;][vc_raw_html el_class=&#8221;cspt-tooltip-pin&#8221;]JTNDc2NyaXB0JTIwc3JjJTNEJTIyaHR0cHMlM0ElMkYlMkZ1bnBrZy5jb20lMkYlNDBkb3Rsb3R0aWUlMkZwbGF5ZXItY29tcG9uZW50JTQwbGF0ZXN0JTJGZGlzdCUyRmRvdGxvdHRpZS1wbGF5ZXIubWpzJTIyJTIwdHlwZSUzRCUyMm1vZHVsZSUyMiUzRSUzQyUyRnNjcmlwdCUzRSUyMCUwQSUwQSUyMCUyMCUyMCUyMCUzQ2RvdGxvdHRpZS1wbGF5ZXIlMjBzcmMlM0QlMjJodHRwcyUzQSUyRiUyRmxvdHRpZS5ob3N0JTJGYmM5NGI3NjktY2JlYi00NTlkLTk0MTctYTAzMjViZDFiMGVlJTJGbkdJZzI3UFVzUC5qc29uJTIyJTIwYmFja2dyb3VuZCUzRCUyMnRyYW5zcGFyZW50JTIyJTIwc3BlZWQlM0QlMjIxJTIyJTIwc3R5bGUlM0QlMjJ3aWR0aCUzQSUyMDUwMHB4JTNCJTIwaGVpZ2h0JTNBJTIwNTAwcHglM0IlMjIlMjBsb29wJTIwYXV0b3BsYXklM0UlM0MlMkZkb3Rsb3R0aWUtcGxheWVyJTNF[\/vc_raw_html][\/vc_column][\/vc_row][vc_row css=&#8221;.vc_custom_1722863704492{margin-top: -300px !important;margin-bottom: -100px !important;}&#8221; cspt-responsive-css=&#8221;26529274|colbreak_no|20px||||||||colbreak_no|20px||||||||colbreak_no|||||1px|||||colbreak_no|||||||||&#8221;][vc_column][\/vc_column][\/vc_row][vc_row cspt-responsive-css=&#8221;98151346|colbreak_no||||||30px||30px|colbreak_no|||||||||colbreak_no||||||||||colbreak_no|||||||||&#8221; css=&#8221;.vc_custom_1716971131206{margin-top: -250px !important;}&#8221;][vc_column][vc_row_inner cspt-bg-color=&#8221;secondarycolor&#8221; cspt-responsive-css=&#8221;41822091|colbreak_no|||||||||colbreak_no|||||||||colbreak_no|250px|||||||||colbreak_no|||||||||&#8221; el_class=&#8221;cspt-border-radius-2&#8243; css=&#8221;.vc_custom_1722863042783{margin-top: -50px !important;margin-right: 0px !important;margin-left: 0px !important;padding-top: 70px !important;padding-right: 35px !important;padding-bottom: 70px !important;padding-left: 35px !important;}&#8221;][vc_column_inner width=&#8221;1\/5&#8243; offset=&#8221;vc_col-lg-1\/5&#8243; cspt-responsive-css=&#8221;20116983|colbreak_no|||30||||||colbreak_no|||||||||colbreak_no||||||||||colbreak_no|||||||||&#8221;]<div  class=\"creativesplanet-ele creativesplanet-ele-fid creativesplanet-ele-fid-style-6 \"><div class=\"cspt-fld-contents d-flex\">\n\t<div class=\"cspt-sbox-icon-wrapper\"><i class=\"fas fa-walking\"><\/i><\/div>\t<div class=\"cspt-content-wrap\">\n\t\t<h5 class=\"cspt-fid-inner\">\n\t\t\t<span>%<\/span>\t\t\t<span\n\t\t\t\tclass\t\t\t\t  = \"cspt-number-rotate\"\n\t\t\t\tdata-appear-animation = \"animateDigits\"\n\t\t\t\tdata-from             = \"0\"\n\t\t\t\tdata-to               = \"36\"\n\t\t\t\tdata-interval         = \"1\"\n\t\t\t\tdata-before           = \"\"\n\t\t\t\tdata-before-style     = \"\"\n\t\t\t\tdata-after            = \"\"\n\t\t\t\tdata-after-style      = \"\"\n\t\t\t\t>\n\t\t\t\t\t36\t\t\t<\/span>\n\t\t\t<span class=\"cspt-fid-sub\"><\/span>\n\t\t<\/h5>\n\t\t<h3 class=\"cspt-fid-title\"><span>Y\u00fcr\u00fcme<br><\/span><\/h3>\n\t<\/div>\n<\/div><!-- .cspt-fld-contents -->\n<\/div>[\/vc_column_inner][vc_column_inner width=&#8221;1\/5&#8243; offset=&#8221;vc_col-lg-1\/5&#8243; cspt-responsive-css=&#8221;38725411|colbreak_no|||30||||||colbreak_no|||||||||colbreak_no||||||||||colbreak_no|||||||||&#8221; css=&#8221;.vc_custom_1716971210273{padding-right: 5px !important;}&#8221;]<div  class=\"creativesplanet-ele creativesplanet-ele-fid creativesplanet-ele-fid-style-6 \"><div class=\"cspt-fld-contents d-flex\">\n\t<div class=\"cspt-sbox-icon-wrapper\"><i class=\"fas fa-bus-alt\"><\/i><\/div>\t<div class=\"cspt-content-wrap\">\n\t\t<h5 class=\"cspt-fid-inner\">\n\t\t\t<span>%<\/span>\t\t\t<span\n\t\t\t\tclass\t\t\t\t  = \"cspt-number-rotate\"\n\t\t\t\tdata-appear-animation = \"animateDigits\"\n\t\t\t\tdata-from             = \"0\"\n\t\t\t\tdata-to               = \"31\"\n\t\t\t\tdata-interval         = \"1\"\n\t\t\t\tdata-before           = \"\"\n\t\t\t\tdata-before-style     = \"\"\n\t\t\t\tdata-after            = \"\"\n\t\t\t\tdata-after-style      = \"\"\n\t\t\t\t>\n\t\t\t\t\t31\t\t\t<\/span>\n\t\t\t<span class=\"cspt-fid-sub\"><\/span>\n\t\t<\/h5>\n\t\t<h3 class=\"cspt-fid-title\"><span>Toplu Ta\u015f\u0131ma<br><\/span><\/h3>\n\t<\/div>\n<\/div><!-- .cspt-fld-contents -->\n<\/div>[\/vc_column_inner][vc_column_inner width=&#8221;1\/5&#8243; offset=&#8221;vc_col-lg-1\/5&#8243; cspt-responsive-css=&#8221;40717055|colbreak_no|||||||||colbreak_no|||||||||colbreak_no|||30|||||||colbreak_no|||||||||&#8221; css=&#8221;.vc_custom_1716971180571{padding-right: 10px !important;}&#8221;]<div  class=\"creativesplanet-ele creativesplanet-ele-fid creativesplanet-ele-fid-style-6 \"><div class=\"cspt-fld-contents d-flex\">\n\t<div class=\"cspt-sbox-icon-wrapper\"><i class=\"fas fa-car\"><\/i><\/div>\t<div class=\"cspt-content-wrap\">\n\t\t<h5 class=\"cspt-fid-inner\">\n\t\t\t<span>%<\/span>\t\t\t<span\n\t\t\t\tclass\t\t\t\t  = \"cspt-number-rotate\"\n\t\t\t\tdata-appear-animation = \"animateDigits\"\n\t\t\t\tdata-from             = \"0\"\n\t\t\t\tdata-to               = \"25\"\n\t\t\t\tdata-interval         = \"1\"\n\t\t\t\tdata-before           = \"\"\n\t\t\t\tdata-before-style     = \"\"\n\t\t\t\tdata-after            = \"\"\n\t\t\t\tdata-after-style      = \"\"\n\t\t\t\t>\n\t\t\t\t\t25\t\t\t<\/span>\n\t\t\t<span class=\"cspt-fid-sub\"><\/span>\n\t\t<\/h5>\n\t\t<h3 class=\"cspt-fid-title\"><span>\u00d6zel Ara\u00e7<br><\/span><\/h3>\n\t<\/div>\n<\/div><!-- .cspt-fld-contents -->\n<\/div>[\/vc_column_inner][vc_column_inner width=&#8221;1\/5&#8243; offset=&#8221;vc_col-lg-1\/5&#8243; css=&#8221;.vc_custom_1716972932032{padding-right: 10px !important;}&#8221;]<div  class=\"creativesplanet-ele creativesplanet-ele-fid creativesplanet-ele-fid-style-6 \"><div class=\"cspt-fld-contents d-flex\">\n\t<div class=\"cspt-sbox-icon-wrapper\"><i class=\"fas fa-bus\"><\/i><\/div>\t<div class=\"cspt-content-wrap\">\n\t\t<h5 class=\"cspt-fid-inner\">\n\t\t\t<span>%<\/span>\t\t\t<span\n\t\t\t\tclass\t\t\t\t  = \"cspt-number-rotate\"\n\t\t\t\tdata-appear-animation = \"animateDigits\"\n\t\t\t\tdata-from             = \"0\"\n\t\t\t\tdata-to               = \"7\"\n\t\t\t\tdata-interval         = \"1\"\n\t\t\t\tdata-before           = \"\"\n\t\t\t\tdata-before-style     = \"\"\n\t\t\t\tdata-after            = \"\"\n\t\t\t\tdata-after-style      = \"\"\n\t\t\t\t>\n\t\t\t\t\t7\t\t\t<\/span>\n\t\t\t<span class=\"cspt-fid-sub\"><\/span>\n\t\t<\/h5>\n\t\t<h3 class=\"cspt-fid-title\"><span>Servis<br><\/span><\/h3>\n\t<\/div>\n<\/div><!-- .cspt-fld-contents -->\n<\/div>[\/vc_column_inner][vc_column_inner width=&#8221;1\/5&#8243; offset=&#8221;vc_col-lg-1\/5&#8243;]<div  class=\"creativesplanet-ele creativesplanet-ele-fid creativesplanet-ele-fid-style-6 \"><div class=\"cspt-fld-contents d-flex\">\n\t<div class=\"cspt-sbox-icon-wrapper\"><i class=\"fas fa-biking\"><\/i><\/div>\t<div class=\"cspt-content-wrap\">\n\t\t<h5 class=\"cspt-fid-inner\">\n\t\t\t<span>%<\/span>\t\t\t<span\n\t\t\t\tclass\t\t\t\t  = \"cspt-number-rotate\"\n\t\t\t\tdata-appear-animation = \"animateDigits\"\n\t\t\t\tdata-from             = \"0\"\n\t\t\t\tdata-to               = \"1\"\n\t\t\t\tdata-interval         = \"1\"\n\t\t\t\tdata-before           = \"\"\n\t\t\t\tdata-before-style     = \"\"\n\t\t\t\tdata-after            = \"\"\n\t\t\t\tdata-after-style      = \"\"\n\t\t\t\t>\n\t\t\t\t\t1\t\t\t<\/span>\n\t\t\t<span class=\"cspt-fid-sub\"><\/span>\n\t\t<\/h5>\n\t\t<h3 class=\"cspt-fid-title\"><span>Mikro Hareketlilik<br><\/span><\/h3>\n\t<\/div>\n<\/div><!-- .cspt-fld-contents -->\n<\/div>[\/vc_column_inner][\/vc_row_inner][\/vc_column][\/vc_row][vc_row css=&#8221;.vc_custom_1722863128686{margin-top: -300px !important;margin-bottom: -100px !important;}&#8221; cspt-responsive-css=&#8221;39636138|colbreak_no|||||||||colbreak_no|||||||||colbreak_no|20px|||||||||colbreak_no|||||||||&#8221;][vc_column][\/vc_column][\/vc_row][vc_row cspt-zindex=&#8221;2&#8243; cspt-bg-image-position=&#8221;center-top&#8221; full_width=&#8221;stretch_row&#8221; content_placement=&#8221;middle&#8221; el_class=&#8221;cspt-overflow-visible&#8221; cspt-responsive-css=&#8221;25493811|colbreak_no|||||80|30px||30px|colbreak_no|||||||||colbreak_no|50px||||70|||||colbreak_no|||||||||&#8221; css=&#8221;.vc_custom_1722863177459{padding-top: 10px !important;}&#8221;][vc_column width=&#8221;2\/3&#8243; css=&#8221;.vc_custom_1646373580327{padding-right: 55px !important;}&#8221; cspt-responsive-css=&#8221;78158410|colbreak_no||||||||0|colbreak_no||||||30|||colbreak_no|||20|||||||colbreak_no|||||||||&#8221;]<div  class=\"cspt-single-image-w cspt-single-hover-yes \"><img decoding=\"async\" width=\"2858\" height=\"2525\" src=\"https:\/\/www.sumpizmir.org\/tr\/wp-content\/uploads\/2024\/05\/SKUP-izmir-Sema2-01.png\" class=\"cspt_vc_single_image-img attachment-full\" alt=\"\" title=\"SKUp Geli\u015ftirme S\u00fcreci\" srcset=\"https:\/\/www.sumpizmir.org\/tr\/wp-content\/uploads\/2024\/05\/SKUP-izmir-Sema2-01.png 2858w, https:\/\/www.sumpizmir.org\/tr\/wp-content\/uploads\/2024\/05\/SKUP-izmir-Sema2-01-300x265.png 300w, https:\/\/www.sumpizmir.org\/tr\/wp-content\/uploads\/2024\/05\/SKUP-izmir-Sema2-01-1024x905.png 1024w, https:\/\/www.sumpizmir.org\/tr\/wp-content\/uploads\/2024\/05\/SKUP-izmir-Sema2-01-768x679.png 768w, https:\/\/www.sumpizmir.org\/tr\/wp-content\/uploads\/2024\/05\/SKUP-izmir-Sema2-01-1536x1357.png 1536w, https:\/\/www.sumpizmir.org\/tr\/wp-content\/uploads\/2024\/05\/SKUP-izmir-Sema2-01-2048x1809.png 2048w, https:\/\/www.sumpizmir.org\/tr\/wp-content\/uploads\/2024\/05\/SKUP-izmir-Sema2-01-770x680.png 770w\" sizes=\"(max-width: 2858px) 100vw, 2858px\" data-id=\"596\" \/><\/div>[\/vc_column][vc_column width=&#8221;1\/3&#8243; css=&#8221;.vc_custom_1646374212562{padding-left: 30px !important;}&#8221; cspt-responsive-css=&#8221;33678838|colbreak_no||||||0|||colbreak_no||||||||0|colbreak_no||||||||||colbreak_no|||||||||&#8221;][vc_column_text]S\u00fcrd\u00fcr\u00fclebilir kentsel hareketlilik plan\u0131, \u00e7ok \u00e7aba gerektirse de &#8220;geleneksel&#8221; ula\u015f\u0131m planlamas\u0131ndan daha iyi sonu\u00e7lar ortaya koyan uzun vadeli ve devam eden bir s\u00fcre\u00e7tir. SKUp geli\u015ftirilmesi, payda\u015flar\u0131n ilgili t\u00fcm konularda aktif kat\u0131l\u0131m\u0131yla ileti\u015fim ve kamu kat\u0131l\u0131m\u0131n\u0131n sa\u011flanmas\u0131 i\u00e7in d\u00f6ng\u00fcsel 12 ad\u0131ml\u0131 bir s\u00fcre\u00e7ten olu\u015fmaktad\u0131r. Burada ama\u00e7, \u0130zmir&#8217;in hareketlilik sorunlar\u0131n\u0131 \u00e7\u00f6zmek i\u00e7in en makul g\u00f6r\u00fc\u015f birli\u011fi \u00fczerinde anla\u015fmaya varmak ve de\u011fi\u015fim s\u00fcreci \u00fczerinde mutab\u0131k kalmakt\u0131r.[\/vc_column_text][vc_btn title=&#8221;\u0130leti\u015fime Ge\u00e7&#8221; shape=&#8221;round&#8221; size=&#8221;lg&#8221; css=&#8221;.vc_custom_1716474073502{margin-top: 5px !important;}&#8221; el_class=&#8221;cspt-shadow-btn&#8221; link=&#8221;url:https%3A%2F%2Fwww.sumpizmir.org%2Ftr%2Filetisim%2F|title:%C4%B0leti%C5%9Fime%20Ge%C3%A7|&#8221;][\/vc_column][\/vc_row][vc_row full_width=&#8221;stretch_row&#8221; disable_element=&#8221;yes&#8221; cspt-responsive-css=&#8221;91974105|colbreak_no|||||80px|30px|50px|30px|colbreak_no|||||80||70||colbreak_no|||||60px||30px|||colbreak_no|||||||||&#8221; css=&#8221;.vc_custom_1715699232638{padding-top: 100px !important;padding-bottom: 70px !important;}&#8221;][vc_column cspt-responsive-css=&#8221;11595118|colbreak_no||||||0||0|colbreak_no|||||||||colbreak_no||||||||||colbreak_no|||||||||&#8221;]<div  class=\"creativesplanet-element creativesplanet-element-blog cspt-element-blog-style-5 creativesplanet-element-viewtype-row-column cspt-sortable-no\" data-show=\"3\" data-columns=\"3\" data-loop=\"false\" data-autoplay=\"false\" data-center=\"false\" data-nav=\"false\" data-dots=\"false\" data-autoplayspeed=\"1000\" data-margin=\"\"><div class=\"creativesplanet-element-inner\"><div class=\"cspt-ele-header-area\"><\/div><div class=\"cspt-element-posts-wrapper row multi-columns-row\"><div class=\"cspt-ele cspt-blog-ele col-md-4 skup-izmir\"><article class=\"creativesplanet-ele creativesplanet-ele-blog cspt-blogbox-style-5 post-1628 post type-post status-publish format-standard has-post-thumbnail hentry category-skup-izmir\">\r\n\t<div class=\"post-item\">\r\n\t\t<div class=\"cspt-featured-container\">\r\n\t\t\t<div class=\"cspt-featured-wrapper\"><a href=\"https:\/\/www.sumpizmir.org\/tr\/2025\/04\/25\/skup-izmir-proje-kapanis-etkinligi\/\"><img decoding=\"async\" width=\"770\" height=\"580\" src=\"https:\/\/www.sumpizmir.org\/tr\/wp-content\/uploads\/2025\/04\/01-770x580.jpg\" class=\"attachment-cspt-img-770x580 size-cspt-img-770x580 wp-post-image\" alt=\"\" data-id=\"1629\" \/><\/a><\/div>\t\t\t\r\n\t\t<\/div>\r\n\t\t<div class=\"creativesplanet-box-content\">\t\r\n\t\t\t<div class=\"cspt-meta-container\">\r\n\t\t\t\t\t\t\t\t<div class=\"cspt-meta-category-wrapper cspt-meta-line\">\t\t\t\t\t\r\n\t\t\t\t\t<div class=\"cspt-meta-category\"><a href=\"https:\/\/www.sumpizmir.org\/tr\/category\/skup-izmir\/\" rel=\"category tag\">SKUp \u0130zmir<\/a><\/div>\r\n\t\t\t\t<\/div>\r\n\t\t\t\t\t\t\t<\/div>\r\n\t\t\t<h3 class=\"cspt-post-title\"><a href=\"https:\/\/www.sumpizmir.org\/tr\/2025\/04\/25\/skup-izmir-proje-kapanis-etkinligi\/\">SKUp \u0130zmir Proje Kapan\u0131\u015f Etkinli\u011fi<\/a><\/h3>\r\n\t\t\t<div class=\"creativesplanet-box-desc d-flex\">\r\n\t\t\t\t<div class=\"cspt-meta-date-wrapper cspt-meta-line\">\t\t\t\t\t\r\n\t\t\t\t\t<div class=\"cspt-meta-date\">Nis 25, 2025<\/div>\r\n\t\t\t\t<\/div>\t\t\t\t\r\n\t\t\t\t<div class=\"cspt-meta-comment-wrapper cspt-meta-line\">\t\r\n\t\t\t\t\t <span class=\"cspt-meta cspt-meta-comments\">0 Comments<\/span>\r\n\t\t\t\t<\/div>\r\n\t\t\t<\/div>\r\n\t\t<\/div>\r\n\t<\/div>\r\n<\/article>\r\n<\/div><div class=\"cspt-ele cspt-blog-ele col-md-4 skup-izmir\"><article class=\"creativesplanet-ele creativesplanet-ele-blog cspt-blogbox-style-5 post-1632 post type-post status-publish format-standard has-post-thumbnail hentry category-skup-izmir\">\r\n\t<div class=\"post-item\">\r\n\t\t<div class=\"cspt-featured-container\">\r\n\t\t\t<div class=\"cspt-featured-wrapper\"><a href=\"https:\/\/www.sumpizmir.org\/tr\/2025\/04\/24\/kentsel-hareketlilik-ve-akilli-sehirler-egitimi\/\"><img decoding=\"async\" width=\"770\" height=\"580\" src=\"https:\/\/www.sumpizmir.org\/tr\/wp-content\/uploads\/2025\/04\/01-1-770x580.jpg\" class=\"attachment-cspt-img-770x580 size-cspt-img-770x580 wp-post-image\" alt=\"\" data-id=\"1633\" \/><\/a><\/div>\t\t\t\r\n\t\t<\/div>\r\n\t\t<div class=\"creativesplanet-box-content\">\t\r\n\t\t\t<div class=\"cspt-meta-container\">\r\n\t\t\t\t\t\t\t\t<div class=\"cspt-meta-category-wrapper cspt-meta-line\">\t\t\t\t\t\r\n\t\t\t\t\t<div class=\"cspt-meta-category\"><a href=\"https:\/\/www.sumpizmir.org\/tr\/category\/skup-izmir\/\" rel=\"category tag\">SKUp \u0130zmir<\/a><\/div>\r\n\t\t\t\t<\/div>\r\n\t\t\t\t\t\t\t<\/div>\r\n\t\t\t<h3 class=\"cspt-post-title\"><a href=\"https:\/\/www.sumpizmir.org\/tr\/2025\/04\/24\/kentsel-hareketlilik-ve-akilli-sehirler-egitimi\/\">Kentsel Hareketlilik ve Ak\u0131ll\u0131 \u015eehirler E\u011fitimi<\/a><\/h3>\r\n\t\t\t<div class=\"creativesplanet-box-desc d-flex\">\r\n\t\t\t\t<div class=\"cspt-meta-date-wrapper cspt-meta-line\">\t\t\t\t\t\r\n\t\t\t\t\t<div class=\"cspt-meta-date\">Nis 24, 2025<\/div>\r\n\t\t\t\t<\/div>\t\t\t\t\r\n\t\t\t\t<div class=\"cspt-meta-comment-wrapper cspt-meta-line\">\t\r\n\t\t\t\t\t <span class=\"cspt-meta cspt-meta-comments\">0 Comments<\/span>\r\n\t\t\t\t<\/div>\r\n\t\t\t<\/div>\r\n\t\t<\/div>\r\n\t<\/div>\r\n<\/article>\r\n<\/div><div class=\"cspt-ele cspt-blog-ele col-md-4 skup-izmir\"><article class=\"creativesplanet-ele creativesplanet-ele-blog cspt-blogbox-style-5 post-1618 post type-post status-publish format-standard has-post-thumbnail hentry category-skup-izmir\">\r\n\t<div class=\"post-item\">\r\n\t\t<div class=\"cspt-featured-container\">\r\n\t\t\t<div class=\"cspt-featured-wrapper\"><a href=\"https:\/\/www.sumpizmir.org\/tr\/2025\/03\/28\/izleme-ve-degerlendirme-teknik-calistayi\/\"><img decoding=\"async\" width=\"770\" height=\"580\" src=\"https:\/\/www.sumpizmir.org\/tr\/wp-content\/uploads\/2025\/03\/Izleme-ve-Degerlendirme-Teknik-Calistayi-01-770x580.jpg\" class=\"attachment-cspt-img-770x580 size-cspt-img-770x580 wp-post-image\" alt=\"\" data-id=\"1619\" \/><\/a><\/div>\t\t\t\r\n\t\t<\/div>\r\n\t\t<div class=\"creativesplanet-box-content\">\t\r\n\t\t\t<div class=\"cspt-meta-container\">\r\n\t\t\t\t\t\t\t\t<div class=\"cspt-meta-category-wrapper cspt-meta-line\">\t\t\t\t\t\r\n\t\t\t\t\t<div class=\"cspt-meta-category\"><a href=\"https:\/\/www.sumpizmir.org\/tr\/category\/skup-izmir\/\" rel=\"category tag\">SKUp \u0130zmir<\/a><\/div>\r\n\t\t\t\t<\/div>\r\n\t\t\t\t\t\t\t<\/div>\r\n\t\t\t<h3 class=\"cspt-post-title\"><a href=\"https:\/\/www.sumpizmir.org\/tr\/2025\/03\/28\/izleme-ve-degerlendirme-teknik-calistayi\/\">\u0130zleme ve De\u011ferlendirme Teknik \u00c7al\u0131\u015ftay\u0131<\/a><\/h3>\r\n\t\t\t<div class=\"creativesplanet-box-desc d-flex\">\r\n\t\t\t\t<div class=\"cspt-meta-date-wrapper cspt-meta-line\">\t\t\t\t\t\r\n\t\t\t\t\t<div class=\"cspt-meta-date\">Mar 28, 2025<\/div>\r\n\t\t\t\t<\/div>\t\t\t\t\r\n\t\t\t\t<div class=\"cspt-meta-comment-wrapper cspt-meta-line\">\t\r\n\t\t\t\t\t <span class=\"cspt-meta cspt-meta-comments\">0 Comments<\/span>\r\n\t\t\t\t<\/div>\r\n\t\t\t<\/div>\r\n\t\t<\/div>\r\n\t<\/div>\r\n<\/article>\r\n<\/div><\/div><\/div><!-- .creativesplanet-element-inner -->   <\/div><!-- .creativesplanet-element -->  [\/vc_column][\/vc_row]<\/p>\n<\/div>","protected":false},"excerpt":{"rendered":"<p>[vc_row full_width=&#8221;stretch_row&#8221; cspt-responsive-css=&#8221;99458424|colbreak_yes||||||30px||30px|colbreak_no|||||20||||colbreak_no||||||||||colbreak_no|||||||||&#8221; el_class=&#8221;cspt-res-fid-5&#8243; css=&#8221;.vc_custom_1715353024463{padding-top: 30px !important;}&#8221;][vc_column cspt-responsive-css=&#8221;86122254|colbreak_no|||||||||colbreak_no|||||||||colbreak_no||||||||||colbreak_no|||||||||&#8221; offset=&#8221;vc_col-lg-6 vc_col-md-6&#8243;][vc_raw_html el_class=&#8221;lottie-player-img-3&#8243; css=&#8221;.vc_custom_1715353326178{margin-top: -145px !important;margin-left: 0px !important;}&#8221;]JTNDc2NyaXB0JTIwc3JjJTNEJTIyaHR0cHMlM0ElMkYlMkZ1bnBrZy5jb20lMkYlNDBkb3Rsb3R0aWUlMkZwbGF5ZXItY29tcG9uZW50JTQwbGF0ZXN0JTJGZGlzdCUyRmRvdGxvdHRpZS1wbGF5ZXIubWpzJTIyJTIwdHlwZSUzRCUyMm1vZHVsZSUyMiUzRSUzQyUyRnNjcmlwdCUzRSUyMCUwQSUzQ2RvdGxvdHRpZS1wbGF5ZXIlMjBzcmMlM0QlMjJodHRwcyUzQSUyRiUyRmxvdHRpZS5ob3N0JTJGYzJhMGU2ZWYtY2E3Yi00NGJiLWE2MjgtYjZlNTk5YjdlMDhmJTJGSnlJMXdtWFZwTi5qc29uJTIyJTIwYmFja2dyb3VuZCUzRCUyMnRyYW5zcGFyZW50JTIyJTIwc3BlZWQlM0QlMjIxJTIyJTIwc3R5bGUlM0QlMjJ3aWR0aCUzQSUyMDU1MHB4JTNCJTIwaGVpZ2h0JTNBJTIwNTUwcHglM0IlMjBtYXJnaW4tbGVmdCUzQTEwcHglM0IlMjIlMjBsb29wJTIwYXV0b3BsYXklM0UlM0MlMkZkb3Rsb3R0aWUtcGxheWVyJTNF[\/vc_raw_html][\/vc_column][vc_column css=&#8221;.vc_custom_1646373060677{padding-left: 70px !important;}&#8221; cspt-responsive-css=&#8221;34198916|colbreak_no||||||||0|colbreak_no|||||||||colbreak_no||||||||||colbreak_no|||||||||&#8221; offset=&#8221;vc_col-lg-6 vc_col-md-6&#8243;][vc_column_text css=&#8221;.vc_custom_1759317441245{margin-top: -8px !important;}&#8221;]Hareketlilik, insanlar\u0131n g\u00fcnl\u00fck ya\u015famlar\u0131 i\u00e7erisinde b\u00fcy\u00fck bir \u00f6neme sahiptir. Ancak g\u00fcn\u00fcm\u00fczde ula\u015f\u0131m, Avrupa&#8217;daki sera gaz\u0131 emisyonlar\u0131n\u0131n neredeyse d\u00f6rtte birini olu\u015fturmaktad\u0131r ve ayn\u0131 zamanda \u015fehirlerdeki hava kirlili\u011finin de ana nedenlerinden biridir. Bu sebeple, kentlerde s\u00fcrd\u00fcr\u00fclebilir hareketlili\u011fe ge\u00e7i\u015fin h\u0131zland\u0131r\u0131lmas\u0131 zorunludur.[\/vc_column_text][\/vc_column][\/vc_row][vc_row cspt-text-color=&#8221;white&#8221; cspt-bg-color=&#8221;blackish&#8221; cspt-extended-column=&#8221;last&#8221; cspt-extended-bg-image-repeat=&#8221;no&#8221; cspt-extended-bg-size=&#8221;contain&#8221; full_width=&#8221;stretch_row&#8221; content_placement=&#8221;middle&#8221; css=&#8221;.vc_custom_1722863385633{margin-top:[&hellip;]<\/p>\n","protected":false},"author":1,"featured_media":0,"parent":0,"menu_order":11,"comment_status":"closed","ping_status":"closed","template":"","meta":{"_acf_changed":false,"footnotes":""},"class_list":["post-1423","page","type-page","status-publish","hentry"],"acf":[],"_links":{"self":[{"href":"https:\/\/www.sumpizmir.org\/tr\/wp-json\/wp\/v2\/pages\/1423","targetHints":{"allow":["GET"]}}],"collection":[{"href":"https:\/\/www.sumpizmir.org\/tr\/wp-json\/wp\/v2\/pages"}],"about":[{"href":"https:\/\/www.sumpizmir.org\/tr\/wp-json\/wp\/v2\/types\/page"}],"author":[{"embeddable":true,"href":"https:\/\/www.sumpizmir.org\/tr\/wp-json\/wp\/v2\/users\/1"}],"replies":[{"embeddable":true,"href":"https:\/\/www.sumpizmir.org\/tr\/wp-json\/wp\/v2\/comments?post=1423"}],"version-history":[{"count":7,"href":"https:\/\/www.sumpizmir.org\/tr\/wp-json\/wp\/v2\/pages\/1423\/revisions"}],"predecessor-version":[{"id":1677,"href":"https:\/\/www.sumpizmir.org\/tr\/wp-json\/wp\/v2\/pages\/1423\/revisions\/1677"}],"wp:attachment":[{"href":"https:\/\/www.sumpizmir.org\/tr\/wp-json\/wp\/v2\/media?parent=1423"}],"curies":[{"name":"wp","href":"https:\/\/api.w.org\/{rel}","templated":true}]}}