{"id":1404,"date":"2022-01-08T07:32:12","date_gmt":"2022-01-08T04:32:12","guid":{"rendered":"https:\/\/www.sumpizmir.org\/tr\/homepage-6\/"},"modified":"2025-01-10T15:16:25","modified_gmt":"2025-01-10T12:16:25","slug":"homepage-6","status":"publish","type":"page","link":"https:\/\/www.sumpizmir.org\/tr\/homepage-6\/?lang=en","title":{"rendered":"Home"},"content":{"rendered":"<div class=\"wpb-content-wrapper\"><p>[vc_row cspt-bg-image-position=&#8221;center-top&#8221; cspt-extended-column=&#8221;last&#8221; cspt-extended-bg-image-repeat=&#8221;no&#8221; full_width=&#8221;stretch_row&#8221; full_height=&#8221;yes&#8221; css=&#8221;.vc_custom_1722605189598{padding-top: 230px !important;padding-bottom: 0px !important;background-image: url(http:\/\/www.sumpizmir.org\/tr\/wp-content\/uploads\/2024\/04\/City_of_Izmir.png?id=295) !important;background-position: 0 0 !important;background-repeat: no-repeat !important;}&#8221; cspt-responsive-css=&#8221;64985953|colbreak_yes|||||130|30px||30px|colbreak_no|||||80||||colbreak_yes|||||70|||||colbreak_no|||||||||&#8221;][vc_column cspt-bg-image-position=&#8221;center-top&#8221; css=&#8221;.vc_custom_1722862047461{padding-top: 15px !important;}&#8221; cspt-responsive-css=&#8221;35774095|colbreak_no|||||0|0||0|colbreak_no|||||||||colbreak_no||||||||||colbreak_no|||||||||&#8221; offset=&#8221;vc_hidden-md vc_hidden-sm vc_hidden-xs&#8221;][vc_custom_heading text=&#8221;We can achieve this with <b>Sustainable Urban Mobility Plan for Izmir<\/b>.&#8221; font_container=&#8221;tag:div|font_size:20px|text_align:left|color:%230e2f44|line_height:26px&#8221; use_theme_fonts=&#8221;yes&#8221;][vc_raw_html css=&#8221;.vc_custom_1712306067809{margin-top: -920px !important;margin-bottom: 0px !important;margin-left: -200px !important;background-position: center !important;background-repeat: no-repeat !important;background-size: contain !important;}&#8221; el_class=&#8221;lottie-player-img-1&#8243;]JTNDc2NyaXB0JTIwc3JjJTNEJTIyaHR0cHMlM0ElMkYlMkZ1bnBrZy5jb20lMkYlNDBsb3R0aWVmaWxlcyUyRmxvdHRpZS1wbGF5ZXIlNDBsYXRlc3QlMkZkaXN0JTJGbG90dGllLXBsYXllci5qcyUyMiUzRSUzQyUyRnNjcmlwdCUzRSUzQ2xvdHRpZS1wbGF5ZXIlMjBzcmMlM0QlMjJodHRwcyUzQSUyRiUyRmxvdHRpZS5ob3N0JTJGMDlhMzlhY2UtODA1ZC00YTA1LTlkOGYtY2FiOGUyMjU0MWQyJTJGZVRTT2N0cDkxNi5qc29uJTIyJTIwYmFja2dyb3VuZCUzRCUyMnRyYW5zcGFyZW50JTIyJTIwc3BlZWQlM0QlMjIxJTIyJTIwc3R5bGUlM0QlMjJ3aWR0aCUzQSUyMDE0ODBweCUzQiUyMGhlaWdodCUzQSUyMDE0ODBweCUyMiUyMGRpcmVjdGlvbiUzRCUyMjElMjIlMjBtb2RlJTNEJTIybm9ybWFsJTIyJTIwbG9vcCUyMGF1dG9wbGF5JTNFJTNDJTJGbG90dGllLXBsYXllciUzRQ==[\/vc_raw_html][\/vc_column][\/vc_row][vc_row cspt-bg-image-position=&#8221;left-center&#8221; cspt-extended-column=&#8221;last&#8221; full_width=&#8221;stretch_row&#8221; css=&#8221;.vc_custom_1722862377253{margin-top: -300px !important;padding-bottom: 0px !important;background-image: url(http:\/\/www.sumpizmir.org\/tr\/wp-content\/uploads\/2022\/04\/new-bg-03.png?id=22) !important;background-position: 0 0 !important;background-repeat: no-repeat !important;}&#8221; cspt-responsive-css=&#8221;64985953|colbreak_yes||||||30px||30px|colbreak_no|||||80||||colbreak_no|||||70|||||colbreak_no|||||||||&#8221;][vc_column width=&#8221;7\/12&#8243; css=&#8221;.vc_custom_1722861528590{padding-top: 15px !important;}&#8221; cspt-responsive-css=&#8221;35774095|colbreak_no|||||0|0||0|colbreak_no|||||||||colbreak_no||||||||||colbreak_no|||||||||&#8221;][vc_custom_heading text=&#8221;<b>Sustainable Urban Mobility Plan (SUMP)<\/b> is a revolutionary transport planning approach created by the European Union that aims to make our cities more livable, efficient and people-friendly. SUMP focuses on improving transportation options such as public transport, walking and cycling to make life easier for all of us.&#8221; font_container=&#8221;tag:div|font_size:20px|text_align:left|color:%230e2f44|line_height:26px&#8221; use_theme_fonts=&#8221;yes&#8221;][vc_btn title=&#8221;What?&#8221; shape=&#8221;round&#8221; size=&#8221;lg&#8221; css=&#8221;.vc_custom_1736511017820{margin-top: 40px !important;margin-right: 15px !important;}&#8221; link=&#8221;url:https%3A%2F%2Fwww.sumpizmir.org%2Ftr%2Foutline-of-the-sump%2F%3Flang%3Den&#8221; el_class=&#8221;cspt-shadow-btn&#8221;][vc_btn title=&#8221;Why Is It Important?&#8221; shape=&#8221;round&#8221; color=&#8221;secondarycolor&#8221; size=&#8221;lg&#8221; css=&#8221;.vc_custom_1736511167578{margin-top: 40px !important;}&#8221; link=&#8221;url:https%3A%2F%2Fwww.sumpizmir.org%2Ftr%2Fsump-izmir%2F%3Flang%3Den&#8221; el_class=&#8221;cspt-shadow-btn&#8221;][\/vc_column][vc_column width=&#8221;5\/12&#8243; cspt-responsive-css=&#8221;18382393|colbreak_no||||||0||0|colbreak_no|||||||||colbreak_no||||||||||colbreak_no|||||||||&#8221;]<div  class=\"cspt-single-image-w cspt-single-hover-yes  vc_custom_1712321521879\"><img decoding=\"async\" width=\"2200\" height=\"733\" src=\"https:\/\/www.sumpizmir.org\/tr\/wp-content\/uploads\/2024\/04\/izmir-siluet4.png\" class=\"cspt_vc_single_image-img attachment-full\" alt=\"\" title=\"izmir-siluet4\" srcset=\"https:\/\/www.sumpizmir.org\/tr\/wp-content\/uploads\/2024\/04\/izmir-siluet4.png 2200w, https:\/\/www.sumpizmir.org\/tr\/wp-content\/uploads\/2024\/04\/izmir-siluet4-300x100.png 300w, https:\/\/www.sumpizmir.org\/tr\/wp-content\/uploads\/2024\/04\/izmir-siluet4-1024x341.png 1024w, https:\/\/www.sumpizmir.org\/tr\/wp-content\/uploads\/2024\/04\/izmir-siluet4-768x256.png 768w, https:\/\/www.sumpizmir.org\/tr\/wp-content\/uploads\/2024\/04\/izmir-siluet4-1536x512.png 1536w, https:\/\/www.sumpizmir.org\/tr\/wp-content\/uploads\/2024\/04\/izmir-siluet4-2048x682.png 2048w, https:\/\/www.sumpizmir.org\/tr\/wp-content\/uploads\/2024\/04\/izmir-siluet4-770x257.png 770w\" sizes=\"(max-width: 2200px) 100vw, 2200px\" data-id=\"305\" \/><\/div>[\/vc_column][\/vc_row][vc_row css=&#8221;.vc_custom_1646304226746{padding-bottom: 80px !important;}&#8221; cspt-responsive-css=&#8221;89215097|colbreak_no||||||30px||30px|colbreak_no|||||||||colbreak_no|||||||60|||colbreak_no|||||||||&#8221;][vc_column cspt-responsive-css=&#8221;76538201|colbreak_no|||||||||colbreak_no|||||||||colbreak_no||||||||||colbreak_no|||||||||&#8221; css=&#8221;.vc_custom_1712321814558{margin-top: 100px !important;}&#8221;][vc_row_inner css=&#8221;.vc_custom_1643865079464{margin-bottom: 60px !important;}&#8221;][vc_column_inner width=&#8221;1\/4&#8243; cspt-responsive-css=&#8221;90878785|colbreak_no|||||||||colbreak_no|||||||||colbreak_no|||30|||||||colbreak_no|||||||||&#8221;][\/vc_column_inner][vc_column_inner width=&#8221;1\/4&#8243; cspt-responsive-css=&#8221;47172371|colbreak_no|||||||||colbreak_no|||||||||colbreak_no|||30|||||||colbreak_no|||||||||&#8221;][\/vc_column_inner][vc_column_inner width=&#8221;1\/4&#8243; cspt-responsive-css=&#8221;49121402|colbreak_no|||||||||colbreak_no|||||||||colbreak_no|||30|||||||colbreak_no|||||||||&#8221;][\/vc_column_inner][vc_column_inner width=&#8221;1\/4&#8243; cspt-responsive-css=&#8221;83838150|colbreak_no|||||||||colbreak_no|||||||||colbreak_no||||||||||colbreak_no|||||||||&#8221;][\/vc_column_inner][\/vc_row_inner][vc_btn title=&#8221;DETAILED INFO&#8221; shape=&#8221;round&#8221; color=&#8221;secondarycolor&#8221; size=&#8221;lg&#8221; align=&#8221;center&#8221; link=&#8221;url:https%3A%2F%2Fwww.sumpizmir.org%2Ftr%2Fabout-the-project%2F%3Flang%3Den&#8221; el_class=&#8221;cspt-shadow-btn&#8221;][\/vc_column][\/vc_row][vc_row cspt-responsive-css=&#8221;99458424|colbreak_yes|||||||||colbreak_no|||||||||colbreak_no||||||||||colbreak_no|||||||||&#8221; el_class=&#8221;cspt-res-fid-5&#8243;][vc_column cspt-bg-image-color-order=&#8221;image-over-color&#8221; cspt-extended-column=&#8221;left&#8221; css=&#8221;.vc_custom_1649160815797{padding-top: 20px !important;padding-right: 100px !important;padding-bottom: 50px !important;background-image: url(http:\/\/www.sumpizmir.org\/tr\/wp-content\/uploads\/2022\/04\/new-bg-01.png?id=17) !important;background-position: center !important;background-repeat: no-repeat !important;background-size: cover !important;}&#8221; cspt-responsive-css=&#8221;86122254|colbreak_no|||||||||colbreak_no|||||||||colbreak_no||||||||||colbreak_no|||||||||&#8221; offset=&#8221;vc_col-lg-6 vc_col-md-6&#8243;]<div  class=\"creativesplanet-ele creativesplanet-ele-fid creativesplanet-ele-fid-style-1 vc_custom_1735050194413\"><div class=\"cspt-fld-contents\">\r\n\t<div class=\"cspt-sbox-icon-wrapper\"><i class=\"cspt-greenly-icon cspt-greenly-icon-leaf\"><\/i><\/div>\t<h4 class=\"cspt-fid-inner\">\r\n\t\t<span>%<\/span>\t\t<span\r\n\t\t\tclass\t\t\t\t  = \"cspt-number-rotate\"\r\n\t\t\tdata-appear-animation = \"animateDigits\"\r\n\t\t\tdata-from             = \"0\"\r\n\t\t\tdata-to               = \"23\"\r\n\t\t\tdata-interval         = \"1\"\r\n\t\t\tdata-before           = \"\"\r\n\t\t\tdata-before-style     = \"\"\r\n\t\t\tdata-after            = \"\"\r\n\t\t\tdata-after-style      = \"\"\r\n\t\t\t>\r\n\t\t\t\t23\t\t<\/span>\r\n\t\t<span class=\"cspt-fid-sub\"><\/span>\r\n\t<\/h4>\r\n\t\t<h3 class=\"cspt-fid-title\"><span>Transportation Sector<br><\/span><\/h3>\r\n\t<\/div><!-- .cspt-fld-contents -->\r\n\r\n<\/div>[vc_raw_html css=&#8221;.vc_custom_1685430233796{margin-left: -110px !important;}&#8221; el_class=&#8221;lottie-player-img-2&#8243;]JTNDbG90dGllLXBsYXllciUyMHNyYyUzRCUyMmh0dHBzJTNBJTJGJTJGbG90dGllLmhvc3QlMkYyZGVjZjFhMy1mNzRmLTRjOTgtODgzZi1iNzc1ZDEyYjU5YmYlMkZJd3RGN3dHdGRsLmpzb24lMjIlMjBiYWNrZ3JvdW5kJTNEJTIydHJhbnNwYXJlbnQlMjIlMjBzcGVlZCUzRCUyMjElMjIlMjBzdHlsZSUzRCUyMndpZHRoJTNBJTIwMTAwJTI1JTNCJTIwaGVpZ2h0JTNBJTIwMTAwJTI1JTNCJTIyJTIwbG9vcCUyMGF1dG9wbGF5JTNFJTNDJTJGbG90dGllLXBsYXllciUzRQ==[\/vc_raw_html][\/vc_column][vc_column css=&#8221;.vc_custom_1646304268599{padding-top: 50px !important;padding-bottom: 0px !important;padding-left: 70px !important;}&#8221; cspt-responsive-css=&#8221;34198916|colbreak_no||||||45px||45px|colbreak_no|||||||||colbreak_no||||||||||colbreak_no|||||||||&#8221; offset=&#8221;vc_col-lg-6 vc_col-md-6&#8243;][vc_column_text css=&#8221;.vc_custom_1735050242336{margin-top: -8px !important;}&#8221;]Its strategic commercial location makes Izmir one of the most successful and lucrative cities in Turkiye. However, this advantage also brings with it different transportation-related problems throughout the city and in the functional urban area.[\/vc_column_text][\/vc_column][\/vc_row][vc_row css=&#8221;.vc_custom_1646303877133{padding-top: 100px !important;padding-bottom: 70px !important;}&#8221; cspt-responsive-css=&#8221;91974105|colbreak_no||||||45px||45px|colbreak_no|||||80||70||colbreak_no|||||70||60|||colbreak_no|||||||||&#8221;][vc_column cspt-responsive-css=&#8221;25042788|colbreak_no||||||0||0|colbreak_no|||||||||colbreak_no||||||||||colbreak_no|||||||||&#8221;]<div  class=\"creativesplanet-element creativesplanet-element-blog cspt-element-blog-style-5 creativesplanet-element-viewtype-row-column cspt-sortable-no\" data-show=\"3\" data-columns=\"3\" data-loop=\"false\" data-autoplay=\"false\" data-center=\"false\" data-nav=\"false\" data-dots=\"false\" data-autoplayspeed=\"1000\" data-margin=\"\"><div class=\"creativesplanet-element-inner\"><div class=\"cspt-ele-header-area\"><\/div><div class=\"cspt-element-posts-wrapper row multi-columns-row\"><div class=\"cspt-ele cspt-blog-ele col-md-4 skup-izmir\"><article class=\"creativesplanet-ele creativesplanet-ele-blog cspt-blogbox-style-5 post-1628 post type-post status-publish format-standard has-post-thumbnail hentry category-skup-izmir\">\r\n\t<div class=\"post-item\">\r\n\t\t<div class=\"cspt-featured-container\">\r\n\t\t\t<div class=\"cspt-featured-wrapper\"><a href=\"https:\/\/www.sumpizmir.org\/tr\/2025\/04\/25\/skup-izmir-proje-kapanis-etkinligi\/\"><img decoding=\"async\" width=\"770\" height=\"580\" src=\"https:\/\/www.sumpizmir.org\/tr\/wp-content\/uploads\/2025\/04\/01-770x580.jpg\" class=\"attachment-cspt-img-770x580 size-cspt-img-770x580 wp-post-image\" alt=\"\" data-id=\"1629\" \/><\/a><\/div>\t\t\t\r\n\t\t<\/div>\r\n\t\t<div class=\"creativesplanet-box-content\">\t\r\n\t\t\t<div class=\"cspt-meta-container\">\r\n\t\t\t\t\t\t\t\t<div class=\"cspt-meta-category-wrapper cspt-meta-line\">\t\t\t\t\t\r\n\t\t\t\t\t<div class=\"cspt-meta-category\"><a href=\"https:\/\/www.sumpizmir.org\/tr\/category\/skup-izmir\/\" rel=\"category tag\">SKUp \u0130zmir<\/a><\/div>\r\n\t\t\t\t<\/div>\r\n\t\t\t\t\t\t\t<\/div>\r\n\t\t\t<h3 class=\"cspt-post-title\"><a href=\"https:\/\/www.sumpizmir.org\/tr\/2025\/04\/25\/skup-izmir-proje-kapanis-etkinligi\/\">SKUp \u0130zmir Proje Kapan\u0131\u015f Etkinli\u011fi<\/a><\/h3>\r\n\t\t\t<div class=\"creativesplanet-box-desc d-flex\">\r\n\t\t\t\t<div class=\"cspt-meta-date-wrapper cspt-meta-line\">\t\t\t\t\t\r\n\t\t\t\t\t<div class=\"cspt-meta-date\">Nis 25, 2025<\/div>\r\n\t\t\t\t<\/div>\t\t\t\t\r\n\t\t\t\t<div class=\"cspt-meta-comment-wrapper cspt-meta-line\">\t\r\n\t\t\t\t\t <span class=\"cspt-meta cspt-meta-comments\">0 Comments<\/span>\r\n\t\t\t\t<\/div>\r\n\t\t\t<\/div>\r\n\t\t<\/div>\r\n\t<\/div>\r\n<\/article>\r\n<\/div><div class=\"cspt-ele cspt-blog-ele col-md-4 skup-izmir\"><article class=\"creativesplanet-ele creativesplanet-ele-blog cspt-blogbox-style-5 post-1632 post type-post status-publish format-standard has-post-thumbnail hentry category-skup-izmir\">\r\n\t<div class=\"post-item\">\r\n\t\t<div class=\"cspt-featured-container\">\r\n\t\t\t<div class=\"cspt-featured-wrapper\"><a href=\"https:\/\/www.sumpizmir.org\/tr\/2025\/04\/24\/kentsel-hareketlilik-ve-akilli-sehirler-egitimi\/\"><img decoding=\"async\" width=\"770\" height=\"580\" src=\"https:\/\/www.sumpizmir.org\/tr\/wp-content\/uploads\/2025\/04\/01-1-770x580.jpg\" class=\"attachment-cspt-img-770x580 size-cspt-img-770x580 wp-post-image\" alt=\"\" data-id=\"1633\" \/><\/a><\/div>\t\t\t\r\n\t\t<\/div>\r\n\t\t<div class=\"creativesplanet-box-content\">\t\r\n\t\t\t<div class=\"cspt-meta-container\">\r\n\t\t\t\t\t\t\t\t<div class=\"cspt-meta-category-wrapper cspt-meta-line\">\t\t\t\t\t\r\n\t\t\t\t\t<div class=\"cspt-meta-category\"><a href=\"https:\/\/www.sumpizmir.org\/tr\/category\/skup-izmir\/\" rel=\"category tag\">SKUp \u0130zmir<\/a><\/div>\r\n\t\t\t\t<\/div>\r\n\t\t\t\t\t\t\t<\/div>\r\n\t\t\t<h3 class=\"cspt-post-title\"><a href=\"https:\/\/www.sumpizmir.org\/tr\/2025\/04\/24\/kentsel-hareketlilik-ve-akilli-sehirler-egitimi\/\">Kentsel Hareketlilik ve Ak\u0131ll\u0131 \u015eehirler E\u011fitimi<\/a><\/h3>\r\n\t\t\t<div class=\"creativesplanet-box-desc d-flex\">\r\n\t\t\t\t<div class=\"cspt-meta-date-wrapper cspt-meta-line\">\t\t\t\t\t\r\n\t\t\t\t\t<div class=\"cspt-meta-date\">Nis 24, 2025<\/div>\r\n\t\t\t\t<\/div>\t\t\t\t\r\n\t\t\t\t<div class=\"cspt-meta-comment-wrapper cspt-meta-line\">\t\r\n\t\t\t\t\t <span class=\"cspt-meta cspt-meta-comments\">0 Comments<\/span>\r\n\t\t\t\t<\/div>\r\n\t\t\t<\/div>\r\n\t\t<\/div>\r\n\t<\/div>\r\n<\/article>\r\n<\/div><div class=\"cspt-ele cspt-blog-ele col-md-4 skup-izmir\"><article class=\"creativesplanet-ele creativesplanet-ele-blog cspt-blogbox-style-5 post-1618 post type-post status-publish format-standard has-post-thumbnail hentry category-skup-izmir\">\r\n\t<div class=\"post-item\">\r\n\t\t<div class=\"cspt-featured-container\">\r\n\t\t\t<div class=\"cspt-featured-wrapper\"><a href=\"https:\/\/www.sumpizmir.org\/tr\/2025\/03\/28\/izleme-ve-degerlendirme-teknik-calistayi\/\"><img decoding=\"async\" width=\"770\" height=\"580\" src=\"https:\/\/www.sumpizmir.org\/tr\/wp-content\/uploads\/2025\/03\/Izleme-ve-Degerlendirme-Teknik-Calistayi-01-770x580.jpg\" class=\"attachment-cspt-img-770x580 size-cspt-img-770x580 wp-post-image\" alt=\"\" data-id=\"1619\" \/><\/a><\/div>\t\t\t\r\n\t\t<\/div>\r\n\t\t<div class=\"creativesplanet-box-content\">\t\r\n\t\t\t<div class=\"cspt-meta-container\">\r\n\t\t\t\t\t\t\t\t<div class=\"cspt-meta-category-wrapper cspt-meta-line\">\t\t\t\t\t\r\n\t\t\t\t\t<div class=\"cspt-meta-category\"><a href=\"https:\/\/www.sumpizmir.org\/tr\/category\/skup-izmir\/\" rel=\"category tag\">SKUp \u0130zmir<\/a><\/div>\r\n\t\t\t\t<\/div>\r\n\t\t\t\t\t\t\t<\/div>\r\n\t\t\t<h3 class=\"cspt-post-title\"><a href=\"https:\/\/www.sumpizmir.org\/tr\/2025\/03\/28\/izleme-ve-degerlendirme-teknik-calistayi\/\">\u0130zleme ve De\u011ferlendirme Teknik \u00c7al\u0131\u015ftay\u0131<\/a><\/h3>\r\n\t\t\t<div class=\"creativesplanet-box-desc d-flex\">\r\n\t\t\t\t<div class=\"cspt-meta-date-wrapper cspt-meta-line\">\t\t\t\t\t\r\n\t\t\t\t\t<div class=\"cspt-meta-date\">Mar 28, 2025<\/div>\r\n\t\t\t\t<\/div>\t\t\t\t\r\n\t\t\t\t<div class=\"cspt-meta-comment-wrapper cspt-meta-line\">\t\r\n\t\t\t\t\t <span class=\"cspt-meta cspt-meta-comments\">0 Comments<\/span>\r\n\t\t\t\t<\/div>\r\n\t\t\t<\/div>\r\n\t\t<\/div>\r\n\t<\/div>\r\n<\/article>\r\n<\/div><\/div><\/div><!-- .creativesplanet-element-inner -->   <\/div><!-- .creativesplanet-element -->  [vc_btn title=&#8221;All News&#8221; shape=&#8221;round&#8221; color=&#8221;secondarycolor&#8221; size=&#8221;lg&#8221; align=&#8221;center&#8221; css=&#8221;.vc_custom_1736511079951{margin-top: 5px !important;}&#8221; el_class=&#8221;cspt-shadow-btn&#8221; link=&#8221;url:https%3A%2F%2Fwww.sumpizmir.org%2Ftr%2Fnews%2F%3Flang%3Den|title:Geli%C5%9Fmeler&#8221;][\/vc_column][\/vc_row][vc_row cspt-bg-color=&#8221;white&#8221; full_width=&#8221;stretch_row_content_no_spaces&#8221; gap=&#8221;15&#8243; css=&#8221;.vc_custom_1722865158881{margin-bottom: -100px !important;padding-right: 90px !important;padding-left: 90px !important;}&#8221; cspt-responsive-css=&#8221;32001171|colbreak_no|||||||||colbreak_no||||||5px||5px|colbreak_no||||||15px||15px||colbreak_no|||||||||&#8221;][vc_column width=&#8221;1\/3&#8243;][vc_column_text]<\/p>\n<h2>Move to the Future!<\/h2>\n<p><img decoding=\"async\" class=\" wp-image-1235 alignleft\" src=\"http:\/\/www.sumpizmir.org\/tr\/wp-content\/uploads\/2024\/04\/sumpizmir-logo-e1736435011841-300x51.png\" alt=\"\" width=\"329\" height=\"56\" srcset=\"https:\/\/www.sumpizmir.org\/tr\/wp-content\/uploads\/2024\/04\/sumpizmir-logo-e1736435011841-300x51.png 300w, https:\/\/www.sumpizmir.org\/tr\/wp-content\/uploads\/2024\/04\/sumpizmir-logo-e1736435011841-1024x174.png 1024w, https:\/\/www.sumpizmir.org\/tr\/wp-content\/uploads\/2024\/04\/sumpizmir-logo-e1736435011841-768x130.png 768w, https:\/\/www.sumpizmir.org\/tr\/wp-content\/uploads\/2024\/04\/sumpizmir-logo-e1736435011841-1536x261.png 1536w, https:\/\/www.sumpizmir.org\/tr\/wp-content\/uploads\/2024\/04\/sumpizmir-logo-e1736435011841-770x131.png 770w, https:\/\/www.sumpizmir.org\/tr\/wp-content\/uploads\/2024\/04\/sumpizmir-logo-e1736435011841.png 1602w\" sizes=\"(max-width: 329px) 100vw, 329px\" \/><\/p>\n<p>&nbsp;<\/p>\n<p>&nbsp;<\/p>\n<p>[\/vc_column_text][vc_column_text]<a href=\"https:\/\/www.instagram.com\/sumpizmir\/\" target=\"_blank\" rel=\"noopener\"><img decoding=\"async\" class=\"alignnone wp-image-1278\" src=\"http:\/\/www.sumpizmir.org\/tr\/wp-content\/uploads\/2024\/04\/006-instagram.png\" alt=\"\" width=\"36\" height=\"36\" srcset=\"https:\/\/www.sumpizmir.org\/tr\/wp-content\/uploads\/2024\/04\/006-instagram.png 256w, https:\/\/www.sumpizmir.org\/tr\/wp-content\/uploads\/2024\/04\/006-instagram-150x150.png 150w\" sizes=\"(max-width: 36px) 100vw, 36px\" \/><\/a><a href=\"https:\/\/www.linkedin.com\/company\/sumpizmir\/\" target=\"_blank\" rel=\"noopener\"><img decoding=\"async\" class=\"alignnone wp-image-1279\" src=\"http:\/\/www.sumpizmir.org\/tr\/wp-content\/uploads\/2024\/04\/007-linkedin.png\" alt=\"\" width=\"36\" height=\"36\" srcset=\"https:\/\/www.sumpizmir.org\/tr\/wp-content\/uploads\/2024\/04\/007-linkedin.png 256w, https:\/\/www.sumpizmir.org\/tr\/wp-content\/uploads\/2024\/04\/007-linkedin-150x150.png 150w\" sizes=\"(max-width: 36px) 100vw, 36px\" \/><\/a><a href=\"https:\/\/www.youtube.com\/channel\/UCQn3j_t9x0kAW-SGcsmWQ_A\" target=\"_blank\" rel=\"noopener\"><img decoding=\"async\" class=\"alignnone wp-image-1280\" src=\"http:\/\/www.sumpizmir.org\/tr\/wp-content\/uploads\/2024\/04\/008-youtube.png\" alt=\"\" width=\"36\" height=\"36\" srcset=\"https:\/\/www.sumpizmir.org\/tr\/wp-content\/uploads\/2024\/04\/008-youtube.png 256w, https:\/\/www.sumpizmir.org\/tr\/wp-content\/uploads\/2024\/04\/008-youtube-150x150.png 150w\" sizes=\"(max-width: 36px) 100vw, 36px\" \/><\/a><a href=\"https:\/\/twitter.com\/sumpizmir\" target=\"_blank\" rel=\"noopener\"><img decoding=\"async\" class=\"alignnone wp-image-1281\" src=\"http:\/\/www.sumpizmir.org\/tr\/wp-content\/uploads\/2024\/04\/009-twitter.png\" alt=\"\" width=\"36\" height=\"36\" srcset=\"https:\/\/www.sumpizmir.org\/tr\/wp-content\/uploads\/2024\/04\/009-twitter.png 256w, https:\/\/www.sumpizmir.org\/tr\/wp-content\/uploads\/2024\/04\/009-twitter-150x150.png 150w\" sizes=\"(max-width: 36px) 100vw, 36px\" \/><\/a>[\/vc_column_text][\/vc_column][vc_column width=&#8221;1\/3&#8243;][\/vc_column][vc_column width=&#8221;1\/3&#8243; css=&#8221;.vc_custom_1713191442429{padding-left: 40px !important;}&#8221;][vc_raw_html]JTNDZGl2JTIwY2xhc3MlM0QlMjJtYzR3cC1mb3JtLXN0eWxlLTElMjIlM0UlMEElMjAlMjAlM0NwJTNFJTBBU3Vic2NyaWJlJTIwdG8lMjBvdXIlMjBuZXdzbGV0dGVyJTIwYW5kJTIwc3RheSUyMHVwLXRvLWRhdGUlMjElMjAlMjAlM0MlMkZwJTNFJTBBJTIwJTIwJTNDaW5wdXQlMjB0eXBlJTNEJTIyZW1haWwlMjIlMjBuYW1lJTNEJTIyRU1BSUwlMjIlMjBwbGFjZWhvbGRlciUzRCUyMkUtbWFpbCUyMiUyMHJlcXVpcmVkJTIwJTJGJTNFJTNDJTJGYnIlM0UlMEElMjAlMjAlM0NidXR0b24lMjBjbGFzcyUzRCUyMmJ0biUyMiUyMHR5cGUlM0QlMjJzdWJtaXQlMjIlM0VTdWJzY3JpYmUlM0MlMkZidXR0b24lM0UlMEElM0MlMkZkaXYlM0U=[\/vc_raw_html][\/vc_column][\/vc_row]<\/p>\n<\/div>","protected":false},"excerpt":{"rendered":"<p>[vc_row cspt-bg-image-position=&#8221;center-top&#8221; cspt-extended-column=&#8221;last&#8221; cspt-extended-bg-image-repeat=&#8221;no&#8221; full_width=&#8221;stretch_row&#8221; full_height=&#8221;yes&#8221; css=&#8221;.vc_custom_1722605189598{padding-top: 230px !important;padding-bottom: 0px !important;background-image: url(http:\/\/www.sumpizmir.org\/tr\/wp-content\/uploads\/2024\/04\/City_of_Izmir.png?id=295) !important;background-position: 0 0 !important;background-repeat: no-repeat !important;}&#8221; cspt-responsive-css=&#8221;64985953|colbreak_yes|||||130|30px||30px|colbreak_no|||||80||||colbreak_yes|||||70|||||colbreak_no|||||||||&#8221;][vc_column cspt-bg-image-position=&#8221;center-top&#8221; css=&#8221;.vc_custom_1722862047461{padding-top: 15px !important;}&#8221; cspt-responsive-css=&#8221;35774095|colbreak_no|||||0|0||0|colbreak_no|||||||||colbreak_no||||||||||colbreak_no|||||||||&#8221; offset=&#8221;vc_hidden-md vc_hidden-sm vc_hidden-xs&#8221;][vc_custom_heading text=&#8221;We can achieve this with Sustainable Urban Mobility Plan for Izmir.&#8221; font_container=&#8221;tag:div|font_size:20px|text_align:left|color:%230e2f44|line_height:26px&#8221; use_theme_fonts=&#8221;yes&#8221;][vc_raw_html css=&#8221;.vc_custom_1712306067809{margin-top: -920px !important;margin-bottom: 0px !important;margin-left: -200px !important;background-position: center !important;background-repeat: no-repeat !important;background-size: contain !important;}&#8221; el_class=&#8221;lottie-player-img-1&#8243;]JTNDc2NyaXB0JTIwc3JjJTNEJTIyaHR0cHMlM0ElMkYlMkZ1bnBrZy5jb20lMkYlNDBsb3R0aWVmaWxlcyUyRmxvdHRpZS1wbGF5ZXIlNDBsYXRlc3QlMkZkaXN0JTJGbG90dGllLXBsYXllci5qcyUyMiUzRSUzQyUyRnNjcmlwdCUzRSUzQ2xvdHRpZS1wbGF5ZXIlMjBzcmMlM0QlMjJodHRwcyUzQSUyRiUyRmxvdHRpZS5ob3N0JTJGMDlhMzlhY2UtODA1ZC00YTA1LTlkOGYtY2FiOGUyMjU0MWQyJTJGZVRTT2N0cDkxNi5qc29uJTIyJTIwYmFja2dyb3VuZCUzRCUyMnRyYW5zcGFyZW50JTIyJTIwc3BlZWQlM0QlMjIxJTIyJTIwc3R5bGUlM0QlMjJ3aWR0aCUzQSUyMDE0ODBweCUzQiUyMGhlaWdodCUzQSUyMDE0ODBweCUyMiUyMGRpcmVjdGlvbiUzRCUyMjElMjIlMjBtb2RlJTNEJTIybm9ybWFsJTIyJTIwbG9vcCUyMGF1dG9wbGF5JTNFJTNDJTJGbG90dGllLXBsYXllciUzRQ==[\/vc_raw_html][\/vc_column][\/vc_row][vc_row cspt-bg-image-position=&#8221;left-center&#8221; cspt-extended-column=&#8221;last&#8221; full_width=&#8221;stretch_row&#8221; css=&#8221;.vc_custom_1722862377253{margin-top: -300px !important;padding-bottom: 0px !important;background-image: url(http:\/\/www.sumpizmir.org\/tr\/wp-content\/uploads\/2022\/04\/new-bg-03.png?id=22) !important;background-position: 0 0 !important;background-repeat: no-repeat !important;}&#8221; cspt-responsive-css=&#8221;64985953|colbreak_yes||||||30px||30px|colbreak_no|||||80||||colbreak_no|||||70|||||colbreak_no|||||||||&#8221;][vc_column[&hellip;]<\/p>\n","protected":false},"author":1,"featured_media":0,"parent":0,"menu_order":6,"comment_status":"closed","ping_status":"closed","template":"","meta":{"_acf_changed":false,"footnotes":""},"class_list":["post-1404","page","type-page","status-publish","hentry"],"acf":[],"_links":{"self":[{"href":"https:\/\/www.sumpizmir.org\/tr\/wp-json\/wp\/v2\/pages\/1404","targetHints":{"allow":["GET"]}}],"collection":[{"href":"https:\/\/www.sumpizmir.org\/tr\/wp-json\/wp\/v2\/pages"}],"about":[{"href":"https:\/\/www.sumpizmir.org\/tr\/wp-json\/wp\/v2\/types\/page"}],"author":[{"embeddable":true,"href":"https:\/\/www.sumpizmir.org\/tr\/wp-json\/wp\/v2\/users\/1"}],"replies":[{"embeddable":true,"href":"https:\/\/www.sumpizmir.org\/tr\/wp-json\/wp\/v2\/comments?post=1404"}],"version-history":[{"count":20,"href":"https:\/\/www.sumpizmir.org\/tr\/wp-json\/wp\/v2\/pages\/1404\/revisions"}],"predecessor-version":[{"id":1552,"href":"https:\/\/www.sumpizmir.org\/tr\/wp-json\/wp\/v2\/pages\/1404\/revisions\/1552"}],"wp:attachment":[{"href":"https:\/\/www.sumpizmir.org\/tr\/wp-json\/wp\/v2\/media?parent=1404"}],"curies":[{"name":"wp","href":"https:\/\/api.w.org\/{rel}","templated":true}]}}